{"id":11911,"date":"2026-02-10T17:36:51","date_gmt":"2026-02-10T17:36:51","guid":{"rendered":"https:\/\/alphazulu.es\/?post_type=product&#038;p=11911"},"modified":"2026-03-03T16:41:57","modified_gmt":"2026-03-03T16:41:57","slug":"cabina-catamaran-grecia-lefkada-2-pax","status":"publish","type":"product","link":"https:\/\/alphazulu.es\/es\/product\/cabina-catamaran-grecia-lefkada-2-pax\/","title":{"rendered":"Cabina Catamar\u00e1n (Grecia, Lefkada) 2 PAX"},"content":{"rendered":"<div class=\"wpb-content-wrapper\"><p>[vc_row gap=\u00bb35&#8243; equal_height=\u00bbyes\u00bb content_placement=\u00bbtop\u00bb enable_surfer_icon=\u00bbno\u00bb css=\u00bb.vc_custom_1770808101209{padding-top: 30px !important;}\u00bb][vc_column width=\u00bb1\/2&#8243; offset=\u00bbvc_col-xs-12&#8243;][vc_row_inner content_placement=\u00bbmiddle\u00bb css=\u00bb.vc_custom_1738615360963{margin-top: 30px !important;padding-top: 10px !important;padding-right: 10px !important;padding-bottom: 20px !important;padding-left: 10px !important;background-color: #001c56 !important;}\u00bb][vc_column_inner width=\u00bb1\/2&#8243;][vc_column_text css=\u00bb\u00bb]<\/p>\n<h4 style=\"margin-bottom: 5px; text-align: center; color: #00ccef;\">La Cabina<\/h4>\n<p style=\"text-align: center;\"><span style=\"font-size: 13px; padding: 15px 5px 25px 5px; color: #ffffff;\"><em>C\u00f3moda, funcional y perfecta para descansar despu\u00e9s de cada d\u00eda de navegaci\u00f3n.<\/em><\/span><\/p>\n<p style=\"text-align: center;\"><i class=\"qodef-icon-font-awesome fa fa-user-group \" style=\"font-size: 15px; color: #00ccef;\"><\/i> <span style=\"font-size: 15px; padding: 10px 0 0 10px; color: #ffffff;\">Cabina doble privada para 2 PAX<\/span><\/p>\n<p style=\"text-align: center;\"><i class=\"qodef-icon-font-awesome fa fa-suitcase-rolling \" style=\"font-size: 15px; color: #00ccef;\"><\/i> <span style=\"font-size: 15px; padding: 10px 0 0 10px; color: #ffffff;\">Espacio de guardado<\/span><\/p>\n<p style=\"text-align: center;\"><i class=\"qodef-icon-font-awesome fa fa-sun \" style=\"font-size: 15px; color: #00ccef;\"><\/i> <span style=\"font-size: 15px; padding: 10px 0 0 10px; color: #ffffff;\">Ventilaci\u00f3n natural + escotillas<\/span><\/p>\n<p style=\"text-align: center;\"><i class=\"qodef-icon-font-awesome fa fa-shower \" style=\"font-size: 15px; color: #00ccef;\"><\/i> <span style=\"font-size: 15px; padding: 10px 0 0 10px; color: #ffffff;\">Ba\u00f1o en suite<\/span><\/p>\n<p style=\"text-align: center;\"><i class=\"qodef-icon-font-awesome fa fa-bed \" style=\"font-size: 15px; color: #00ccef;\"><\/i> <span style=\"font-size: 15px; padding: 10px 0 0 10px; color: #ffffff;\">Ropa de cama incluida<\/span><\/p>\n<p>[\/vc_column_text][vc_empty_space height=\u00bb20px\u00bb][\/vc_column_inner][vc_column_inner width=\u00bb1\/2&#8243;][vc_column_text css=\u00bb\u00bb]<\/p>\n<h4 style=\"margin-bottom: 5px; text-align: center; color: #00ccef;\">\u00bfD\u00f3nde?<\/h4>\n<p style=\"text-align: center;\"><i class=\"qodef-icon-font-awesome fa fa-map-pin \" style=\"font-size: 15px; color: #00ccef;\"><\/i> <span style=\"font-size: 15px; color: #ffffff;\">Islas Ionias, Grecia<\/span><\/p>\n<p>[\/vc_column_text][vc_empty_space height=\u00bb20px\u00bb][vc_gmaps link=\u00bb#E-8_JTNDaWZyYW1lJTIwc3JjJTNEJTIyaHR0cHMlM0ElMkYlMkZ3d3cuZ29vZ2xlLmNvbSUyRm1hcHMlMkZlbWJlZCUzRnBiJTNEJTIxMW0xNCUyMTFtMTIlMjExbTMlMjExZDM2ODg0Ny4yMzMxODQ3NDkyNiUyMTJkMjAuNjAyNzI3NTEwNzA0OTEzJTIxM2QzOC41MDEzODY1MzA5Nzg3OCUyMTJtMyUyMTFmMCUyMTJmMCUyMTNmMCUyMTNtMiUyMTFpMTAyNCUyMTJpNzY4JTIxNGYxMy4xJTIxNWUwJTIxM20yJTIxMXNlcy00MTklMjEyc2VzJTIxNHYxNzcwODA3NTYxODc3JTIxNW0yJTIxMXNlcy00MTklMjEyc2VzJTIyJTIwd2lkdGglM0QlMjIxMDAlMjUlMjIlMjBoZWlnaHQlM0QlMjIlMjIlMjBzdHlsZSUzRCUyMmJvcmRlciUzQTAlM0IlMjIlMjBhbGxvd2Z1bGxzY3JlZW4lM0QlMjIlMjIlMjBsb2FkaW5nJTNEJTIybGF6eSUyMiUyMHJlZmVycmVycG9saWN5JTNEJTIybm8tcmVmZXJyZXItd2hlbi1kb3duZ3JhZGUlMjIlM0UlM0MlMkZpZnJhbWUlM0U=\u00bb size=\u00bb250&#8243; css=\u00bb.vc_custom_1770807585240{padding-top: 10px !important;padding-right: 10px !important;padding-bottom: 10px !important;padding-left: 10px !important;}\u00bb][\/vc_column_inner][\/vc_row_inner][\/vc_column][vc_column width=\u00bb1\/2&#8243; offset=\u00bbvc_col-xs-12&#8243;][vc_row_inner css=\u00bb.vc_custom_1738677295915{padding-top: 5% !important;padding-right: 5% !important;padding-bottom: 5% !important;padding-left: 5% !important;background-color: #f7f7f7 !important;}\u00bb][vc_column_inner][vc_column_text css=\u00bb\u00bb]<\/p>\n<h3 style=\"font-weight: bold;\">LA EMBARCACI\u00d3N<\/h3>\n<p><span style=\"font-size: 15px;\">Navegamos con un <strong>grupo reducido (8 PAX)<\/strong> en un velero tipo <a href=\"https:\/\/alphazulu.es\/yacht\/lagoon-42\/\" target=\"_blank\" rel=\"noopener\">Lagoon 42<\/a> o similar, un <strong>catamar\u00e1n moderno<\/strong> pensado para combinar navegaci\u00f3n aut\u00e9ntica con buen confort. <\/span><\/p>\n<p><span style=\"font-size: 15px;\">La distribuci\u00f3n de cabinas en esta gama es amplia: Cabina doble, gran espacio deguardado, <strong>ba\u00f1o en suite<\/strong>, ventanas con vista y ventilaci\u00f3n por escotillas entre otras comodidades.<\/span>[\/vc_column_text][vc_empty_space height=\u00bb30px\u00bb]<div class=\"qodef-image-gallery qodef-grid-list qodef-disable-bottom-space  qodef-ig-grid-type qodef-four-columns qodef-tiny-space  \">\n\t<div class=\"qodef-ig-inner qodef-outer-space\">\n\t\t\t\t\t<div class=\"qodef-ig-image qodef-item-space\">\n\t\t\t\t<div class=\"qodef-ig-image-inner\">\n\t\t\t\t\t\t\t\t\t\t\t<img loading=\"lazy\" decoding=\"async\" width=\"1007\" height=\"556\" src=\"https:\/\/alphazulu.es\/wp-content\/uploads\/2024\/01\/new-3-cabines.png\" class=\"attachment-full size-full\" alt=\"\" srcset=\"https:\/\/alphazulu.es\/wp-content\/uploads\/2024\/01\/new-3-cabines.png 1007w, https:\/\/alphazulu.es\/wp-content\/uploads\/2024\/01\/new-3-cabines-300x166.png 300w, https:\/\/alphazulu.es\/wp-content\/uploads\/2024\/01\/new-3-cabines-768x424.png 768w, https:\/\/alphazulu.es\/wp-content\/uploads\/2024\/01\/new-3-cabines-600x331.png 600w\" sizes=\"auto, (max-width: 1007px) 100vw, 1007px\" \/>\t\t\t\t\t\t\t\t\t<\/div>\n\t\t\t<\/div>\n\t\t\t\t\t<div class=\"qodef-ig-image qodef-item-space\">\n\t\t\t\t<div class=\"qodef-ig-image-inner\">\n\t\t\t\t\t\t\t\t\t\t\t<img loading=\"lazy\" decoding=\"async\" width=\"1920\" height=\"1280\" src=\"https:\/\/alphazulu.es\/wp-content\/uploads\/2026\/01\/slider-lagoon-43-11.jpg\" class=\"attachment-full size-full\" alt=\"\" srcset=\"https:\/\/alphazulu.es\/wp-content\/uploads\/2026\/01\/slider-lagoon-43-11.jpg 1920w, https:\/\/alphazulu.es\/wp-content\/uploads\/2026\/01\/slider-lagoon-43-11-300x200.jpg 300w, https:\/\/alphazulu.es\/wp-content\/uploads\/2026\/01\/slider-lagoon-43-11-1024x683.jpg 1024w, https:\/\/alphazulu.es\/wp-content\/uploads\/2026\/01\/slider-lagoon-43-11-768x512.jpg 768w, https:\/\/alphazulu.es\/wp-content\/uploads\/2026\/01\/slider-lagoon-43-11-1536x1024.jpg 1536w, https:\/\/alphazulu.es\/wp-content\/uploads\/2026\/01\/slider-lagoon-43-11-600x400.jpg 600w, https:\/\/alphazulu.es\/wp-content\/uploads\/2026\/01\/slider-lagoon-43-11-500x333.jpg 500w, https:\/\/alphazulu.es\/wp-content\/uploads\/2026\/01\/slider-lagoon-43-11-800x533.jpg 800w, https:\/\/alphazulu.es\/wp-content\/uploads\/2026\/01\/slider-lagoon-43-11-1280x853.jpg 1280w\" sizes=\"auto, (max-width: 1920px) 100vw, 1920px\" \/>\t\t\t\t\t\t\t\t\t<\/div>\n\t\t\t<\/div>\n\t\t\t\t\t<div class=\"qodef-ig-image qodef-item-space\">\n\t\t\t\t<div class=\"qodef-ig-image-inner\">\n\t\t\t\t\t\t\t\t\t\t\t<img loading=\"lazy\" decoding=\"async\" width=\"1920\" height=\"1280\" src=\"https:\/\/alphazulu.es\/wp-content\/uploads\/2026\/01\/slider-lagoon-43-13.jpg\" class=\"attachment-full size-full\" alt=\"\" srcset=\"https:\/\/alphazulu.es\/wp-content\/uploads\/2026\/01\/slider-lagoon-43-13.jpg 1920w, https:\/\/alphazulu.es\/wp-content\/uploads\/2026\/01\/slider-lagoon-43-13-300x200.jpg 300w, https:\/\/alphazulu.es\/wp-content\/uploads\/2026\/01\/slider-lagoon-43-13-1024x683.jpg 1024w, https:\/\/alphazulu.es\/wp-content\/uploads\/2026\/01\/slider-lagoon-43-13-768x512.jpg 768w, https:\/\/alphazulu.es\/wp-content\/uploads\/2026\/01\/slider-lagoon-43-13-1536x1024.jpg 1536w, https:\/\/alphazulu.es\/wp-content\/uploads\/2026\/01\/slider-lagoon-43-13-600x400.jpg 600w, https:\/\/alphazulu.es\/wp-content\/uploads\/2026\/01\/slider-lagoon-43-13-500x333.jpg 500w, https:\/\/alphazulu.es\/wp-content\/uploads\/2026\/01\/slider-lagoon-43-13-800x533.jpg 800w, https:\/\/alphazulu.es\/wp-content\/uploads\/2026\/01\/slider-lagoon-43-13-1280x853.jpg 1280w\" sizes=\"auto, (max-width: 1920px) 100vw, 1920px\" \/>\t\t\t\t\t\t\t\t\t<\/div>\n\t\t\t<\/div>\n\t\t\t\t\t<div class=\"qodef-ig-image qodef-item-space\">\n\t\t\t\t<div class=\"qodef-ig-image-inner\">\n\t\t\t\t\t\t\t\t\t\t\t<img loading=\"lazy\" decoding=\"async\" width=\"1196\" height=\"896\" src=\"https:\/\/alphazulu.es\/wp-content\/uploads\/2024\/01\/Lagoon-42-cockpit.jpg\" class=\"attachment-full size-full\" alt=\"\" srcset=\"https:\/\/alphazulu.es\/wp-content\/uploads\/2024\/01\/Lagoon-42-cockpit.jpg 1196w, https:\/\/alphazulu.es\/wp-content\/uploads\/2024\/01\/Lagoon-42-cockpit-300x225.jpg 300w, https:\/\/alphazulu.es\/wp-content\/uploads\/2024\/01\/Lagoon-42-cockpit-1024x767.jpg 1024w, https:\/\/alphazulu.es\/wp-content\/uploads\/2024\/01\/Lagoon-42-cockpit-768x575.jpg 768w, https:\/\/alphazulu.es\/wp-content\/uploads\/2024\/01\/Lagoon-42-cockpit-600x449.jpg 600w\" sizes=\"auto, (max-width: 1196px) 100vw, 1196px\" \/>\t\t\t\t\t\t\t\t\t<\/div>\n\t\t\t<\/div>\n\t\t\t<\/div>\n<\/div>[\/vc_column_inner][\/vc_row_inner][\/vc_column][\/vc_row]<\/p>\n<\/div>","protected":false},"excerpt":{"rendered":"<p>\ud83d\udecc <strong>Cabina doble privada<\/strong> en catamar\u00e1n <em>(Lagoon 42 o similar)<\/em>.<br \/>\n[vc_empty_space height=\u00bb5px\u00bb]<br \/>\n\u26f5 Un catamar\u00e1n moderno, amplio y muy estable. Las cabinas suelen tener una distribuci\u00f3n muy consistente entre modelos de esta categor\u00eda: cama doble, buen espacio de guardado, ventilaci\u00f3n y <strong>ba\u00f1o en suite<\/strong> (ducha y WC), con interiores luminosos y c\u00f3modos y diferentes espacios exteriores.<br \/>\n[vc_empty_space height=\u00bb5px\u00bb]<br \/>\n\ud83c\uddec\ud83c\uddf7 Navegaremos por <strong>7 d\u00edas<\/strong> en las famosas <strong>Islas Ionias<\/strong>, partiendo desde Lefkas Marina.<\/p>\n","protected":false},"featured_media":7088,"template":"","meta":{"_acf_changed":false,"_joinchat":[]},"product_brand":[],"product_cat":[406],"product_tag":[],"class_list":{"0":"post-11911","1":"product","2":"type-product","3":"status-publish","4":"has-post-thumbnail","6":"product_cat-charter-semanal","8":"first","9":"instock","10":"sale","11":"shipping-taxable","12":"purchasable","13":"product-type-variable","14":"has-default-attributes"},"acf":[],"yoast_head":"<!-- This site is optimized with the Yoast SEO plugin v27.4 - https:\/\/yoast.com\/product\/yoast-seo-wordpress\/ -->\n<title>Cabina Catamar\u00e1n (Grecia, Lefkada) 2 PAX - ALPHA ZULU<\/title>\n<meta name=\"robots\" content=\"index, follow, max-snippet:-1, max-image-preview:large, max-video-preview:-1\" \/>\n<link rel=\"canonical\" href=\"https:\/\/alphazulu.es\/es\/product\/cabina-catamaran-grecia-lefkada-2-pax\/\" \/>\n<meta property=\"og:locale\" content=\"es_ES\" \/>\n<meta property=\"og:type\" content=\"article\" \/>\n<meta property=\"og:title\" content=\"Cabina Catamar\u00e1n (Grecia, Lefkada) 2 PAX - ALPHA ZULU\" \/>\n<meta property=\"og:description\" content=\"\ud83d\udecc Cabina doble privada en catamar\u00e1n (Lagoon 42 o similar). [vc_empty_space height=&quot;5px&quot;] \u26f5 Un catamar\u00e1n moderno, amplio y muy estable. Las cabinas suelen tener una distribuci\u00f3n muy consistente entre modelos de esta categor\u00eda: cama doble, buen espacio de guardado, ventilaci\u00f3n y ba\u00f1o en suite (ducha y WC), con interiores luminosos y c\u00f3modos y diferentes espacios exteriores. [vc_empty_space height=&quot;5px&quot;] \ud83c\uddec\ud83c\uddf7 Navegaremos por 7 d\u00edas en las famosas Islas Ionias, partiendo desde Lefkas Marina.\" \/>\n<meta property=\"og:url\" content=\"https:\/\/alphazulu.es\/es\/product\/cabina-catamaran-grecia-lefkada-2-pax\/\" \/>\n<meta property=\"og:site_name\" content=\"ALPHA ZULU\" \/>\n<meta property=\"article:publisher\" content=\"https:\/\/www.facebook.com\/alphazulu.es\" \/>\n<meta property=\"article:modified_time\" content=\"2026-03-03T16:41:57+00:00\" \/>\n<meta property=\"og:image\" content=\"https:\/\/alphazulu.es\/wp-content\/uploads\/2023\/10\/lagoon-51-portada.webp\" \/>\n\t<meta property=\"og:image:width\" content=\"1920\" \/>\n\t<meta property=\"og:image:height\" content=\"1280\" \/>\n\t<meta property=\"og:image:type\" content=\"image\/webp\" \/>\n<meta name=\"twitter:card\" content=\"summary_large_image\" \/>\n<meta name=\"twitter:label1\" content=\"Tiempo de lectura\" \/>\n\t<meta name=\"twitter:data1\" content=\"1 minuto\" \/>\n<script type=\"application\/ld+json\" class=\"yoast-schema-graph\">{\"@context\":\"https:\\\/\\\/schema.org\",\"@graph\":[{\"@type\":\"WebPage\",\"@id\":\"https:\\\/\\\/alphazulu.es\\\/es\\\/product\\\/cabina-catamaran-grecia-lefkada-2-pax\\\/\",\"url\":\"https:\\\/\\\/alphazulu.es\\\/es\\\/product\\\/cabina-catamaran-grecia-lefkada-2-pax\\\/\",\"name\":\"Cabina Catamar\u00e1n (Grecia, Lefkada) 2 PAX - ALPHA ZULU\",\"isPartOf\":{\"@id\":\"https:\\\/\\\/alphazulu.es\\\/#website\"},\"primaryImageOfPage\":{\"@id\":\"https:\\\/\\\/alphazulu.es\\\/es\\\/product\\\/cabina-catamaran-grecia-lefkada-2-pax\\\/#primaryimage\"},\"image\":{\"@id\":\"https:\\\/\\\/alphazulu.es\\\/es\\\/product\\\/cabina-catamaran-grecia-lefkada-2-pax\\\/#primaryimage\"},\"thumbnailUrl\":\"https:\\\/\\\/alphazulu.es\\\/wp-content\\\/uploads\\\/2023\\\/10\\\/lagoon-51-portada.webp\",\"datePublished\":\"2026-02-10T17:36:51+00:00\",\"dateModified\":\"2026-03-03T16:41:57+00:00\",\"breadcrumb\":{\"@id\":\"https:\\\/\\\/alphazulu.es\\\/es\\\/product\\\/cabina-catamaran-grecia-lefkada-2-pax\\\/#breadcrumb\"},\"inLanguage\":\"es\",\"potentialAction\":[{\"@type\":\"ReadAction\",\"target\":[\"https:\\\/\\\/alphazulu.es\\\/es\\\/product\\\/cabina-catamaran-grecia-lefkada-2-pax\\\/\"]}]},{\"@type\":\"ImageObject\",\"inLanguage\":\"es\",\"@id\":\"https:\\\/\\\/alphazulu.es\\\/es\\\/product\\\/cabina-catamaran-grecia-lefkada-2-pax\\\/#primaryimage\",\"url\":\"https:\\\/\\\/alphazulu.es\\\/wp-content\\\/uploads\\\/2023\\\/10\\\/lagoon-51-portada.webp\",\"contentUrl\":\"https:\\\/\\\/alphazulu.es\\\/wp-content\\\/uploads\\\/2023\\\/10\\\/lagoon-51-portada.webp\",\"width\":1920,\"height\":1280},{\"@type\":\"BreadcrumbList\",\"@id\":\"https:\\\/\\\/alphazulu.es\\\/es\\\/product\\\/cabina-catamaran-grecia-lefkada-2-pax\\\/#breadcrumb\",\"itemListElement\":[{\"@type\":\"ListItem\",\"position\":1,\"name\":\"Portada\",\"item\":\"https:\\\/\\\/alphazulu.es\\\/es\\\/\"},{\"@type\":\"ListItem\",\"position\":2,\"name\":\"Tienda\",\"item\":\"https:\\\/\\\/alphazulu.es\\\/es\\\/?page_id=5916\"},{\"@type\":\"ListItem\",\"position\":3,\"name\":\"Cabina Catamar\u00e1n (Grecia, Lefkada) 2 PAX\"}]},{\"@type\":\"WebSite\",\"@id\":\"https:\\\/\\\/alphazulu.es\\\/#website\",\"url\":\"https:\\\/\\\/alphazulu.es\\\/\",\"name\":\"ALPHA ZULU\",\"description\":\"Sail, explore, repeat\",\"publisher\":{\"@id\":\"https:\\\/\\\/alphazulu.es\\\/#organization\"},\"potentialAction\":[{\"@type\":\"SearchAction\",\"target\":{\"@type\":\"EntryPoint\",\"urlTemplate\":\"https:\\\/\\\/alphazulu.es\\\/?s={search_term_string}\"},\"query-input\":{\"@type\":\"PropertyValueSpecification\",\"valueRequired\":true,\"valueName\":\"search_term_string\"}}],\"inLanguage\":\"es\"},{\"@type\":\"Organization\",\"@id\":\"https:\\\/\\\/alphazulu.es\\\/#organization\",\"name\":\"ALPHA ZULU\",\"url\":\"https:\\\/\\\/alphazulu.es\\\/\",\"logo\":{\"@type\":\"ImageObject\",\"inLanguage\":\"es\",\"@id\":\"https:\\\/\\\/alphazulu.es\\\/#\\\/schema\\\/logo\\\/image\\\/\",\"url\":\"https:\\\/\\\/alphazulu.es\\\/wp-content\\\/uploads\\\/2023\\\/04\\\/alphazulu-logo-color.png\",\"contentUrl\":\"https:\\\/\\\/alphazulu.es\\\/wp-content\\\/uploads\\\/2023\\\/04\\\/alphazulu-logo-color.png\",\"width\":800,\"height\":800,\"caption\":\"ALPHA ZULU\"},\"image\":{\"@id\":\"https:\\\/\\\/alphazulu.es\\\/#\\\/schema\\\/logo\\\/image\\\/\"},\"sameAs\":[\"https:\\\/\\\/www.facebook.com\\\/alphazulu.es\",\"https:\\\/\\\/www.instagram.com\\\/alphazulu.es\\\/\",\"https:\\\/\\\/www.youtube.com\\\/@alphazulu-es\",\"https:\\\/\\\/www.linkedin.com\\\/company\\\/alphazulu-es\\\/\"]}]}<\/script>\n<!-- \/ Yoast SEO plugin. -->","yoast_head_json":{"title":"Cabina Catamar\u00e1n (Grecia, Lefkada) 2 PAX - ALPHA ZULU","robots":{"index":"index","follow":"follow","max-snippet":"max-snippet:-1","max-image-preview":"max-image-preview:large","max-video-preview":"max-video-preview:-1"},"canonical":"https:\/\/alphazulu.es\/es\/product\/cabina-catamaran-grecia-lefkada-2-pax\/","og_locale":"es_ES","og_type":"article","og_title":"Cabina Catamar\u00e1n (Grecia, Lefkada) 2 PAX - ALPHA ZULU","og_description":"\ud83d\udecc Cabina doble privada en catamar\u00e1n (Lagoon 42 o similar). [vc_empty_space height=\"5px\"] \u26f5 Un catamar\u00e1n moderno, amplio y muy estable. Las cabinas suelen tener una distribuci\u00f3n muy consistente entre modelos de esta categor\u00eda: cama doble, buen espacio de guardado, ventilaci\u00f3n y ba\u00f1o en suite (ducha y WC), con interiores luminosos y c\u00f3modos y diferentes espacios exteriores. [vc_empty_space height=\"5px\"] \ud83c\uddec\ud83c\uddf7 Navegaremos por 7 d\u00edas en las famosas Islas Ionias, partiendo desde Lefkas Marina.","og_url":"https:\/\/alphazulu.es\/es\/product\/cabina-catamaran-grecia-lefkada-2-pax\/","og_site_name":"ALPHA ZULU","article_publisher":"https:\/\/www.facebook.com\/alphazulu.es","article_modified_time":"2026-03-03T16:41:57+00:00","og_image":[{"width":1920,"height":1280,"url":"https:\/\/alphazulu.es\/wp-content\/uploads\/2023\/10\/lagoon-51-portada.webp","type":"image\/webp"}],"twitter_card":"summary_large_image","twitter_misc":{"Tiempo de lectura":"1 minuto"},"schema":{"@context":"https:\/\/schema.org","@graph":[{"@type":"WebPage","@id":"https:\/\/alphazulu.es\/es\/product\/cabina-catamaran-grecia-lefkada-2-pax\/","url":"https:\/\/alphazulu.es\/es\/product\/cabina-catamaran-grecia-lefkada-2-pax\/","name":"Cabina Catamar\u00e1n (Grecia, Lefkada) 2 PAX - ALPHA ZULU","isPartOf":{"@id":"https:\/\/alphazulu.es\/#website"},"primaryImageOfPage":{"@id":"https:\/\/alphazulu.es\/es\/product\/cabina-catamaran-grecia-lefkada-2-pax\/#primaryimage"},"image":{"@id":"https:\/\/alphazulu.es\/es\/product\/cabina-catamaran-grecia-lefkada-2-pax\/#primaryimage"},"thumbnailUrl":"https:\/\/alphazulu.es\/wp-content\/uploads\/2023\/10\/lagoon-51-portada.webp","datePublished":"2026-02-10T17:36:51+00:00","dateModified":"2026-03-03T16:41:57+00:00","breadcrumb":{"@id":"https:\/\/alphazulu.es\/es\/product\/cabina-catamaran-grecia-lefkada-2-pax\/#breadcrumb"},"inLanguage":"es","potentialAction":[{"@type":"ReadAction","target":["https:\/\/alphazulu.es\/es\/product\/cabina-catamaran-grecia-lefkada-2-pax\/"]}]},{"@type":"ImageObject","inLanguage":"es","@id":"https:\/\/alphazulu.es\/es\/product\/cabina-catamaran-grecia-lefkada-2-pax\/#primaryimage","url":"https:\/\/alphazulu.es\/wp-content\/uploads\/2023\/10\/lagoon-51-portada.webp","contentUrl":"https:\/\/alphazulu.es\/wp-content\/uploads\/2023\/10\/lagoon-51-portada.webp","width":1920,"height":1280},{"@type":"BreadcrumbList","@id":"https:\/\/alphazulu.es\/es\/product\/cabina-catamaran-grecia-lefkada-2-pax\/#breadcrumb","itemListElement":[{"@type":"ListItem","position":1,"name":"Portada","item":"https:\/\/alphazulu.es\/es\/"},{"@type":"ListItem","position":2,"name":"Tienda","item":"https:\/\/alphazulu.es\/es\/?page_id=5916"},{"@type":"ListItem","position":3,"name":"Cabina Catamar\u00e1n (Grecia, Lefkada) 2 PAX"}]},{"@type":"WebSite","@id":"https:\/\/alphazulu.es\/#website","url":"https:\/\/alphazulu.es\/","name":"ALPHA ZULU","description":"Sail, explore, repeat","publisher":{"@id":"https:\/\/alphazulu.es\/#organization"},"potentialAction":[{"@type":"SearchAction","target":{"@type":"EntryPoint","urlTemplate":"https:\/\/alphazulu.es\/?s={search_term_string}"},"query-input":{"@type":"PropertyValueSpecification","valueRequired":true,"valueName":"search_term_string"}}],"inLanguage":"es"},{"@type":"Organization","@id":"https:\/\/alphazulu.es\/#organization","name":"ALPHA ZULU","url":"https:\/\/alphazulu.es\/","logo":{"@type":"ImageObject","inLanguage":"es","@id":"https:\/\/alphazulu.es\/#\/schema\/logo\/image\/","url":"https:\/\/alphazulu.es\/wp-content\/uploads\/2023\/04\/alphazulu-logo-color.png","contentUrl":"https:\/\/alphazulu.es\/wp-content\/uploads\/2023\/04\/alphazulu-logo-color.png","width":800,"height":800,"caption":"ALPHA ZULU"},"image":{"@id":"https:\/\/alphazulu.es\/#\/schema\/logo\/image\/"},"sameAs":["https:\/\/www.facebook.com\/alphazulu.es","https:\/\/www.instagram.com\/alphazulu.es\/","https:\/\/www.youtube.com\/@alphazulu-es","https:\/\/www.linkedin.com\/company\/alphazulu-es\/"]}]}},"_links":{"self":[{"href":"https:\/\/alphazulu.es\/es\/wp-json\/wp\/v2\/product\/11911","targetHints":{"allow":["GET"]}}],"collection":[{"href":"https:\/\/alphazulu.es\/es\/wp-json\/wp\/v2\/product"}],"about":[{"href":"https:\/\/alphazulu.es\/es\/wp-json\/wp\/v2\/types\/product"}],"wp:featuredmedia":[{"embeddable":true,"href":"https:\/\/alphazulu.es\/es\/wp-json\/wp\/v2\/media\/7088"}],"wp:attachment":[{"href":"https:\/\/alphazulu.es\/es\/wp-json\/wp\/v2\/media?parent=11911"}],"wp:term":[{"taxonomy":"product_brand","embeddable":true,"href":"https:\/\/alphazulu.es\/es\/wp-json\/wp\/v2\/product_brand?post=11911"},{"taxonomy":"product_cat","embeddable":true,"href":"https:\/\/alphazulu.es\/es\/wp-json\/wp\/v2\/product_cat?post=11911"},{"taxonomy":"product_tag","embeddable":true,"href":"https:\/\/alphazulu.es\/es\/wp-json\/wp\/v2\/product_tag?post=11911"}],"curies":[{"name":"wp","href":"https:\/\/api.w.org\/{rel}","templated":true}]}}