{"id":8515,"date":"2024-02-06T14:08:57","date_gmt":"2024-02-06T14:08:57","guid":{"rendered":"https:\/\/alphazulu.es\/destinos\/greece\/"},"modified":"2024-02-21T16:46:16","modified_gmt":"2024-02-21T16:46:16","slug":"grecia","status":"publish","type":"page","link":"https:\/\/alphazulu.es\/es\/destinos\/grecia\/","title":{"rendered":"Grecia \ud83c\uddec\ud83c\uddf7"},"content":{"rendered":"<div class=\"wpb-content-wrapper\"><p>[vc_row gap=\u00bb35&#8243; equal_height=\u00bbyes\u00bb enable_surfer_icon=\u00bbno\u00bb css=\u00bb.vc_custom_1696962407351{padding-bottom: 50px !important;}\u00bb][vc_column width=\u00bb1\/2&#8243;][vc_column_text]<\/p>\n<h3>Grecia \ud83c\uddec\ud83c\uddf7<\/h3>\n<p>Navegar en Grecia, ya sea en las islas J\u00f3nicas, Sar\u00f3nicas o C\u00edcladas, ofrece una experiencia \u00fanica y emocionante. Con aguas cristalinas, brisas constantes y paisajes impresionantes, estas regiones son destinos populares para los entusiastas de la navegaci\u00f3n.<\/p>\n<p>En las Islas J\u00f3nicas, ubicadas en la costa oeste de Grecia, encontrar\u00e1s un archipi\u00e9lago pintoresco y tranquilo. Navegar por las aguas azules y explorar las islas de Corf\u00fa, Lefkada, \u00cdtaca y Cefalonia te permitir\u00e1 disfrutar de playas impresionantes, pintorescos pueblos de pescadores y hermosos paisajes monta\u00f1osos. Adem\u00e1s, hay una gran cantidad de bah\u00edas y ensenadas protegidas donde puedes fondear y nadar en aguas cristalinas.<\/p>\n<p>Las Islas Sar\u00f3nicas, ubicadas cerca de Atenas, ofrecen una combinaci\u00f3n perfecta de belleza natural y rica historia. Navegar alrededor de Hidra, Poros, Egina y Salamina te maravillar\u00e1 con las impresionantes arquitecturas neocl\u00e1sicas, antiguos templos y encantadores puertos. Estas islas tambi\u00e9n son conocidas por sus animados restaurantes y una vida nocturna vibrante, a\u00f1adiendo un toque extra a tu experiencia de navegaci\u00f3n.[\/vc_column_text][vc_empty_space height=\u00bb40px\u00bb]<div class=\"qodef-image-gallery qodef-grid-list qodef-disable-bottom-space  qodef-ig-grid-type qodef-four-columns qodef-tiny-space  qodef-image-behavior-zoom\">\n\t<div class=\"qodef-ig-inner qodef-outer-space\">\n\t\t\t\t\t<div class=\"qodef-ig-image qodef-item-space\">\n\t\t\t\t<div class=\"qodef-ig-image-inner\">\n\t\t\t\t\t\t\t\t\t\t\t<img loading=\"lazy\" decoding=\"async\" width=\"800\" height=\"800\" src=\"https:\/\/alphazulu.es\/wp-content\/uploads\/2023\/10\/bahamas-gallery-1.jpg\" class=\"attachment-full size-full\" alt=\"\" srcset=\"https:\/\/alphazulu.es\/wp-content\/uploads\/2023\/10\/bahamas-gallery-1.jpg 800w, https:\/\/alphazulu.es\/wp-content\/uploads\/2023\/10\/bahamas-gallery-1-300x300.jpg 300w, https:\/\/alphazulu.es\/wp-content\/uploads\/2023\/10\/bahamas-gallery-1-150x150.jpg 150w, https:\/\/alphazulu.es\/wp-content\/uploads\/2023\/10\/bahamas-gallery-1-768x768.jpg 768w, https:\/\/alphazulu.es\/wp-content\/uploads\/2023\/10\/bahamas-gallery-1-650x650.jpg 650w, https:\/\/alphazulu.es\/wp-content\/uploads\/2023\/10\/bahamas-gallery-1-600x600.jpg 600w, https:\/\/alphazulu.es\/wp-content\/uploads\/2023\/10\/bahamas-gallery-1-100x100.jpg 100w\" sizes=\"auto, (max-width: 800px) 100vw, 800px\" \/>\t\t\t\t\t\t\t\t\t<\/div>\n\t\t\t<\/div>\n\t\t\t\t\t<div class=\"qodef-ig-image qodef-item-space\">\n\t\t\t\t<div class=\"qodef-ig-image-inner\">\n\t\t\t\t\t\t\t\t\t\t\t<img loading=\"lazy\" decoding=\"async\" width=\"800\" height=\"800\" src=\"https:\/\/alphazulu.es\/wp-content\/uploads\/2023\/10\/bahamas-gallery-2.jpg\" class=\"attachment-full size-full\" alt=\"bahamas-gallery-2\" srcset=\"https:\/\/alphazulu.es\/wp-content\/uploads\/2023\/10\/bahamas-gallery-2.jpg 800w, https:\/\/alphazulu.es\/wp-content\/uploads\/2023\/10\/bahamas-gallery-2-300x300.jpg 300w, https:\/\/alphazulu.es\/wp-content\/uploads\/2023\/10\/bahamas-gallery-2-150x150.jpg 150w, https:\/\/alphazulu.es\/wp-content\/uploads\/2023\/10\/bahamas-gallery-2-768x768.jpg 768w, https:\/\/alphazulu.es\/wp-content\/uploads\/2023\/10\/bahamas-gallery-2-650x650.jpg 650w, https:\/\/alphazulu.es\/wp-content\/uploads\/2023\/10\/bahamas-gallery-2-600x600.jpg 600w, https:\/\/alphazulu.es\/wp-content\/uploads\/2023\/10\/bahamas-gallery-2-100x100.jpg 100w\" sizes=\"auto, (max-width: 800px) 100vw, 800px\" \/>\t\t\t\t\t\t\t\t\t<\/div>\n\t\t\t<\/div>\n\t\t\t\t\t<div class=\"qodef-ig-image qodef-item-space\">\n\t\t\t\t<div class=\"qodef-ig-image-inner\">\n\t\t\t\t\t\t\t\t\t\t\t<img loading=\"lazy\" decoding=\"async\" width=\"800\" height=\"800\" src=\"https:\/\/alphazulu.es\/wp-content\/uploads\/2023\/10\/bahamas-gallery-3.jpg\" class=\"attachment-full size-full\" alt=\"\" srcset=\"https:\/\/alphazulu.es\/wp-content\/uploads\/2023\/10\/bahamas-gallery-3.jpg 800w, https:\/\/alphazulu.es\/wp-content\/uploads\/2023\/10\/bahamas-gallery-3-300x300.jpg 300w, https:\/\/alphazulu.es\/wp-content\/uploads\/2023\/10\/bahamas-gallery-3-150x150.jpg 150w, https:\/\/alphazulu.es\/wp-content\/uploads\/2023\/10\/bahamas-gallery-3-768x768.jpg 768w, https:\/\/alphazulu.es\/wp-content\/uploads\/2023\/10\/bahamas-gallery-3-650x650.jpg 650w, https:\/\/alphazulu.es\/wp-content\/uploads\/2023\/10\/bahamas-gallery-3-600x600.jpg 600w, https:\/\/alphazulu.es\/wp-content\/uploads\/2023\/10\/bahamas-gallery-3-100x100.jpg 100w\" sizes=\"auto, (max-width: 800px) 100vw, 800px\" \/>\t\t\t\t\t\t\t\t\t<\/div>\n\t\t\t<\/div>\n\t\t\t\t\t<div class=\"qodef-ig-image qodef-item-space\">\n\t\t\t\t<div class=\"qodef-ig-image-inner\">\n\t\t\t\t\t\t\t\t\t\t\t<img loading=\"lazy\" decoding=\"async\" width=\"800\" height=\"800\" src=\"https:\/\/alphazulu.es\/wp-content\/uploads\/2023\/10\/bahamas-gallery-4.jpg\" class=\"attachment-full size-full\" alt=\"\" srcset=\"https:\/\/alphazulu.es\/wp-content\/uploads\/2023\/10\/bahamas-gallery-4.jpg 800w, https:\/\/alphazulu.es\/wp-content\/uploads\/2023\/10\/bahamas-gallery-4-300x300.jpg 300w, https:\/\/alphazulu.es\/wp-content\/uploads\/2023\/10\/bahamas-gallery-4-150x150.jpg 150w, https:\/\/alphazulu.es\/wp-content\/uploads\/2023\/10\/bahamas-gallery-4-768x768.jpg 768w, https:\/\/alphazulu.es\/wp-content\/uploads\/2023\/10\/bahamas-gallery-4-650x650.jpg 650w, https:\/\/alphazulu.es\/wp-content\/uploads\/2023\/10\/bahamas-gallery-4-600x600.jpg 600w, https:\/\/alphazulu.es\/wp-content\/uploads\/2023\/10\/bahamas-gallery-4-100x100.jpg 100w\" sizes=\"auto, (max-width: 800px) 100vw, 800px\" \/>\t\t\t\t\t\t\t\t\t<\/div>\n\t\t\t<\/div>\n\t\t\t<\/div>\n<\/div>[\/vc_column][vc_column width=\u00bb1\/2&#8243; css=\u00bb.vc_custom_1696965210541{padding-top: 30px !important;padding-right: 50px !important;padding-bottom: 50px !important;padding-left: 50px !important;background-color: #001c56 !important;}\u00bb][vc_column_text]<\/p>\n<h3 style=\"color: #00ccef;\">Tu viaje, tus reglas<\/h3>\n<p><span style=\"color: #ffffff; font-size: 15px;\">En <strong><a style=\"color: #ffffff;\" href=\"https:\/\/alphazulu.es\/es\/\">ALPHA ZULU<\/a><\/strong>, creemos que cada viaje debe ser una aventura \u00fanica y personal. Por lo tanto, aunque ofrecemos rutas recomendadas basadas en nuestra amplia experiencia navegando estas aguas, siempre tienes la \u00faltima palabra sobre c\u00f3mo se lleva a cabo tu viaje. Ya sea que desees pasar m\u00e1s tiempo en un lugar en particular, explorar una cala escondida o cambiar de rumbo para visitar una isla cercana, estamos aqu\u00ed para hacerlo posible.<br \/>\n<\/span>[\/vc_column_text][vc_empty_space height=\u00bb20px\u00bb][vc_row_inner equal_height=\u00bbyes\u00bb][vc_column_inner width=\u00bb1\/2&#8243;][vc_column_text]<\/p>\n<h5 style=\"color: #ffffff;\">\u00bfQu\u00e9 incluye?<\/h5>\n<p><span style=\"color: #ffffff; font-size: 13px;\"><br \/>\n<i class=\"fa-solid fa-check\" style=\"color: green;\"><\/i> <strong> Patr\u00f3n<\/strong><br \/>\n<i class=\"fa-solid fa-check\" style=\"color: green;\"><\/i> <strong> Seguro<\/strong><br \/>\n<i class=\"fa-solid fa-check\" style=\"color: green;\"><\/i> <strong> Limpieza<\/strong><br \/>\n<i class=\"fa-solid fa-check\" style=\"color: green;\"><\/i> <strong> Azafata (Opcional)<\/strong><br \/>\n<i class=\"fa-solid fa-check\" style=\"color: green;\"><\/i> <strong> Chef (Opcional)<\/strong><br \/>\n<\/span>[\/vc_column_text][\/vc_column_inner][vc_column_inner width=\u00bb1\/2&#8243;][vc_empty_space height=\u00bb30px\u00bb][vc_single_image image=\u00bb7004&#8243; alignment=\u00bbcenter\u00bb][\/vc_column_inner][\/vc_row_inner][\/vc_column][\/vc_row][vc_row full_width=\u00bbstretch_row\u00bb gap=\u00bb35&#8243; equal_height=\u00bbyes\u00bb css=\u00bb.vc_custom_1696961776733{padding-top: 50px !important;padding-bottom: 70px !important;}\u00bb simple_background_color=\u00bb#f9f9f9&#8243;][vc_column width=\u00bb1\/2&#8243;][vc_column_text]<\/p>\n<h3><i class=\"fa-solid fa-location-dot\"><\/i>Grecia \ud83c\uddec\ud83c\uddf7<\/h3>\n<p>[\/vc_column_text][vc_empty_space height=\u00bb20px\u00bb][vc_gmaps link=\u00bb#E-8_JTNDaWZyYW1lJTIwc3JjJTNEJTIyaHR0cHMlM0ElMkYlMkZ3d3cuZ29vZ2xlLmNvbSUyRm1hcHMlMkZlbWJlZCUzRnBiJTNEJTIxMW0xOCUyMTFtMTIlMjExbTMlMjExZDE2MTA1MjIuMjU0OTExOTczOCUyMTJkMjAuMDU4NTU1NDIzOTU5NDI2JTIxM2QzNy45NjQyNjIxMjk5NzU4NyUyMTJtMyUyMTFmMCUyMTJmMCUyMTNmMCUyMTNtMiUyMTFpMTAyNCUyMTJpNzY4JTIxNGYxMy4xJTIxM20zJTIxMW0yJTIxMXMweDEzNWRhMmMyZGNjNTMyZGQlMjUzQTB4ODhmOTEzMzE2MTgxZjMzZCUyMTJzSXNsYXMlMjUyMEolMjVDMyUyNUIzbmljYXMlMjE1ZTAlMjEzbTIlMjExc2VzLTQxOSUyMTJzZXMlMjE0djE2ODcxODcyNTAzMDclMjE1bTIlMjExc2VzLTQxOSUyMTJzZXMlMjIlMjB3aWR0aCUzRCUyMjEwMCUyNSUyMiUyMGhlaWdodCUzRCUyMjQ1MCUyMiUyMHN0eWxlJTNEJTIyYm9yZGVyJTNBMCUzQiUyMiUyMGFsbG93ZnVsbHNjcmVlbiUzRCUyMiUyMiUyMGxvYWRpbmclM0QlMjJsYXp5JTIyJTIwcmVmZXJyZXJwb2xpY3klM0QlMjJuby1yZWZlcnJlci13aGVuLWRvd25ncmFkZSUyMiUzRSUzQyUyRmlmcmFtZSUzRQ==\u00bb][\/vc_column][vc_column width=\u00bb1\/2&#8243;][vc_column_text el_class=\u00bbdestination-text-map-right\u00bb]En general, navegar en Grecia te brinda la oportunidad de explorar una amplia variedad de paisajes, empaparte de cultura e historia, y sumergirte en las aguas cristalinas del Mar Egeo. Ya elijas las islas J\u00f3nicas, Sar\u00f3nicas o las C\u00edcladas, estar\u00e1s rodeado de belleza natural y tendr\u00e1s una experiencia inolvidable en el Mar Mediterr\u00e1neo.[\/vc_column_text][vc_empty_space height=\u00bb50px\u00bb][vc_row_inner equal_height=\u00bbyes\u00bb][vc_column_inner width=\u00bb1\/3&#8243; css=\u00bb.vc_custom_1697021034220{padding-bottom: 50px !important;}\u00bb][vc_single_image image=\u00bb7031&#8243; img_size=\u00bb55&#215;55&#8243; alignment=\u00bbcenter\u00bb][vc_column_text]<\/p>\n<h4 style=\"text-align: center; color: #0071bc;\">NAVEGACI\u00d3N A VELA<\/h4>\n<p style=\"text-align: center; color: #0071bc; font-size: 13px; line-height: 1.2;\">Ya seas un marinero experimentado o un principiante, la belleza tranquila.<\/p>\n<p>[\/vc_column_text][\/vc_column_inner][vc_column_inner width=\u00bb1\/3&#8243; css=\u00bb.vc_custom_1697021065518{padding-bottom: 50px !important;}\u00bb][vc_single_image image=\u00bb7035&#8243; img_size=\u00bb55&#215;55&#8243; alignment=\u00bbcenter\u00bb][vc_column_text]<\/p>\n<h4 style=\"text-align: center; color: #0071bc;\">SUP<\/h4>\n<p style=\"text-align: center; color: #0071bc; font-size: 13px; line-height: 1.2;\">Desl\u00edzate por aguas tranquilas, disfrutando del paisaje costero y haciendo ejercicio de cuerpo completo a tu propio ritmo.<\/p>\n<p>[\/vc_column_text][\/vc_column_inner][vc_column_inner width=\u00bb1\/3&#8243;][vc_single_image image=\u00bb7033&#8243; img_size=\u00bb55&#215;55&#8243; alignment=\u00bbcenter\u00bb][vc_column_text]<\/p>\n<h4 style=\"text-align: center; color: #0071bc;\">SNORKEL<\/h4>\n<p style=\"text-align: center; color: #0071bc; font-size: 13px; line-height: 1.2;\">Sum\u00e9rgete en las profundidades del mar y descubre el mundo de la vida marina.<\/p>\n<p>[\/vc_column_text][\/vc_column_inner][\/vc_row_inner][\/vc_column][\/vc_row][vc_row full_width=\u00bbstretch_row\u00bb disable_background_image=\u00bb\u00bb css=\u00bb.vc_custom_1707228527654{margin-top: 1px !important;padding-top: 100px !important;padding-bottom: 100px !important;}\u00bb simple_background_image=\u00bb5121&#8243; el_class=\u00bbdestino-columnas\u00bb background_image_position=\u00bbbottom right\u00bb][vc_column width=\u00bb1\/3&#8243; css=\u00bb.vc_custom_1696940266201{padding-top: 40px !important;padding-right: 20px !important;padding-bottom: 20px !important;padding-left: 20px !important;background-color: rgba(0,0,0,0.6) !important;*background-color: rgb(0,0,0) !important;}\u00bb]<div class=\"qodef-section-title-holder  \" style=\"text-align: left\">\n\t<div class=\"qodef-st-inner\">\n                    <span class=\"qodef-st-background-text\" style=\"text-align: left\"><\/span>\n        \t\t\t\t\t<h2 class=\"qodef-st-title\" style=\"color: #ffffff\">\n\t\t\t\tAtenas a Egina\t\t\t<\/h2>\n\t\t                        <span class=\"qodef-st-caption\" style=\"color: #f2f2f2\">GRECIA \ud83c\uddec\ud83c\uddf7 7 D\u00cdAS<\/span>\n        \t\t\t\t\t<\/div>\n<\/div>[vc_empty_space height=\u00bb40px\u00bb][vc_column_text]<\/p>\n<h4 style=\"color: #ffffff; margin: 0px; text-align: left;\">D\u00cdA 1<\/h4>\n<p style=\"font-size: 15px; color: #ffffff; margin-bottom: 30px; text-align: left;\">Emb\u00e1rcate en tu aventura griega desde Atenas. Navega hacia Egina, una isla conocida por sus pistachos y ruinas antiguas.<\/p>\n<h4 style=\"color: #ffffff; margin: 0px; text-align: left;\">D\u00cdA 2<\/h4>\n<p style=\"font-size: 15px; color: #ffffff; margin-bottom: 30px; text-align: left;\">Explora las encantadoras calles de Poros y navega hacia Hydra, famosa por su ambiente cosmopolita y su pol\u00edtica sin coches.<\/p>\n<h4 style=\"color: #ffffff; margin: 0px; text-align: left;\">D\u00cdA 3<\/h4>\n<p style=\"font-size: 15px; color: #ffffff; margin-bottom: 30px; text-align: left;\">Crucero hacia la hist\u00f3rica ciudad de Nauplia, conocida por su hermosa arquitectura y rica historia.<\/p>\n<h4 style=\"color: #ffffff; margin: 0px; text-align: left;\">D\u00cdA 4<\/h4>\n<p style=\"font-size: 15px; color: #ffffff; margin-bottom: 30px; text-align: left;\">Navega hacia la encantadora isla de Spetses, con su encantador Puerto Viejo y animada vida nocturna.<\/p>\n<h4 style=\"color: #ffffff; margin: 0px; text-align: left;\">D\u00cdA 5<\/h4>\n<p style=\"font-size: 15px; color: #ffffff; margin-bottom: 30px; text-align: left;\">Descubre la belleza de la regi\u00f3n del Peloponeso mientras navegas hacia Leonidio o Monemvasia.<\/p>\n<h4 style=\"color: #ffffff; margin: 0px; text-align: left;\">D\u00cdA 6<\/h4>\n<p style=\"font-size: 15px; color: #ffffff; margin-bottom: 30px; text-align: left;\">Regresa hacia Atenas, haciendo una parada en la isla de Egina o Agistri para disfrutar una \u00faltima muestra de la vida en las islas griegas.<\/p>\n<h4 style=\"color: #ffffff; margin: 0px; text-align: left;\">D\u00cdA 7<\/h4>\n<p style=\"font-size: 15px; color: #ffffff; margin-bottom: 30px; text-align: left;\">Regreso a Atenas, concluyendo tu odisea de una semana navegando en las hermosas aguas de Grecia.<\/p>\n<p>[\/vc_column_text][\/vc_column][vc_column width=\u00bb1\/3&#8243;][\/vc_column][vc_column width=\u00bb1\/3&#8243;][\/vc_column][\/vc_row]<\/p>\n<\/div>","protected":false},"excerpt":{"rendered":"<p>[vc_row gap=\u00bb35&#8243; equal_height=\u00bbyes\u00bb enable_surfer_icon=\u00bbno\u00bb css=\u00bb.vc_custom_1696962407351{padding-bottom: 50px !important;}\u00bb][vc_column width=\u00bb1\/2&#8243;][vc_column_text] Grecia \ud83c\uddec\ud83c\uddf7 Navegar en Grecia, ya sea en las islas J\u00f3nicas, Sar\u00f3nicas o C\u00edcladas, ofrece una experiencia \u00fanica y emocionante. Con aguas cristalinas, brisas constantes y paisajes impresionantes, estas regiones son destinos populares para los entusiastas de la navegaci\u00f3n. En las Islas [&hellip;]<\/p>\n","protected":false},"author":1,"featured_media":7567,"parent":1130,"menu_order":0,"comment_status":"closed","ping_status":"closed","template":"","meta":{"_acf_changed":false,"_joinchat":[],"footnotes":""},"class_list":["post-8515","page","type-page","status-publish","has-post-thumbnail","hentry"],"acf":[],"yoast_head":"<!-- This site is optimized with the Yoast SEO plugin v27.4 - https:\/\/yoast.com\/product\/yoast-seo-wordpress\/ -->\n<title>Grecia \ud83c\uddec\ud83c\uddf7 - ALPHA ZULU<\/title>\n<meta name=\"description\" content=\"Navegar en Grecia, ya sea en las islas J\u00f3nicas, Sar\u00f3nicas o C\u00edcladas, ofrece una experiencia \u00fanica y emocionante. Con aguas cristalinas, brisas constantes y paisajes impresionantes, estas regiones son destinos populares para los entusiastas de la navegaci\u00f3n.\" \/>\n<meta name=\"robots\" content=\"index, follow, max-snippet:-1, max-image-preview:large, max-video-preview:-1\" \/>\n<link rel=\"canonical\" href=\"https:\/\/alphazulu.es\/es\/destinos\/grecia\/\" \/>\n<meta property=\"og:locale\" content=\"es_ES\" \/>\n<meta property=\"og:type\" content=\"article\" \/>\n<meta property=\"og:title\" content=\"Grecia \ud83c\uddec\ud83c\uddf7 - ALPHA ZULU\" \/>\n<meta property=\"og:description\" content=\"Navegar en Grecia, ya sea en las islas J\u00f3nicas, Sar\u00f3nicas o C\u00edcladas, ofrece una experiencia \u00fanica y emocionante. Con aguas cristalinas, brisas constantes y paisajes impresionantes, estas regiones son destinos populares para los entusiastas de la navegaci\u00f3n.\" \/>\n<meta property=\"og:url\" content=\"https:\/\/alphazulu.es\/es\/destinos\/grecia\/\" \/>\n<meta property=\"og:site_name\" content=\"ALPHA ZULU\" \/>\n<meta property=\"article:publisher\" content=\"https:\/\/www.facebook.com\/alphazulu.es\" \/>\n<meta property=\"article:modified_time\" content=\"2024-02-21T16:46:16+00:00\" \/>\n<meta property=\"og:image\" content=\"https:\/\/alphazulu.es\/wp-content\/uploads\/2024\/02\/greece-featured.jpg\" \/>\n\t<meta property=\"og:image:width\" content=\"440\" \/>\n\t<meta property=\"og:image:height\" content=\"800\" \/>\n\t<meta property=\"og:image:type\" content=\"image\/jpeg\" \/>\n<meta name=\"twitter:card\" content=\"summary_large_image\" \/>\n<meta name=\"twitter:label1\" content=\"Tiempo de lectura\" \/>\n\t<meta name=\"twitter:data1\" content=\"5 minutos\" \/>\n<script type=\"application\/ld+json\" class=\"yoast-schema-graph\">{\"@context\":\"https:\\\/\\\/schema.org\",\"@graph\":[{\"@type\":\"WebPage\",\"@id\":\"https:\\\/\\\/alphazulu.es\\\/es\\\/destinos\\\/grecia\\\/\",\"url\":\"https:\\\/\\\/alphazulu.es\\\/es\\\/destinos\\\/grecia\\\/\",\"name\":\"Grecia \ud83c\uddec\ud83c\uddf7 - ALPHA ZULU\",\"isPartOf\":{\"@id\":\"https:\\\/\\\/alphazulu.es\\\/#website\"},\"primaryImageOfPage\":{\"@id\":\"https:\\\/\\\/alphazulu.es\\\/es\\\/destinos\\\/grecia\\\/#primaryimage\"},\"image\":{\"@id\":\"https:\\\/\\\/alphazulu.es\\\/es\\\/destinos\\\/grecia\\\/#primaryimage\"},\"thumbnailUrl\":\"https:\\\/\\\/alphazulu.es\\\/wp-content\\\/uploads\\\/2024\\\/02\\\/greece-featured.jpg\",\"datePublished\":\"2024-02-06T14:08:57+00:00\",\"dateModified\":\"2024-02-21T16:46:16+00:00\",\"description\":\"Navegar en Grecia, ya sea en las islas J\u00f3nicas, Sar\u00f3nicas o C\u00edcladas, ofrece una experiencia \u00fanica y emocionante. Con aguas cristalinas, brisas constantes y paisajes impresionantes, estas regiones son destinos populares para los entusiastas de la navegaci\u00f3n.\",\"breadcrumb\":{\"@id\":\"https:\\\/\\\/alphazulu.es\\\/es\\\/destinos\\\/grecia\\\/#breadcrumb\"},\"inLanguage\":\"es\",\"potentialAction\":[{\"@type\":\"ReadAction\",\"target\":[\"https:\\\/\\\/alphazulu.es\\\/es\\\/destinos\\\/grecia\\\/\"]}]},{\"@type\":\"ImageObject\",\"inLanguage\":\"es\",\"@id\":\"https:\\\/\\\/alphazulu.es\\\/es\\\/destinos\\\/grecia\\\/#primaryimage\",\"url\":\"https:\\\/\\\/alphazulu.es\\\/wp-content\\\/uploads\\\/2024\\\/02\\\/greece-featured.jpg\",\"contentUrl\":\"https:\\\/\\\/alphazulu.es\\\/wp-content\\\/uploads\\\/2024\\\/02\\\/greece-featured.jpg\",\"width\":440,\"height\":800},{\"@type\":\"BreadcrumbList\",\"@id\":\"https:\\\/\\\/alphazulu.es\\\/es\\\/destinos\\\/grecia\\\/#breadcrumb\",\"itemListElement\":[{\"@type\":\"ListItem\",\"position\":1,\"name\":\"Portada\",\"item\":\"https:\\\/\\\/alphazulu.es\\\/es\\\/\"},{\"@type\":\"ListItem\",\"position\":2,\"name\":\"Destinos\",\"item\":\"https:\\\/\\\/alphazulu.es\\\/es\\\/destinos\\\/\"},{\"@type\":\"ListItem\",\"position\":3,\"name\":\"Grecia \ud83c\uddec\ud83c\uddf7\"}]},{\"@type\":\"WebSite\",\"@id\":\"https:\\\/\\\/alphazulu.es\\\/#website\",\"url\":\"https:\\\/\\\/alphazulu.es\\\/\",\"name\":\"ALPHA ZULU\",\"description\":\"Sail, explore, repeat\",\"publisher\":{\"@id\":\"https:\\\/\\\/alphazulu.es\\\/#organization\"},\"potentialAction\":[{\"@type\":\"SearchAction\",\"target\":{\"@type\":\"EntryPoint\",\"urlTemplate\":\"https:\\\/\\\/alphazulu.es\\\/?s={search_term_string}\"},\"query-input\":{\"@type\":\"PropertyValueSpecification\",\"valueRequired\":true,\"valueName\":\"search_term_string\"}}],\"inLanguage\":\"es\"},{\"@type\":\"Organization\",\"@id\":\"https:\\\/\\\/alphazulu.es\\\/#organization\",\"name\":\"ALPHA ZULU\",\"url\":\"https:\\\/\\\/alphazulu.es\\\/\",\"logo\":{\"@type\":\"ImageObject\",\"inLanguage\":\"es\",\"@id\":\"https:\\\/\\\/alphazulu.es\\\/#\\\/schema\\\/logo\\\/image\\\/\",\"url\":\"https:\\\/\\\/alphazulu.es\\\/wp-content\\\/uploads\\\/2023\\\/04\\\/alphazulu-logo-color.png\",\"contentUrl\":\"https:\\\/\\\/alphazulu.es\\\/wp-content\\\/uploads\\\/2023\\\/04\\\/alphazulu-logo-color.png\",\"width\":800,\"height\":800,\"caption\":\"ALPHA ZULU\"},\"image\":{\"@id\":\"https:\\\/\\\/alphazulu.es\\\/#\\\/schema\\\/logo\\\/image\\\/\"},\"sameAs\":[\"https:\\\/\\\/www.facebook.com\\\/alphazulu.es\",\"https:\\\/\\\/www.instagram.com\\\/alphazulu.es\\\/\",\"https:\\\/\\\/www.youtube.com\\\/@alphazulu-es\",\"https:\\\/\\\/www.linkedin.com\\\/company\\\/alphazulu-es\\\/\"]}]}<\/script>\n<!-- \/ Yoast SEO plugin. -->","yoast_head_json":{"title":"Grecia \ud83c\uddec\ud83c\uddf7 - ALPHA ZULU","description":"Navegar en Grecia, ya sea en las islas J\u00f3nicas, Sar\u00f3nicas o C\u00edcladas, ofrece una experiencia \u00fanica y emocionante. Con aguas cristalinas, brisas constantes y paisajes impresionantes, estas regiones son destinos populares para los entusiastas de la navegaci\u00f3n.","robots":{"index":"index","follow":"follow","max-snippet":"max-snippet:-1","max-image-preview":"max-image-preview:large","max-video-preview":"max-video-preview:-1"},"canonical":"https:\/\/alphazulu.es\/es\/destinos\/grecia\/","og_locale":"es_ES","og_type":"article","og_title":"Grecia \ud83c\uddec\ud83c\uddf7 - ALPHA ZULU","og_description":"Navegar en Grecia, ya sea en las islas J\u00f3nicas, Sar\u00f3nicas o C\u00edcladas, ofrece una experiencia \u00fanica y emocionante. Con aguas cristalinas, brisas constantes y paisajes impresionantes, estas regiones son destinos populares para los entusiastas de la navegaci\u00f3n.","og_url":"https:\/\/alphazulu.es\/es\/destinos\/grecia\/","og_site_name":"ALPHA ZULU","article_publisher":"https:\/\/www.facebook.com\/alphazulu.es","article_modified_time":"2024-02-21T16:46:16+00:00","og_image":[{"width":440,"height":800,"url":"https:\/\/alphazulu.es\/wp-content\/uploads\/2024\/02\/greece-featured.jpg","type":"image\/jpeg"}],"twitter_card":"summary_large_image","twitter_misc":{"Tiempo de lectura":"5 minutos"},"schema":{"@context":"https:\/\/schema.org","@graph":[{"@type":"WebPage","@id":"https:\/\/alphazulu.es\/es\/destinos\/grecia\/","url":"https:\/\/alphazulu.es\/es\/destinos\/grecia\/","name":"Grecia \ud83c\uddec\ud83c\uddf7 - ALPHA ZULU","isPartOf":{"@id":"https:\/\/alphazulu.es\/#website"},"primaryImageOfPage":{"@id":"https:\/\/alphazulu.es\/es\/destinos\/grecia\/#primaryimage"},"image":{"@id":"https:\/\/alphazulu.es\/es\/destinos\/grecia\/#primaryimage"},"thumbnailUrl":"https:\/\/alphazulu.es\/wp-content\/uploads\/2024\/02\/greece-featured.jpg","datePublished":"2024-02-06T14:08:57+00:00","dateModified":"2024-02-21T16:46:16+00:00","description":"Navegar en Grecia, ya sea en las islas J\u00f3nicas, Sar\u00f3nicas o C\u00edcladas, ofrece una experiencia \u00fanica y emocionante. Con aguas cristalinas, brisas constantes y paisajes impresionantes, estas regiones son destinos populares para los entusiastas de la navegaci\u00f3n.","breadcrumb":{"@id":"https:\/\/alphazulu.es\/es\/destinos\/grecia\/#breadcrumb"},"inLanguage":"es","potentialAction":[{"@type":"ReadAction","target":["https:\/\/alphazulu.es\/es\/destinos\/grecia\/"]}]},{"@type":"ImageObject","inLanguage":"es","@id":"https:\/\/alphazulu.es\/es\/destinos\/grecia\/#primaryimage","url":"https:\/\/alphazulu.es\/wp-content\/uploads\/2024\/02\/greece-featured.jpg","contentUrl":"https:\/\/alphazulu.es\/wp-content\/uploads\/2024\/02\/greece-featured.jpg","width":440,"height":800},{"@type":"BreadcrumbList","@id":"https:\/\/alphazulu.es\/es\/destinos\/grecia\/#breadcrumb","itemListElement":[{"@type":"ListItem","position":1,"name":"Portada","item":"https:\/\/alphazulu.es\/es\/"},{"@type":"ListItem","position":2,"name":"Destinos","item":"https:\/\/alphazulu.es\/es\/destinos\/"},{"@type":"ListItem","position":3,"name":"Grecia \ud83c\uddec\ud83c\uddf7"}]},{"@type":"WebSite","@id":"https:\/\/alphazulu.es\/#website","url":"https:\/\/alphazulu.es\/","name":"ALPHA ZULU","description":"Sail, explore, repeat","publisher":{"@id":"https:\/\/alphazulu.es\/#organization"},"potentialAction":[{"@type":"SearchAction","target":{"@type":"EntryPoint","urlTemplate":"https:\/\/alphazulu.es\/?s={search_term_string}"},"query-input":{"@type":"PropertyValueSpecification","valueRequired":true,"valueName":"search_term_string"}}],"inLanguage":"es"},{"@type":"Organization","@id":"https:\/\/alphazulu.es\/#organization","name":"ALPHA ZULU","url":"https:\/\/alphazulu.es\/","logo":{"@type":"ImageObject","inLanguage":"es","@id":"https:\/\/alphazulu.es\/#\/schema\/logo\/image\/","url":"https:\/\/alphazulu.es\/wp-content\/uploads\/2023\/04\/alphazulu-logo-color.png","contentUrl":"https:\/\/alphazulu.es\/wp-content\/uploads\/2023\/04\/alphazulu-logo-color.png","width":800,"height":800,"caption":"ALPHA ZULU"},"image":{"@id":"https:\/\/alphazulu.es\/#\/schema\/logo\/image\/"},"sameAs":["https:\/\/www.facebook.com\/alphazulu.es","https:\/\/www.instagram.com\/alphazulu.es\/","https:\/\/www.youtube.com\/@alphazulu-es","https:\/\/www.linkedin.com\/company\/alphazulu-es\/"]}]}},"_links":{"self":[{"href":"https:\/\/alphazulu.es\/es\/wp-json\/wp\/v2\/pages\/8515","targetHints":{"allow":["GET"]}}],"collection":[{"href":"https:\/\/alphazulu.es\/es\/wp-json\/wp\/v2\/pages"}],"about":[{"href":"https:\/\/alphazulu.es\/es\/wp-json\/wp\/v2\/types\/page"}],"author":[{"embeddable":true,"href":"https:\/\/alphazulu.es\/es\/wp-json\/wp\/v2\/users\/1"}],"replies":[{"embeddable":true,"href":"https:\/\/alphazulu.es\/es\/wp-json\/wp\/v2\/comments?post=8515"}],"version-history":[{"count":3,"href":"https:\/\/alphazulu.es\/es\/wp-json\/wp\/v2\/pages\/8515\/revisions"}],"predecessor-version":[{"id":8523,"href":"https:\/\/alphazulu.es\/es\/wp-json\/wp\/v2\/pages\/8515\/revisions\/8523"}],"up":[{"embeddable":true,"href":"https:\/\/alphazulu.es\/es\/wp-json\/wp\/v2\/pages\/1130"}],"wp:featuredmedia":[{"embeddable":true,"href":"https:\/\/alphazulu.es\/es\/wp-json\/wp\/v2\/media\/7567"}],"wp:attachment":[{"href":"https:\/\/alphazulu.es\/es\/wp-json\/wp\/v2\/media?parent=8515"}],"curies":[{"name":"wp","href":"https:\/\/api.w.org\/{rel}","templated":true}]}}