{"id":8494,"date":"2024-02-06T23:58:31","date_gmt":"2024-02-06T23:58:31","guid":{"rendered":"https:\/\/alphazulu.es\/nuestros-destinos\/bvis\/"},"modified":"2024-02-21T13:21:55","modified_gmt":"2024-02-21T13:21:55","slug":"bvis","status":"publish","type":"page","link":"https:\/\/alphazulu.es\/es\/destinos\/bvis\/","title":{"rendered":"BVIS \ud83c\uddfb\ud83c\uddec"},"content":{"rendered":"<div class=\"wpb-content-wrapper\"><p>[vc_row gap=\u00bb35&#8243; equal_height=\u00bbyes\u00bb enable_surfer_icon=\u00bbno\u00bb css=\u00bb.vc_custom_1696962407351{padding-bottom: 50px !important;}\u00bb][vc_column width=\u00bb1\/2&#8243;][vc_column_text]<\/p>\n<h3>BVIS: EL NIRVANA NA\u00daTICO DE ALPHA ZULU<\/h3>\n<p>Las Islas V\u00edrgenes Brit\u00e1nicas (BVIS): susurros del mar en los sue\u00f1os de los marineros, mezclando islas esmeralda, mares zafiro y aventuras doradas. Este es un reino de verano perpetuo, donde el tiempo queda en segundo plano y el oc\u00e9ano es tu autopista. Compuesto por m\u00e1s de 50 islas e islotes, el archipi\u00e9lago BVIS es un para\u00edso para los navegantes, extendi\u00e9ndose a lo largo de 32 millas de aguas azules cristalinas.[\/vc_column_text][vc_empty_space height=\u00bb40px\u00bb]<div class=\"qodef-image-gallery qodef-grid-list qodef-disable-bottom-space  qodef-ig-grid-type qodef-four-columns qodef-tiny-space  qodef-image-behavior-zoom\">\n\t<div class=\"qodef-ig-inner qodef-outer-space\">\n\t\t\t\t\t<div class=\"qodef-ig-image qodef-item-space\">\n\t\t\t\t<div class=\"qodef-ig-image-inner\">\n\t\t\t\t\t\t\t\t\t\t\t<img loading=\"lazy\" decoding=\"async\" width=\"800\" height=\"800\" src=\"https:\/\/alphazulu.es\/wp-content\/uploads\/2023\/10\/bahamas-gallery-1.jpg\" class=\"attachment-full size-full\" alt=\"\" srcset=\"https:\/\/alphazulu.es\/wp-content\/uploads\/2023\/10\/bahamas-gallery-1.jpg 800w, https:\/\/alphazulu.es\/wp-content\/uploads\/2023\/10\/bahamas-gallery-1-300x300.jpg 300w, https:\/\/alphazulu.es\/wp-content\/uploads\/2023\/10\/bahamas-gallery-1-150x150.jpg 150w, https:\/\/alphazulu.es\/wp-content\/uploads\/2023\/10\/bahamas-gallery-1-768x768.jpg 768w, https:\/\/alphazulu.es\/wp-content\/uploads\/2023\/10\/bahamas-gallery-1-650x650.jpg 650w, https:\/\/alphazulu.es\/wp-content\/uploads\/2023\/10\/bahamas-gallery-1-600x600.jpg 600w, https:\/\/alphazulu.es\/wp-content\/uploads\/2023\/10\/bahamas-gallery-1-100x100.jpg 100w\" sizes=\"auto, (max-width: 800px) 100vw, 800px\" \/>\t\t\t\t\t\t\t\t\t<\/div>\n\t\t\t<\/div>\n\t\t\t\t\t<div class=\"qodef-ig-image qodef-item-space\">\n\t\t\t\t<div class=\"qodef-ig-image-inner\">\n\t\t\t\t\t\t\t\t\t\t\t<img loading=\"lazy\" decoding=\"async\" width=\"800\" height=\"800\" src=\"https:\/\/alphazulu.es\/wp-content\/uploads\/2023\/10\/bahamas-gallery-2.jpg\" class=\"attachment-full size-full\" alt=\"bahamas-gallery-2\" srcset=\"https:\/\/alphazulu.es\/wp-content\/uploads\/2023\/10\/bahamas-gallery-2.jpg 800w, https:\/\/alphazulu.es\/wp-content\/uploads\/2023\/10\/bahamas-gallery-2-300x300.jpg 300w, https:\/\/alphazulu.es\/wp-content\/uploads\/2023\/10\/bahamas-gallery-2-150x150.jpg 150w, https:\/\/alphazulu.es\/wp-content\/uploads\/2023\/10\/bahamas-gallery-2-768x768.jpg 768w, https:\/\/alphazulu.es\/wp-content\/uploads\/2023\/10\/bahamas-gallery-2-650x650.jpg 650w, https:\/\/alphazulu.es\/wp-content\/uploads\/2023\/10\/bahamas-gallery-2-600x600.jpg 600w, https:\/\/alphazulu.es\/wp-content\/uploads\/2023\/10\/bahamas-gallery-2-100x100.jpg 100w\" sizes=\"auto, (max-width: 800px) 100vw, 800px\" \/>\t\t\t\t\t\t\t\t\t<\/div>\n\t\t\t<\/div>\n\t\t\t\t\t<div class=\"qodef-ig-image qodef-item-space\">\n\t\t\t\t<div class=\"qodef-ig-image-inner\">\n\t\t\t\t\t\t\t\t\t\t\t<img loading=\"lazy\" decoding=\"async\" width=\"800\" height=\"800\" src=\"https:\/\/alphazulu.es\/wp-content\/uploads\/2023\/10\/bahamas-gallery-3.jpg\" class=\"attachment-full size-full\" alt=\"\" srcset=\"https:\/\/alphazulu.es\/wp-content\/uploads\/2023\/10\/bahamas-gallery-3.jpg 800w, https:\/\/alphazulu.es\/wp-content\/uploads\/2023\/10\/bahamas-gallery-3-300x300.jpg 300w, https:\/\/alphazulu.es\/wp-content\/uploads\/2023\/10\/bahamas-gallery-3-150x150.jpg 150w, https:\/\/alphazulu.es\/wp-content\/uploads\/2023\/10\/bahamas-gallery-3-768x768.jpg 768w, https:\/\/alphazulu.es\/wp-content\/uploads\/2023\/10\/bahamas-gallery-3-650x650.jpg 650w, https:\/\/alphazulu.es\/wp-content\/uploads\/2023\/10\/bahamas-gallery-3-600x600.jpg 600w, https:\/\/alphazulu.es\/wp-content\/uploads\/2023\/10\/bahamas-gallery-3-100x100.jpg 100w\" sizes=\"auto, (max-width: 800px) 100vw, 800px\" \/>\t\t\t\t\t\t\t\t\t<\/div>\n\t\t\t<\/div>\n\t\t\t\t\t<div class=\"qodef-ig-image qodef-item-space\">\n\t\t\t\t<div class=\"qodef-ig-image-inner\">\n\t\t\t\t\t\t\t\t\t\t\t<img loading=\"lazy\" decoding=\"async\" width=\"800\" height=\"800\" src=\"https:\/\/alphazulu.es\/wp-content\/uploads\/2023\/10\/bahamas-gallery-4.jpg\" class=\"attachment-full size-full\" alt=\"\" srcset=\"https:\/\/alphazulu.es\/wp-content\/uploads\/2023\/10\/bahamas-gallery-4.jpg 800w, https:\/\/alphazulu.es\/wp-content\/uploads\/2023\/10\/bahamas-gallery-4-300x300.jpg 300w, https:\/\/alphazulu.es\/wp-content\/uploads\/2023\/10\/bahamas-gallery-4-150x150.jpg 150w, https:\/\/alphazulu.es\/wp-content\/uploads\/2023\/10\/bahamas-gallery-4-768x768.jpg 768w, https:\/\/alphazulu.es\/wp-content\/uploads\/2023\/10\/bahamas-gallery-4-650x650.jpg 650w, https:\/\/alphazulu.es\/wp-content\/uploads\/2023\/10\/bahamas-gallery-4-600x600.jpg 600w, https:\/\/alphazulu.es\/wp-content\/uploads\/2023\/10\/bahamas-gallery-4-100x100.jpg 100w\" sizes=\"auto, (max-width: 800px) 100vw, 800px\" \/>\t\t\t\t\t\t\t\t\t<\/div>\n\t\t\t<\/div>\n\t\t\t<\/div>\n<\/div>[\/vc_column][vc_column width=\u00bb1\/2&#8243; css=\u00bb.vc_custom_1696965210541{padding-top: 30px !important;padding-right: 50px !important;padding-bottom: 50px !important;padding-left: 50px !important;background-color: #001c56 !important;}\u00bb][vc_column_text]<\/p>\n<h3 style=\"color: #00ccef;\">\u00a1Tu viaje, tus reglas!<\/h3>\n<p><span style=\"color: #ffffff; font-size: 15px;\">En <strong><a style=\"color: #ffffff;\" href=\"https:\/\/alphazulu.es\/es\/\">ALPHA ZULU<\/a><\/strong>, creemos que cada viaje deber\u00eda ser una aventura \u00fanica y personal. Por lo tanto, aunque ofrecemos rutas recomendadas basadas en nuestra amplia experiencia navegando por estas aguas, siempre tienes la \u00faltima palabra sobre c\u00f3mo se lleva a cabo tu viaje. Ya sea que desees pasar m\u00e1s tiempo en un lugar en particular, explorar una cala escondida o cambiar de rumbo para visitar una isla cercana, estamos aqu\u00ed para hacerlo posible.<\/span>[\/vc_column_text][vc_empty_space height=\u00bb20px\u00bb][vc_row_inner equal_height=\u00bbyes\u00bb][vc_column_inner width=\u00bb1\/2&#8243;][vc_column_text]<\/p>\n<h5 style=\"color: #ffffff;\">\u00bfQu\u00e9 est\u00e1 incluido?<\/h5>\n<p><span style=\"color: #ffffff; font-size: 13px;\"><i class=\"fa-solid fa-check\" style=\"color: green;\"><\/i> <strong> Patr\u00f3n<\/strong><br \/>\n<i class=\"fa-solid fa-check\" style=\"color: green;\"><\/i> <strong> Seguro<\/strong><br \/>\n<i class=\"fa-solid fa-check\" style=\"color: green;\"><\/i> <strong> Limpieza<\/strong><br \/>\n<i class=\"fa-solid fa-check\" style=\"color: green;\"><\/i> <strong> Azafata (Opcional)<\/strong><br \/>\n<i class=\"fa-solid fa-check\" style=\"color: green;\"><\/i> <strong> Chef (Opcional)<\/strong><\/span>[\/vc_column_text][\/vc_column_inner][vc_column_inner width=\u00bb1\/2&#8243;][vc_empty_space height=\u00bb30px\u00bb][vc_single_image image=\u00bb7004&#8243; alignment=\u00bbcenter\u00bb][\/vc_column_inner][\/vc_row_inner][\/vc_column][\/vc_row][vc_row full_width=\u00bbstretch_row\u00bb gap=\u00bb35&#8243; equal_height=\u00bbyes\u00bb css=\u00bb.vc_custom_1696961776733{padding-top: 50px !important;padding-bottom: 70px !important;}\u00bb simple_background_color=\u00bb#f9f9f9&#8243;][vc_column width=\u00bb1\/2&#8243;][vc_column_text]<\/p>\n<h3><i class=\"fa-solid fa-location-dot\"><\/i>\u00a0BVIS <img decoding=\"async\" class=\"emoji\" role=\"img\" draggable=\"false\" src=\"https:\/\/s.w.org\/images\/core\/emoji\/14.0.0\/svg\/1f1fb-1f1ec.svg\" alt=\"\ud83c\uddfb\ud83c\uddec\" \/><\/h3>\n<p>[\/vc_column_text][vc_empty_space height=\u00bb20px\u00bb][vc_gmaps link=\u00bb#E-8_JTNDaWZyYW1lJTIwc3JjJTNEJTIyaHR0cHMlM0ElMkYlMkZ3d3cuZ29vZ2xlLmNvbSUyRm1hcHMlMkZlbWJlZCUzRnBiJTNEJTIxMW0xNCUyMTFtMTIlMjExbTMlMjExZDc3NDAyLjI0ODg0Mjc0MiUyMTJkLTc2LjgwNTc0Mjc5NzA0NTY4JTIxM2QyNC42NTAyMTgxNTcxMTg1NTUlMjEybTMlMjExZjAlMjEyZjAlMjEzZjAlMjEzbTIlMjExaTEwMjQlMjEyaTc2OCUyMTRmMTMuMSUyMTVlMCUyMTNtMiUyMTFzZXMlMjEyc2VzJTIxNHYxNjk2OTM5Mjc4NTE0JTIxNW0yJTIxMXNlcyUyMTJzZXMlMjIlMjB3aWR0aCUzRCUyMjQ1MCUyMiUyMGhlaWdodCUzRCUyMjQ1MCUyMiUyMHN0eWxlJTNEJTIyYm9yZGVyJTNBMCUzQiUyMiUyMGFsbG93ZnVsbHNjcmVlbiUzRCUyMiUyMiUyMGxvYWRpbmclM0QlMjJsYXp5JTIyJTIwcmVmZXJyZXJwb2xpY3klM0QlMjJuby1yZWZlcnJlci13aGVuLWRvd25ncmFkZSUyMiUzRSUzQyUyRmlmcmFtZSUzRQ==\u00bb][\/vc_column][vc_column width=\u00bb1\/2&#8243;][vc_column_text el_class=\u00bbdestination-text-map-right\u00bb]El Caribe, una vibrante amalgama de culturas, colores y maravillas naturales, es el \u00faltimo escenario de juego de Alpha Zulu. Una vez el reino de piratas y exploradores, hoy llama a los aventureros modernos que anhelan el seductor susurro del mar y la caricia de los vientos alisios en su piel. \u00a1Parte desde numerosas bases id\u00edlicas como Nassau, Tortola, Martinica, Saint Martin, Grenada y m\u00e1s! y emprende una odisea de 7 d\u00edas que atesorar\u00e1s para siempre.[\/vc_column_text][vc_empty_space height=\u00bb50px\u00bb][vc_row_inner equal_height=\u00bbyes\u00bb][vc_column_inner width=\u00bb1\/3&#8243; css=\u00bb.vc_custom_1697021034220{padding-bottom: 50px !important;}\u00bb][vc_single_image image=\u00bb7031&#8243; img_size=\u00bb55&#215;55&#8243; alignment=\u00bbcenter\u00bb][vc_column_text]<\/p>\n<h4 style=\"text-align: center; color: #0071bc;\">NAVEGACI\u00d3N<\/h4>\n<p style=\"text-align: center; color: #0071bc; font-size: 13px; line-height: 1.2;\">Ya seas un marinero experimentado o un principiante, la tranquila belleza de la navegaci\u00f3n es una experiencia que no debes perderte.<\/p>\n<p>[\/vc_column_text][\/vc_column_inner][vc_column_inner width=\u00bb1\/3&#8243; css=\u00bb.vc_custom_1697021065518{padding-bottom: 50px !important;}\u00bb][vc_single_image image=\u00bb7035&#8243; img_size=\u00bb55&#215;55&#8243; alignment=\u00bbcenter\u00bb][vc_column_text]<\/p>\n<h4 style=\"text-align: center; color: #0071bc;\">SUP<\/h4>\n<p style=\"text-align: center; color: #0071bc; font-size: 13px; line-height: 1.2;\">Glide along calm waters, taking in the scenic coastline and enjoying a full-body workout at your own pace.<\/p>\n<p>[\/vc_column_text][\/vc_column_inner][vc_column_inner width=\u00bb1\/3&#8243;][vc_single_image image=\u00bb7033&#8243; img_size=\u00bb55&#215;55&#8243; alignment=\u00bbcenter\u00bb][vc_column_text]<\/p>\n<h4 style=\"text-align: center; color: #0071bc;\">SNORKEL<\/h4>\n<p style=\"text-align: center; color: #0071bc; font-size: 13px; line-height: 1.2;\">Plunge into the depths of the sea and discover the world of marine life.<\/p>\n<p>[\/vc_column_text][\/vc_column_inner][\/vc_row_inner][\/vc_column][\/vc_row][vc_row full_width=\u00bbstretch_row\u00bb disable_background_image=\u00bb\u00bb css=\u00bb.vc_custom_1707264024209{margin-top: 1px !important;padding-top: 100px !important;padding-bottom: 100px !important;}\u00bb simple_background_image=\u00bb6028&#8243; el_class=\u00bbdestino-columnas\u00bb background_image_position=\u00bbbottom right\u00bb][vc_column width=\u00bb1\/3&#8243; css=\u00bb.vc_custom_1696940266201{padding-top: 40px !important;padding-right: 20px !important;padding-bottom: 20px !important;padding-left: 20px !important;background-color: rgba(0,0,0,0.6) !important;*background-color: rgb(0,0,0) !important;}\u00bb]<div class=\"qodef-section-title-holder  \" style=\"text-align: left\">\n\t<div class=\"qodef-st-inner\">\n                    <span class=\"qodef-st-background-text\" style=\"text-align: left\"><\/span>\n        \t\t\t\t\t<h2 class=\"qodef-st-title\" style=\"color: #ffffff\">\n\t\t\t\tTortola a Anegada\t\t\t<\/h2>\n\t\t                        <span class=\"qodef-st-caption\" style=\"color: #f2f2f2\">BVIS \ud83c\uddfb\ud83c\uddec 7 DAYS<\/span>\n        \t\t\t\t\t<\/div>\n<\/div>[vc_empty_space height=\u00bb40px\u00bb][vc_column_text]<\/p>\n<h4 style=\"color: #ffffff; margin: 0px; text-align: left;\">D\u00cdA 1<\/h4>\n<p style=\"font-size: 15px; color: #ffffff; margin-bottom: 30px; text-align: left;\">Navega hacia la Isla Norman; explora Las Cuevas y Treasure Point.<\/p>\n<h4 style=\"color: #ffffff; margin: 0px; text-align: left;\">D\u00cdA 2<\/h4>\n<p style=\"font-size: 15px; color: #ffffff; margin-bottom: 30px; text-align: left;\">Viaja a la Isla Salt; descubre el naufragio del RMS Rhone.<\/p>\n<h4 style=\"color: #ffffff; margin: 0px; text-align: left;\">D\u00cdA 3<\/h4>\n<p style=\"font-size: 15px; color: #ffffff; margin-bottom: 30px; text-align: left;\">Anegada te llama; festines de langosta y expediciones de coral.<\/p>\n<h4 style=\"color: #ffffff; margin: 0px; text-align: left;\">D\u00cdA 4-7<\/h4>\n<p style=\"font-size: 15px; color: #ffffff; margin-bottom: 30px; text-align: left;\">Una isla diferente cada d\u00eda: Jost Van Dyke, Virgen Gorda y m\u00e1s.<\/p>\n<p>[\/vc_column_text][\/vc_column][vc_column width=\u00bb1\/3&#8243;][\/vc_column][vc_column width=\u00bb1\/3&#8243;][\/vc_column][\/vc_row]<\/p>\n<\/div>","protected":false},"excerpt":{"rendered":"<p>[vc_row gap=\u00bb35&#8243; equal_height=\u00bbyes\u00bb enable_surfer_icon=\u00bbno\u00bb css=\u00bb.vc_custom_1696962407351{padding-bottom: 50px !important;}\u00bb][vc_column width=\u00bb1\/2&#8243;][vc_column_text] BVIS: EL NIRVANA NA\u00daTICO DE ALPHA ZULU Las Islas V\u00edrgenes Brit\u00e1nicas (BVIS): susurros del mar en los sue\u00f1os de los marineros, mezclando islas esmeralda, mares zafiro y aventuras doradas. Este es un reino de verano perpetuo, donde el tiempo queda en segundo [&hellip;]<\/p>\n","protected":false},"author":1,"featured_media":7571,"parent":1130,"menu_order":0,"comment_status":"closed","ping_status":"closed","template":"","meta":{"_acf_changed":false,"_joinchat":[],"footnotes":""},"class_list":["post-8494","page","type-page","status-publish","has-post-thumbnail","hentry"],"acf":[],"yoast_head":"<!-- This site is optimized with the Yoast SEO plugin v27.3 - https:\/\/yoast.com\/product\/yoast-seo-wordpress\/ -->\n<title>BVIS \ud83c\uddfb\ud83c\uddec - ALPHA ZULU<\/title>\n<meta name=\"description\" content=\"Las Islas V\u00edrgenes Brit\u00e1nicas (BVIS): susurros del mar en sue\u00f1os de marineros, mezclando islas esmeralda, mares zafiro y aventuras doradas.\" \/>\n<meta name=\"robots\" content=\"index, follow, max-snippet:-1, max-image-preview:large, max-video-preview:-1\" \/>\n<link rel=\"canonical\" href=\"https:\/\/alphazulu.es\/es\/destinos\/bvis\/\" \/>\n<meta property=\"og:locale\" content=\"es_ES\" \/>\n<meta property=\"og:type\" content=\"article\" \/>\n<meta property=\"og:title\" content=\"BVIS \ud83c\uddfb\ud83c\uddec - ALPHA ZULU\" \/>\n<meta property=\"og:description\" content=\"Las Islas V\u00edrgenes Brit\u00e1nicas (BVIS): susurros del mar en sue\u00f1os de marineros, mezclando islas esmeralda, mares zafiro y aventuras doradas.\" \/>\n<meta property=\"og:url\" content=\"https:\/\/alphazulu.es\/es\/destinos\/bvis\/\" \/>\n<meta property=\"og:site_name\" content=\"ALPHA ZULU\" \/>\n<meta property=\"article:publisher\" content=\"https:\/\/www.facebook.com\/alphazulu.es\" \/>\n<meta property=\"article:modified_time\" content=\"2024-02-21T13:21:55+00:00\" \/>\n<meta property=\"og:image\" content=\"https:\/\/alphazulu.es\/wp-content\/uploads\/2024\/02\/bvis-featured.jpg\" \/>\n\t<meta property=\"og:image:width\" content=\"440\" \/>\n\t<meta property=\"og:image:height\" content=\"800\" \/>\n\t<meta property=\"og:image:type\" content=\"image\/jpeg\" \/>\n<meta name=\"twitter:card\" content=\"summary_large_image\" \/>\n<meta name=\"twitter:label1\" content=\"Tiempo de lectura\" \/>\n\t<meta name=\"twitter:data1\" content=\"5 minutos\" \/>\n<script type=\"application\/ld+json\" class=\"yoast-schema-graph\">{\"@context\":\"https:\\\/\\\/schema.org\",\"@graph\":[{\"@type\":\"WebPage\",\"@id\":\"https:\\\/\\\/alphazulu.es\\\/es\\\/destinos\\\/bvis\\\/\",\"url\":\"https:\\\/\\\/alphazulu.es\\\/es\\\/destinos\\\/bvis\\\/\",\"name\":\"BVIS \ud83c\uddfb\ud83c\uddec - ALPHA ZULU\",\"isPartOf\":{\"@id\":\"https:\\\/\\\/alphazulu.es\\\/#website\"},\"primaryImageOfPage\":{\"@id\":\"https:\\\/\\\/alphazulu.es\\\/es\\\/destinos\\\/bvis\\\/#primaryimage\"},\"image\":{\"@id\":\"https:\\\/\\\/alphazulu.es\\\/es\\\/destinos\\\/bvis\\\/#primaryimage\"},\"thumbnailUrl\":\"https:\\\/\\\/alphazulu.es\\\/wp-content\\\/uploads\\\/2024\\\/02\\\/bvis-featured.jpg\",\"datePublished\":\"2024-02-06T23:58:31+00:00\",\"dateModified\":\"2024-02-21T13:21:55+00:00\",\"description\":\"Las Islas V\u00edrgenes Brit\u00e1nicas (BVIS): susurros del mar en sue\u00f1os de marineros, mezclando islas esmeralda, mares zafiro y aventuras doradas.\",\"breadcrumb\":{\"@id\":\"https:\\\/\\\/alphazulu.es\\\/es\\\/destinos\\\/bvis\\\/#breadcrumb\"},\"inLanguage\":\"es\",\"potentialAction\":[{\"@type\":\"ReadAction\",\"target\":[\"https:\\\/\\\/alphazulu.es\\\/es\\\/destinos\\\/bvis\\\/\"]}]},{\"@type\":\"ImageObject\",\"inLanguage\":\"es\",\"@id\":\"https:\\\/\\\/alphazulu.es\\\/es\\\/destinos\\\/bvis\\\/#primaryimage\",\"url\":\"https:\\\/\\\/alphazulu.es\\\/wp-content\\\/uploads\\\/2024\\\/02\\\/bvis-featured.jpg\",\"contentUrl\":\"https:\\\/\\\/alphazulu.es\\\/wp-content\\\/uploads\\\/2024\\\/02\\\/bvis-featured.jpg\",\"width\":440,\"height\":800},{\"@type\":\"BreadcrumbList\",\"@id\":\"https:\\\/\\\/alphazulu.es\\\/es\\\/destinos\\\/bvis\\\/#breadcrumb\",\"itemListElement\":[{\"@type\":\"ListItem\",\"position\":1,\"name\":\"Portada\",\"item\":\"https:\\\/\\\/alphazulu.es\\\/es\\\/\"},{\"@type\":\"ListItem\",\"position\":2,\"name\":\"Destinos\",\"item\":\"https:\\\/\\\/alphazulu.es\\\/es\\\/destinos\\\/\"},{\"@type\":\"ListItem\",\"position\":3,\"name\":\"BVIS \ud83c\uddfb\ud83c\uddec\"}]},{\"@type\":\"WebSite\",\"@id\":\"https:\\\/\\\/alphazulu.es\\\/#website\",\"url\":\"https:\\\/\\\/alphazulu.es\\\/\",\"name\":\"ALPHA ZULU\",\"description\":\"Sail, explore, repeat\",\"publisher\":{\"@id\":\"https:\\\/\\\/alphazulu.es\\\/#organization\"},\"potentialAction\":[{\"@type\":\"SearchAction\",\"target\":{\"@type\":\"EntryPoint\",\"urlTemplate\":\"https:\\\/\\\/alphazulu.es\\\/?s={search_term_string}\"},\"query-input\":{\"@type\":\"PropertyValueSpecification\",\"valueRequired\":true,\"valueName\":\"search_term_string\"}}],\"inLanguage\":\"es\"},{\"@type\":\"Organization\",\"@id\":\"https:\\\/\\\/alphazulu.es\\\/#organization\",\"name\":\"ALPHA ZULU\",\"url\":\"https:\\\/\\\/alphazulu.es\\\/\",\"logo\":{\"@type\":\"ImageObject\",\"inLanguage\":\"es\",\"@id\":\"https:\\\/\\\/alphazulu.es\\\/#\\\/schema\\\/logo\\\/image\\\/\",\"url\":\"https:\\\/\\\/alphazulu.es\\\/wp-content\\\/uploads\\\/2023\\\/04\\\/alphazulu-logo-color.png\",\"contentUrl\":\"https:\\\/\\\/alphazulu.es\\\/wp-content\\\/uploads\\\/2023\\\/04\\\/alphazulu-logo-color.png\",\"width\":800,\"height\":800,\"caption\":\"ALPHA ZULU\"},\"image\":{\"@id\":\"https:\\\/\\\/alphazulu.es\\\/#\\\/schema\\\/logo\\\/image\\\/\"},\"sameAs\":[\"https:\\\/\\\/www.facebook.com\\\/alphazulu.es\",\"https:\\\/\\\/www.instagram.com\\\/alphazulu.es\\\/\",\"https:\\\/\\\/www.youtube.com\\\/@alphazulu-es\",\"https:\\\/\\\/www.linkedin.com\\\/company\\\/alphazulu-es\\\/\"]}]}<\/script>\n<!-- \/ Yoast SEO plugin. -->","yoast_head_json":{"title":"BVIS \ud83c\uddfb\ud83c\uddec - ALPHA ZULU","description":"Las Islas V\u00edrgenes Brit\u00e1nicas (BVIS): susurros del mar en sue\u00f1os de marineros, mezclando islas esmeralda, mares zafiro y aventuras doradas.","robots":{"index":"index","follow":"follow","max-snippet":"max-snippet:-1","max-image-preview":"max-image-preview:large","max-video-preview":"max-video-preview:-1"},"canonical":"https:\/\/alphazulu.es\/es\/destinos\/bvis\/","og_locale":"es_ES","og_type":"article","og_title":"BVIS \ud83c\uddfb\ud83c\uddec - ALPHA ZULU","og_description":"Las Islas V\u00edrgenes Brit\u00e1nicas (BVIS): susurros del mar en sue\u00f1os de marineros, mezclando islas esmeralda, mares zafiro y aventuras doradas.","og_url":"https:\/\/alphazulu.es\/es\/destinos\/bvis\/","og_site_name":"ALPHA ZULU","article_publisher":"https:\/\/www.facebook.com\/alphazulu.es","article_modified_time":"2024-02-21T13:21:55+00:00","og_image":[{"width":440,"height":800,"url":"https:\/\/alphazulu.es\/wp-content\/uploads\/2024\/02\/bvis-featured.jpg","type":"image\/jpeg"}],"twitter_card":"summary_large_image","twitter_misc":{"Tiempo de lectura":"5 minutos"},"schema":{"@context":"https:\/\/schema.org","@graph":[{"@type":"WebPage","@id":"https:\/\/alphazulu.es\/es\/destinos\/bvis\/","url":"https:\/\/alphazulu.es\/es\/destinos\/bvis\/","name":"BVIS \ud83c\uddfb\ud83c\uddec - ALPHA ZULU","isPartOf":{"@id":"https:\/\/alphazulu.es\/#website"},"primaryImageOfPage":{"@id":"https:\/\/alphazulu.es\/es\/destinos\/bvis\/#primaryimage"},"image":{"@id":"https:\/\/alphazulu.es\/es\/destinos\/bvis\/#primaryimage"},"thumbnailUrl":"https:\/\/alphazulu.es\/wp-content\/uploads\/2024\/02\/bvis-featured.jpg","datePublished":"2024-02-06T23:58:31+00:00","dateModified":"2024-02-21T13:21:55+00:00","description":"Las Islas V\u00edrgenes Brit\u00e1nicas (BVIS): susurros del mar en sue\u00f1os de marineros, mezclando islas esmeralda, mares zafiro y aventuras doradas.","breadcrumb":{"@id":"https:\/\/alphazulu.es\/es\/destinos\/bvis\/#breadcrumb"},"inLanguage":"es","potentialAction":[{"@type":"ReadAction","target":["https:\/\/alphazulu.es\/es\/destinos\/bvis\/"]}]},{"@type":"ImageObject","inLanguage":"es","@id":"https:\/\/alphazulu.es\/es\/destinos\/bvis\/#primaryimage","url":"https:\/\/alphazulu.es\/wp-content\/uploads\/2024\/02\/bvis-featured.jpg","contentUrl":"https:\/\/alphazulu.es\/wp-content\/uploads\/2024\/02\/bvis-featured.jpg","width":440,"height":800},{"@type":"BreadcrumbList","@id":"https:\/\/alphazulu.es\/es\/destinos\/bvis\/#breadcrumb","itemListElement":[{"@type":"ListItem","position":1,"name":"Portada","item":"https:\/\/alphazulu.es\/es\/"},{"@type":"ListItem","position":2,"name":"Destinos","item":"https:\/\/alphazulu.es\/es\/destinos\/"},{"@type":"ListItem","position":3,"name":"BVIS \ud83c\uddfb\ud83c\uddec"}]},{"@type":"WebSite","@id":"https:\/\/alphazulu.es\/#website","url":"https:\/\/alphazulu.es\/","name":"ALPHA ZULU","description":"Sail, explore, repeat","publisher":{"@id":"https:\/\/alphazulu.es\/#organization"},"potentialAction":[{"@type":"SearchAction","target":{"@type":"EntryPoint","urlTemplate":"https:\/\/alphazulu.es\/?s={search_term_string}"},"query-input":{"@type":"PropertyValueSpecification","valueRequired":true,"valueName":"search_term_string"}}],"inLanguage":"es"},{"@type":"Organization","@id":"https:\/\/alphazulu.es\/#organization","name":"ALPHA ZULU","url":"https:\/\/alphazulu.es\/","logo":{"@type":"ImageObject","inLanguage":"es","@id":"https:\/\/alphazulu.es\/#\/schema\/logo\/image\/","url":"https:\/\/alphazulu.es\/wp-content\/uploads\/2023\/04\/alphazulu-logo-color.png","contentUrl":"https:\/\/alphazulu.es\/wp-content\/uploads\/2023\/04\/alphazulu-logo-color.png","width":800,"height":800,"caption":"ALPHA ZULU"},"image":{"@id":"https:\/\/alphazulu.es\/#\/schema\/logo\/image\/"},"sameAs":["https:\/\/www.facebook.com\/alphazulu.es","https:\/\/www.instagram.com\/alphazulu.es\/","https:\/\/www.youtube.com\/@alphazulu-es","https:\/\/www.linkedin.com\/company\/alphazulu-es\/"]}]}},"_links":{"self":[{"href":"https:\/\/alphazulu.es\/es\/wp-json\/wp\/v2\/pages\/8494","targetHints":{"allow":["GET"]}}],"collection":[{"href":"https:\/\/alphazulu.es\/es\/wp-json\/wp\/v2\/pages"}],"about":[{"href":"https:\/\/alphazulu.es\/es\/wp-json\/wp\/v2\/types\/page"}],"author":[{"embeddable":true,"href":"https:\/\/alphazulu.es\/es\/wp-json\/wp\/v2\/users\/1"}],"replies":[{"embeddable":true,"href":"https:\/\/alphazulu.es\/es\/wp-json\/wp\/v2\/comments?post=8494"}],"version-history":[{"count":2,"href":"https:\/\/alphazulu.es\/es\/wp-json\/wp\/v2\/pages\/8494\/revisions"}],"predecessor-version":[{"id":8496,"href":"https:\/\/alphazulu.es\/es\/wp-json\/wp\/v2\/pages\/8494\/revisions\/8496"}],"up":[{"embeddable":true,"href":"https:\/\/alphazulu.es\/es\/wp-json\/wp\/v2\/pages\/1130"}],"wp:featuredmedia":[{"embeddable":true,"href":"https:\/\/alphazulu.es\/es\/wp-json\/wp\/v2\/media\/7571"}],"wp:attachment":[{"href":"https:\/\/alphazulu.es\/es\/wp-json\/wp\/v2\/media?parent=8494"}],"curies":[{"name":"wp","href":"https:\/\/api.w.org\/{rel}","templated":true}]}}