{"id":5843,"date":"2023-08-08T12:41:29","date_gmt":"2023-08-08T12:41:29","guid":{"rendered":"https:\/\/alphazulu.es\/?page_id=5843"},"modified":"2023-08-08T13:28:42","modified_gmt":"2023-08-08T13:28:42","slug":"politica-de-privacidad","status":"publish","type":"page","link":"https:\/\/alphazulu.es\/es\/politica-de-privacidad\/","title":{"rendered":"Pol\u00edtica de Privacidad"},"content":{"rendered":"<div class=\"wpb-content-wrapper\"><p>[vc_row row_content_width=\u00bbgrid\u00bb enable_surfer_icon=\u00bbno\u00bb css=\u00bb.vc_custom_1691090452376{padding-top: 50px !important;padding-bottom: 130px !important;}\u00bb][vc_column width=\u00bb1\/2&#8243; offset=\u00bbvc_col-lg-6&#8243; el_id=\u00bbcontacto-datos\u00bb][vc_single_image image=\u00bb3135&#8243; img_size=\u00bbmedium\u00bb alignment=\u00bbcenter\u00bb][vc_empty_space height=\u00bb30px\u00bb]<div class=\"qodef-iwt clearfix  qodef-iwt-icon-left qodef-iwt-icon-medium\">\n\t<div class=\"qodef-iwt-icon\">\n\t\t\t\t\t<a itemprop=\"url\" href=\"mailto:hola@alphazulu.es\" target=\"_self\">\n\t\t\t\t\t\t\t\t\t    <span class=\"qodef-icon-shortcode qodef-normal   qodef-icon-medium\"  data-color=\"#0071bc\">\n                    <i class=\"qodef-icon-font-awesome fa fa-envelope qodef-icon-element\" style=\"color: #0071bc;font-size:15px\" ><\/i>            <\/span>\n\t\t\t\t\t\t\t\t<\/a>\n\t\t\t<\/div>\n\t<div class=\"qodef-iwt-content\" >\n\t\t\t\t\t<h6 class=\"qodef-iwt-title\" style=\"margin-top: 10px\">\n\t\t\t\t\t\t\t\t\t<a itemprop=\"url\" href=\"mailto:hola@alphazulu.es\" target=\"_self\">\n\t\t\t\t\t\t\t\t<span class=\"qodef-iwt-title-text\">hola@alphazulu.es<\/span>\n\t\t\t\t\t\t\t\t\t<\/a>\n\t\t\t\t\t\t\t<\/h6>\n\t\t\t\t\t<\/div>\n<\/div>[vc_empty_space height=\u00bb10px\u00bb]<div class=\"qodef-iwt clearfix  qodef-iwt-icon-left qodef-iwt-icon-medium\">\n\t<div class=\"qodef-iwt-icon\">\n\t\t\t\t\t<a itemprop=\"url\" href=\"tel:+34652065553\" target=\"_self\">\n\t\t\t\t\t\t\t\t\t    <span class=\"qodef-icon-shortcode qodef-normal   qodef-icon-medium\"  data-color=\"#0071bc\">\n                    <i class=\"qodef-icon-font-awesome fa fa-mobile qodef-icon-element\" style=\"color: #0071bc;font-size:15px\" ><\/i>            <\/span>\n\t\t\t\t\t\t\t\t<\/a>\n\t\t\t<\/div>\n\t<div class=\"qodef-iwt-content\" >\n\t\t\t\t\t<h6 class=\"qodef-iwt-title\" style=\"margin-top: 10px\">\n\t\t\t\t\t\t\t\t\t<a itemprop=\"url\" href=\"tel:+34652065553\" target=\"_self\">\n\t\t\t\t\t\t\t\t<span class=\"qodef-iwt-title-text\">+34 652 06 55 53<\/span>\n\t\t\t\t\t\t\t\t\t<\/a>\n\t\t\t\t\t\t\t<\/h6>\n\t\t\t\t\t<\/div>\n<\/div>[vc_empty_space height=\u00bb10px\u00bb]<div class=\"qodef-iwt clearfix  qodef-iwt-icon-left qodef-iwt-icon-medium\">\n\t<div class=\"qodef-iwt-icon\">\n\t\t\t\t\t\t\t\t\t    <span class=\"qodef-icon-shortcode qodef-normal   qodef-icon-medium\"  data-color=\"#0071bc\">\n                    <i class=\"qodef-icon-font-awesome fa fa-map-pin qodef-icon-element\" style=\"color: #0071bc;font-size:15px\" ><\/i>            <\/span>\n\t\t\t\t\t\t<\/div>\n\t<div class=\"qodef-iwt-content\" >\n\t\t\t\t\t<h6 class=\"qodef-iwt-title\" style=\"margin-top: 10px\">\n\t\t\t\t\t\t\t\t<span class=\"qodef-iwt-title-text\">Barcelona, Espa\u00f1a<\/span>\n\t\t\t\t\t\t\t<\/h6>\n\t\t\t\t\t<\/div>\n<\/div>[vc_empty_space height=\u00bb50px\u00bb][vc_column_text]<\/p>\n<h4>CONT\u00c1CTANOS:<\/h4>\n<p>[\/vc_column_text][vc_empty_space height=\u00bb10px\u00bb]    <span class=\"qodef-icon-shortcode qodef-normal   \"  data-color=\"#0071bc\">\n                    <a itemprop=\"url\" class=\"\" href=\"https:\/\/www.facebook.com\/alphazulu.es\" target=\"_blank\">\n                    <i class=\"qodef-icon-font-awesome fab fa-facebook qodef-icon-element\" style=\"color: #0071bc;font-size:18px\" ><\/i>                    <\/a>\n            <\/span>\n    <span class=\"qodef-icon-shortcode qodef-normal   \" style=\"margin: 0 0 0 10px\" data-color=\"#0071bc\">\n                    <a itemprop=\"url\" class=\"\" href=\"https:\/\/www.instagram.com\/alphazulu.es\/\" target=\"_blank\">\n                    <i class=\"qodef-icon-font-awesome fab fa-instagram qodef-icon-element\" style=\"color: #0071bc;font-size:18px\" ><\/i>                    <\/a>\n            <\/span>\n    <span class=\"qodef-icon-shortcode qodef-normal   \" style=\"margin: 0 0 0 10px\" data-color=\"#0071bc\">\n                    <a itemprop=\"url\" class=\"\" href=\"https:\/\/www.youtube.com\/@alphazulu-es\" target=\"_blank\">\n                    <i class=\"qodef-icon-font-awesome fab fa-youtube qodef-icon-element\" style=\"color: #0071bc;font-size:18px\" ><\/i>                    <\/a>\n            <\/span>\n    <span class=\"qodef-icon-shortcode qodef-normal   \" style=\"margin: 0 0 0 10px\" data-color=\"#0071bc\">\n                    <a itemprop=\"url\" class=\"\" href=\"https:\/\/www.linkedin.com\/company\/alphazulu-es\/\" target=\"_blank\">\n                    <i class=\"qodef-icon-font-awesome fab fa-linkedin qodef-icon-element\" style=\"color: #0071bc;font-size:18px\" ><\/i>                    <\/a>\n            <\/span>\n[\/vc_column][vc_column width=\u00bb1\/2&#8243; offset=\u00bbvc_col-lg-6&#8243; css=\u00bb.vc_custom_1691090820334{padding-top: 50px !important;}\u00bb]<div class=\"qodef-section-title-holder  \" >\n\t<div class=\"qodef-st-inner\">\n        \t\t\t\t\t<h1 class=\"qodef-st-title\" >\n\t\t\t\tPol\u00edtica de Privacidad\t\t\t<\/h1>\n\t\t        \t\t\t\t\t<\/div>\n<\/div>[vc_empty_space height=\u00bb25px\u00bb][vc_column_text]<\/p>\n<h4>Introducci\u00f3n<\/h4>\n<p>Esta pol\u00edtica de privacidad (\u00abPol\u00edtica\u00bb) describe c\u00f3mo Alpha Zulu recoge, protege y utiliza la informaci\u00f3n personal identificable (\u00abInformaci\u00f3n Personal\u00bb) que usted puede proporcionar en el sitio web alphazulu.es y sus servicios (colectivamente, \u00abSitio web\u00bb o \u00abServicios\u00bb).<\/p>\n<h4>Recopilaci\u00f3n de informaci\u00f3n personal<\/h4>\n<p>Recibimos y almacenamos cualquier informaci\u00f3n que usted nos proporciona conscientemente cuando rellena cualquier formulario en l\u00ednea en el Sitio web.<\/p>\n<h4>Uso y procesamiento de la informaci\u00f3n recopilada<\/h4>\n<p>Cualquiera de la informaci\u00f3n que recopilamos de usted puede ser utilizada para personalizar su experiencia; mejorar nuestro sitio web; procesar transacciones; enviar correos electr\u00f3nicos de notificaci\u00f3n como recordatorios de contrase\u00f1as, actualizaciones, etc.; ejecutar y operar nuestro sitio web y servicios.<\/p>\n<h4>Transferencia y almacenamiento de datos<\/h4>\n<p>Su informaci\u00f3n, incluyendo la Informaci\u00f3n Personal, puede ser almacenada en computadoras localizadas fuera de su estado, provincia, pa\u00eds u otra jurisdicci\u00f3n gubernamental donde las leyes de protecci\u00f3n de datos pueden diferir de las de su jurisdicci\u00f3n.<\/p>\n<h4>Derechos de los interesados<\/h4>\n<p>Usted puede ejercer ciertos derechos con respecto a su informaci\u00f3n procesada por nosotros. En particular, usted tiene el derecho de acceder, actualizar o eliminar la informaci\u00f3n que tenemos sobre usted.<\/p>\n<h4>Cookies<\/h4>\n<p>El sitio web utiliza \u00abcookies\u00bb para ayudar a personalizar su experiencia en l\u00ednea.<\/p>\n<h4>Cambios en esta Pol\u00edtica de Privacidad<\/h4>\n<p>Nos reservamos el derecho de modificar esta pol\u00edtica de privacidad en cualquier momento, por lo que le recomendamos que la revise con frecuencia.<\/p>\n<h4>Aceptaci\u00f3n de esta pol\u00edtica<\/h4>\n<p>Usted reconoce que ha le\u00eddo esta Pol\u00edtica y acepta todos sus t\u00e9rminos y condiciones. Al utilizar el Sitio Web o sus Servicios, usted acepta estar sujeto a esta Pol\u00edtica.[\/vc_column_text][\/vc_column][\/vc_row]<\/p>\n<\/div>","protected":false},"excerpt":{"rendered":"<p>[vc_row row_content_width=\u00bbgrid\u00bb enable_surfer_icon=\u00bbno\u00bb css=\u00bb.vc_custom_1691090452376{padding-top: 50px !important;padding-bottom: 130px !important;}\u00bb][vc_column width=\u00bb1\/2&#8243; offset=\u00bbvc_col-lg-6&#8243; el_id=\u00bbcontacto-datos\u00bb][vc_single_image image=\u00bb3135&#8243; img_size=\u00bbmedium\u00bb alignment=\u00bbcenter\u00bb][vc_empty_space height=\u00bb30px\u00bb][vc_empty_space height=\u00bb10px\u00bb][vc_empty_space height=\u00bb10px\u00bb][vc_empty_space height=\u00bb50px\u00bb][vc_column_text] CONT\u00c1CTANOS: [\/vc_column_text][vc_empty_space height=\u00bb10px\u00bb][\/vc_column][vc_column width=\u00bb1\/2&#8243; offset=\u00bbvc_col-lg-6&#8243; css=\u00bb.vc_custom_1691090820334{padding-top: 50px !important;}\u00bb][vc_empty_space height=\u00bb25px\u00bb][vc_column_text] Introducci\u00f3n Esta pol\u00edtica de privacidad (\u00abPol\u00edtica\u00bb) describe c\u00f3mo Alpha Zulu recoge, protege y utiliza la informaci\u00f3n personal identificable (\u00abInformaci\u00f3n Personal\u00bb) que usted puede [&hellip;]<\/p>\n","protected":false},"author":5,"featured_media":3135,"parent":0,"menu_order":0,"comment_status":"closed","ping_status":"closed","template":"full-width.php","meta":{"_acf_changed":false,"_joinchat":[],"footnotes":""},"class_list":["post-5843","page","type-page","status-publish","has-post-thumbnail","hentry"],"acf":[],"yoast_head":"<!-- This site is optimized with the Yoast SEO plugin v27.4 - https:\/\/yoast.com\/product\/yoast-seo-wordpress\/ -->\n<title>Pol\u00edtica de Privacidad - ALPHA ZULU<\/title>\n<meta name=\"robots\" content=\"index, follow, max-snippet:-1, max-image-preview:large, max-video-preview:-1\" \/>\n<link rel=\"canonical\" href=\"https:\/\/alphazulu.es\/privacy-policy\/\" \/>\n<meta property=\"og:locale\" content=\"es_ES\" \/>\n<meta property=\"og:type\" content=\"article\" \/>\n<meta property=\"og:title\" content=\"Pol\u00edtica de Privacidad - ALPHA ZULU\" \/>\n<meta property=\"og:description\" content=\"[vc_row row_content_width=\u00bbgrid\u00bb enable_surfer_icon=\u00bbno\u00bb css=\u00bb.vc_custom_1691090452376{padding-top: 50px !important;padding-bottom: 130px !important;}\u00bb][vc_column width=\u00bb1\/2&#8243; offset=\u00bbvc_col-lg-6&#8243; el_id=\u00bbcontacto-datos\u00bb][vc_single_image image=\u00bb3135&#8243; img_size=\u00bbmedium\u00bb alignment=\u00bbcenter\u00bb][vc_empty_space height=\u00bb30px\u00bb][vc_empty_space height=\u00bb10px\u00bb][vc_empty_space height=\u00bb10px\u00bb][vc_empty_space height=\u00bb50px\u00bb][vc_column_text] CONT\u00c1CTANOS: [\/vc_column_text][vc_empty_space height=\u00bb10px\u00bb][\/vc_column][vc_column width=\u00bb1\/2&#8243; offset=\u00bbvc_col-lg-6&#8243; css=\u00bb.vc_custom_1691090820334{padding-top: 50px !important;}\u00bb][vc_empty_space height=\u00bb25px\u00bb][vc_column_text] Introducci\u00f3n Esta pol\u00edtica de privacidad (\u00abPol\u00edtica\u00bb) describe c\u00f3mo Alpha Zulu recoge, protege y utiliza la informaci\u00f3n personal identificable (\u00abInformaci\u00f3n Personal\u00bb) que usted puede [&hellip;]\" \/>\n<meta property=\"og:url\" content=\"https:\/\/alphazulu.es\/privacy-policy\/\" \/>\n<meta property=\"og:site_name\" content=\"ALPHA ZULU\" \/>\n<meta property=\"article:publisher\" content=\"https:\/\/www.facebook.com\/alphazulu.es\" \/>\n<meta property=\"article:modified_time\" content=\"2023-08-08T13:28:42+00:00\" \/>\n<meta name=\"twitter:card\" content=\"summary_large_image\" \/>\n<meta name=\"twitter:label1\" content=\"Tiempo de lectura\" \/>\n\t<meta name=\"twitter:data1\" content=\"3 minutos\" \/>\n<script type=\"application\/ld+json\" class=\"yoast-schema-graph\">{\"@context\":\"https:\\\/\\\/schema.org\",\"@graph\":[{\"@type\":\"WebPage\",\"@id\":\"https:\\\/\\\/alphazulu.es\\\/privacy-policy\\\/\",\"url\":\"https:\\\/\\\/alphazulu.es\\\/privacy-policy\\\/\",\"name\":\"Pol\u00edtica de Privacidad - ALPHA ZULU\",\"isPartOf\":{\"@id\":\"https:\\\/\\\/alphazulu.es\\\/#website\"},\"primaryImageOfPage\":{\"@id\":\"https:\\\/\\\/alphazulu.es\\\/privacy-policy\\\/#primaryimage\"},\"image\":{\"@id\":\"https:\\\/\\\/alphazulu.es\\\/privacy-policy\\\/#primaryimage\"},\"thumbnailUrl\":\"https:\\\/\\\/alphazulu.es\\\/wp-content\\\/uploads\\\/2023\\\/04\\\/alphazulu-logo-color.png\",\"datePublished\":\"2023-08-08T12:41:29+00:00\",\"dateModified\":\"2023-08-08T13:28:42+00:00\",\"breadcrumb\":{\"@id\":\"https:\\\/\\\/alphazulu.es\\\/privacy-policy\\\/#breadcrumb\"},\"inLanguage\":\"es\",\"potentialAction\":[{\"@type\":\"ReadAction\",\"target\":[\"https:\\\/\\\/alphazulu.es\\\/privacy-policy\\\/\"]}]},{\"@type\":\"ImageObject\",\"inLanguage\":\"es\",\"@id\":\"https:\\\/\\\/alphazulu.es\\\/privacy-policy\\\/#primaryimage\",\"url\":\"https:\\\/\\\/alphazulu.es\\\/wp-content\\\/uploads\\\/2023\\\/04\\\/alphazulu-logo-color.png\",\"contentUrl\":\"https:\\\/\\\/alphazulu.es\\\/wp-content\\\/uploads\\\/2023\\\/04\\\/alphazulu-logo-color.png\",\"width\":800,\"height\":800},{\"@type\":\"BreadcrumbList\",\"@id\":\"https:\\\/\\\/alphazulu.es\\\/privacy-policy\\\/#breadcrumb\",\"itemListElement\":[{\"@type\":\"ListItem\",\"position\":1,\"name\":\"Portada\",\"item\":\"https:\\\/\\\/alphazulu.es\\\/es\\\/\"},{\"@type\":\"ListItem\",\"position\":2,\"name\":\"Pol\u00edtica de Privacidad\"}]},{\"@type\":\"WebSite\",\"@id\":\"https:\\\/\\\/alphazulu.es\\\/#website\",\"url\":\"https:\\\/\\\/alphazulu.es\\\/\",\"name\":\"ALPHA ZULU\",\"description\":\"Sail, explore, repeat\",\"publisher\":{\"@id\":\"https:\\\/\\\/alphazulu.es\\\/#organization\"},\"potentialAction\":[{\"@type\":\"SearchAction\",\"target\":{\"@type\":\"EntryPoint\",\"urlTemplate\":\"https:\\\/\\\/alphazulu.es\\\/?s={search_term_string}\"},\"query-input\":{\"@type\":\"PropertyValueSpecification\",\"valueRequired\":true,\"valueName\":\"search_term_string\"}}],\"inLanguage\":\"es\"},{\"@type\":\"Organization\",\"@id\":\"https:\\\/\\\/alphazulu.es\\\/#organization\",\"name\":\"ALPHA ZULU\",\"url\":\"https:\\\/\\\/alphazulu.es\\\/\",\"logo\":{\"@type\":\"ImageObject\",\"inLanguage\":\"es\",\"@id\":\"https:\\\/\\\/alphazulu.es\\\/#\\\/schema\\\/logo\\\/image\\\/\",\"url\":\"https:\\\/\\\/alphazulu.es\\\/wp-content\\\/uploads\\\/2023\\\/04\\\/alphazulu-logo-color.png\",\"contentUrl\":\"https:\\\/\\\/alphazulu.es\\\/wp-content\\\/uploads\\\/2023\\\/04\\\/alphazulu-logo-color.png\",\"width\":800,\"height\":800,\"caption\":\"ALPHA ZULU\"},\"image\":{\"@id\":\"https:\\\/\\\/alphazulu.es\\\/#\\\/schema\\\/logo\\\/image\\\/\"},\"sameAs\":[\"https:\\\/\\\/www.facebook.com\\\/alphazulu.es\",\"https:\\\/\\\/www.instagram.com\\\/alphazulu.es\\\/\",\"https:\\\/\\\/www.youtube.com\\\/@alphazulu-es\",\"https:\\\/\\\/www.linkedin.com\\\/company\\\/alphazulu-es\\\/\"]}]}<\/script>\n<!-- \/ Yoast SEO plugin. -->","yoast_head_json":{"title":"Pol\u00edtica de Privacidad - ALPHA ZULU","robots":{"index":"index","follow":"follow","max-snippet":"max-snippet:-1","max-image-preview":"max-image-preview:large","max-video-preview":"max-video-preview:-1"},"canonical":"https:\/\/alphazulu.es\/privacy-policy\/","og_locale":"es_ES","og_type":"article","og_title":"Pol\u00edtica de Privacidad - ALPHA ZULU","og_description":"[vc_row row_content_width=\u00bbgrid\u00bb enable_surfer_icon=\u00bbno\u00bb css=\u00bb.vc_custom_1691090452376{padding-top: 50px !important;padding-bottom: 130px !important;}\u00bb][vc_column width=\u00bb1\/2&#8243; offset=\u00bbvc_col-lg-6&#8243; el_id=\u00bbcontacto-datos\u00bb][vc_single_image image=\u00bb3135&#8243; img_size=\u00bbmedium\u00bb alignment=\u00bbcenter\u00bb][vc_empty_space height=\u00bb30px\u00bb][vc_empty_space height=\u00bb10px\u00bb][vc_empty_space height=\u00bb10px\u00bb][vc_empty_space height=\u00bb50px\u00bb][vc_column_text] CONT\u00c1CTANOS: [\/vc_column_text][vc_empty_space height=\u00bb10px\u00bb][\/vc_column][vc_column width=\u00bb1\/2&#8243; offset=\u00bbvc_col-lg-6&#8243; css=\u00bb.vc_custom_1691090820334{padding-top: 50px !important;}\u00bb][vc_empty_space height=\u00bb25px\u00bb][vc_column_text] Introducci\u00f3n Esta pol\u00edtica de privacidad (\u00abPol\u00edtica\u00bb) describe c\u00f3mo Alpha Zulu recoge, protege y utiliza la informaci\u00f3n personal identificable (\u00abInformaci\u00f3n Personal\u00bb) que usted puede [&hellip;]","og_url":"https:\/\/alphazulu.es\/privacy-policy\/","og_site_name":"ALPHA ZULU","article_publisher":"https:\/\/www.facebook.com\/alphazulu.es","article_modified_time":"2023-08-08T13:28:42+00:00","twitter_card":"summary_large_image","twitter_misc":{"Tiempo de lectura":"3 minutos"},"schema":{"@context":"https:\/\/schema.org","@graph":[{"@type":"WebPage","@id":"https:\/\/alphazulu.es\/privacy-policy\/","url":"https:\/\/alphazulu.es\/privacy-policy\/","name":"Pol\u00edtica de Privacidad - ALPHA ZULU","isPartOf":{"@id":"https:\/\/alphazulu.es\/#website"},"primaryImageOfPage":{"@id":"https:\/\/alphazulu.es\/privacy-policy\/#primaryimage"},"image":{"@id":"https:\/\/alphazulu.es\/privacy-policy\/#primaryimage"},"thumbnailUrl":"https:\/\/alphazulu.es\/wp-content\/uploads\/2023\/04\/alphazulu-logo-color.png","datePublished":"2023-08-08T12:41:29+00:00","dateModified":"2023-08-08T13:28:42+00:00","breadcrumb":{"@id":"https:\/\/alphazulu.es\/privacy-policy\/#breadcrumb"},"inLanguage":"es","potentialAction":[{"@type":"ReadAction","target":["https:\/\/alphazulu.es\/privacy-policy\/"]}]},{"@type":"ImageObject","inLanguage":"es","@id":"https:\/\/alphazulu.es\/privacy-policy\/#primaryimage","url":"https:\/\/alphazulu.es\/wp-content\/uploads\/2023\/04\/alphazulu-logo-color.png","contentUrl":"https:\/\/alphazulu.es\/wp-content\/uploads\/2023\/04\/alphazulu-logo-color.png","width":800,"height":800},{"@type":"BreadcrumbList","@id":"https:\/\/alphazulu.es\/privacy-policy\/#breadcrumb","itemListElement":[{"@type":"ListItem","position":1,"name":"Portada","item":"https:\/\/alphazulu.es\/es\/"},{"@type":"ListItem","position":2,"name":"Pol\u00edtica de Privacidad"}]},{"@type":"WebSite","@id":"https:\/\/alphazulu.es\/#website","url":"https:\/\/alphazulu.es\/","name":"ALPHA ZULU","description":"Sail, explore, repeat","publisher":{"@id":"https:\/\/alphazulu.es\/#organization"},"potentialAction":[{"@type":"SearchAction","target":{"@type":"EntryPoint","urlTemplate":"https:\/\/alphazulu.es\/?s={search_term_string}"},"query-input":{"@type":"PropertyValueSpecification","valueRequired":true,"valueName":"search_term_string"}}],"inLanguage":"es"},{"@type":"Organization","@id":"https:\/\/alphazulu.es\/#organization","name":"ALPHA ZULU","url":"https:\/\/alphazulu.es\/","logo":{"@type":"ImageObject","inLanguage":"es","@id":"https:\/\/alphazulu.es\/#\/schema\/logo\/image\/","url":"https:\/\/alphazulu.es\/wp-content\/uploads\/2023\/04\/alphazulu-logo-color.png","contentUrl":"https:\/\/alphazulu.es\/wp-content\/uploads\/2023\/04\/alphazulu-logo-color.png","width":800,"height":800,"caption":"ALPHA ZULU"},"image":{"@id":"https:\/\/alphazulu.es\/#\/schema\/logo\/image\/"},"sameAs":["https:\/\/www.facebook.com\/alphazulu.es","https:\/\/www.instagram.com\/alphazulu.es\/","https:\/\/www.youtube.com\/@alphazulu-es","https:\/\/www.linkedin.com\/company\/alphazulu-es\/"]}]}},"_links":{"self":[{"href":"https:\/\/alphazulu.es\/es\/wp-json\/wp\/v2\/pages\/5843","targetHints":{"allow":["GET"]}}],"collection":[{"href":"https:\/\/alphazulu.es\/es\/wp-json\/wp\/v2\/pages"}],"about":[{"href":"https:\/\/alphazulu.es\/es\/wp-json\/wp\/v2\/types\/page"}],"author":[{"embeddable":true,"href":"https:\/\/alphazulu.es\/es\/wp-json\/wp\/v2\/users\/5"}],"replies":[{"embeddable":true,"href":"https:\/\/alphazulu.es\/es\/wp-json\/wp\/v2\/comments?post=5843"}],"version-history":[{"count":2,"href":"https:\/\/alphazulu.es\/es\/wp-json\/wp\/v2\/pages\/5843\/revisions"}],"predecessor-version":[{"id":5845,"href":"https:\/\/alphazulu.es\/es\/wp-json\/wp\/v2\/pages\/5843\/revisions\/5845"}],"wp:featuredmedia":[{"embeddable":true,"href":"https:\/\/alphazulu.es\/es\/wp-json\/wp\/v2\/media\/3135"}],"wp:attachment":[{"href":"https:\/\/alphazulu.es\/es\/wp-json\/wp\/v2\/media?parent=5843"}],"curies":[{"name":"wp","href":"https:\/\/api.w.org\/{rel}","templated":true}]}}