{"id":5751,"date":"2023-08-03T14:56:29","date_gmt":"2023-08-03T14:56:29","guid":{"rendered":"https:\/\/alphazulu.es\/?page_id=5751"},"modified":"2023-10-03T12:21:14","modified_gmt":"2023-10-03T12:21:14","slug":"terminos-y-condiciones","status":"publish","type":"page","link":"https:\/\/alphazulu.es\/es\/terminos-y-condiciones\/","title":{"rendered":"T\u00e9rminos y Condiciones"},"content":{"rendered":"<div class=\"wpb-content-wrapper\"><p>[vc_row row_content_width=\u00bbgrid\u00bb enable_surfer_icon=\u00bbno\u00bb css=\u00bb.vc_custom_1691090452376{padding-top: 50px !important;padding-bottom: 130px !important;}\u00bb][vc_column width=\u00bb1\/2&#8243; offset=\u00bbvc_col-lg-6&#8243; el_id=\u00bbcontacto-datos\u00bb][vc_single_image image=\u00bb3135&#8243; img_size=\u00bbmedium\u00bb alignment=\u00bbcenter\u00bb][vc_empty_space height=\u00bb30px\u00bb]<div class=\"qodef-iwt clearfix  qodef-iwt-icon-left qodef-iwt-icon-medium\">\n\t<div class=\"qodef-iwt-icon\">\n\t\t\t\t\t<a itemprop=\"url\" href=\"mailto:hola@alphazulu.es\" target=\"_self\">\n\t\t\t\t\t\t\t\t\t    <span class=\"qodef-icon-shortcode qodef-normal   qodef-icon-medium\"  data-color=\"#0071bc\">\n                    <i class=\"qodef-icon-font-awesome fa fa-envelope qodef-icon-element\" style=\"color: #0071bc;font-size:15px\" ><\/i>            <\/span>\n\t\t\t\t\t\t\t\t<\/a>\n\t\t\t<\/div>\n\t<div class=\"qodef-iwt-content\" >\n\t\t\t\t\t<h6 class=\"qodef-iwt-title\" style=\"margin-top: 10px\">\n\t\t\t\t\t\t\t\t\t<a itemprop=\"url\" href=\"mailto:hola@alphazulu.es\" target=\"_self\">\n\t\t\t\t\t\t\t\t<span class=\"qodef-iwt-title-text\">hola@alphazulu.es<\/span>\n\t\t\t\t\t\t\t\t\t<\/a>\n\t\t\t\t\t\t\t<\/h6>\n\t\t\t\t\t<\/div>\n<\/div>[vc_empty_space height=\u00bb10px\u00bb]<div class=\"qodef-iwt clearfix  qodef-iwt-icon-left qodef-iwt-icon-medium\">\n\t<div class=\"qodef-iwt-icon\">\n\t\t\t\t\t<a itemprop=\"url\" href=\"tel:+34652065553\" target=\"_self\">\n\t\t\t\t\t\t\t\t\t    <span class=\"qodef-icon-shortcode qodef-normal   qodef-icon-medium\"  data-color=\"#0071bc\">\n                    <i class=\"qodef-icon-font-awesome fa fa-mobile qodef-icon-element\" style=\"color: #0071bc;font-size:15px\" ><\/i>            <\/span>\n\t\t\t\t\t\t\t\t<\/a>\n\t\t\t<\/div>\n\t<div class=\"qodef-iwt-content\" >\n\t\t\t\t\t<h6 class=\"qodef-iwt-title\" style=\"margin-top: 10px\">\n\t\t\t\t\t\t\t\t\t<a itemprop=\"url\" href=\"tel:+34652065553\" target=\"_self\">\n\t\t\t\t\t\t\t\t<span class=\"qodef-iwt-title-text\">+34 652 06 55 53<\/span>\n\t\t\t\t\t\t\t\t\t<\/a>\n\t\t\t\t\t\t\t<\/h6>\n\t\t\t\t\t<\/div>\n<\/div>[vc_empty_space height=\u00bb10px\u00bb]<div class=\"qodef-iwt clearfix  qodef-iwt-icon-left qodef-iwt-icon-medium\">\n\t<div class=\"qodef-iwt-icon\">\n\t\t\t\t\t\t\t\t\t    <span class=\"qodef-icon-shortcode qodef-normal   qodef-icon-medium\"  data-color=\"#0071bc\">\n                    <i class=\"qodef-icon-font-awesome fa fa-map-pin qodef-icon-element\" style=\"color: #0071bc;font-size:15px\" ><\/i>            <\/span>\n\t\t\t\t\t\t<\/div>\n\t<div class=\"qodef-iwt-content\" >\n\t\t\t\t\t<h6 class=\"qodef-iwt-title\" style=\"margin-top: 10px\">\n\t\t\t\t\t\t\t\t<span class=\"qodef-iwt-title-text\">Barcelona, Spain<\/span>\n\t\t\t\t\t\t\t<\/h6>\n\t\t\t\t\t<\/div>\n<\/div>[vc_empty_space height=\u00bb50px\u00bb][vc_column_text]<\/p>\n<h4>CONTACT US:<\/h4>\n<p>[\/vc_column_text][vc_empty_space height=\u00bb10px\u00bb]    <span class=\"qodef-icon-shortcode qodef-normal   \"  data-color=\"#0071bc\">\n                    <a itemprop=\"url\" class=\"\" href=\"https:\/\/www.facebook.com\/alphazulu.es\" target=\"_blank\">\n                    <i class=\"qodef-icon-font-awesome fab fa-facebook qodef-icon-element\" style=\"color: #0071bc;font-size:18px\" ><\/i>                    <\/a>\n            <\/span>\n    <span class=\"qodef-icon-shortcode qodef-normal   \" style=\"margin: 0 0 0 10px\" data-color=\"#0071bc\">\n                    <a itemprop=\"url\" class=\"\" href=\"https:\/\/www.instagram.com\/alphazulu.es\/\" target=\"_blank\">\n                    <i class=\"qodef-icon-font-awesome fab fa-instagram qodef-icon-element\" style=\"color: #0071bc;font-size:18px\" ><\/i>                    <\/a>\n            <\/span>\n    <span class=\"qodef-icon-shortcode qodef-normal   \" style=\"margin: 0 0 0 10px\" data-color=\"#0071bc\">\n                    <a itemprop=\"url\" class=\"\" href=\"https:\/\/www.youtube.com\/@alphazulu-es\" target=\"_blank\">\n                    <i class=\"qodef-icon-font-awesome fab fa-youtube qodef-icon-element\" style=\"color: #0071bc;font-size:18px\" ><\/i>                    <\/a>\n            <\/span>\n    <span class=\"qodef-icon-shortcode qodef-normal   \" style=\"margin: 0 0 0 10px\" data-color=\"#0071bc\">\n                    <a itemprop=\"url\" class=\"\" href=\"https:\/\/www.linkedin.com\/company\/alphazulu-es\/\" target=\"_blank\">\n                    <i class=\"qodef-icon-font-awesome fab fa-linkedin qodef-icon-element\" style=\"color: #0071bc;font-size:18px\" ><\/i>                    <\/a>\n            <\/span>\n[\/vc_column][vc_column width=\u00bb1\/2&#8243; offset=\u00bbvc_col-lg-6&#8243; css=\u00bb.vc_custom_1691090820334{padding-top: 50px !important;}\u00bb]<div class=\"qodef-section-title-holder  \" >\n\t<div class=\"qodef-st-inner\">\n        \t\t\t\t\t<h1 class=\"qodef-st-title\" >\n\t\t\t\tT\u00e9rminos y Condiciones\t\t\t<\/h1>\n\t\t        \t\t\t\t\t<\/div>\n<\/div>[vc_empty_space height=\u00bb25px\u00bb][vc_column_text]<\/p>\n<h5>Introducci\u00f3n<\/h5>\n<p>Bienvenido a Alpha Zulu (\u00abnosotros\u00bb, \u00abnos\u00bb, \u00abnuestro\u00bb). Los siguientes t\u00e9rminos y condiciones gu\u00edan el uso de nuestra tienda en l\u00ednea (\u00abservicio\u00bb). Al utilizar nuestro servicio, usted acepta estos t\u00e9rminos y condiciones en su totalidad.<\/p>\n<h5>Derechos de Propiedad Intelectual<\/h5>\n<p>A menos que se indique lo contrario, somos propietarios de los derechos de propiedad intelectual de todo el material en nuestro servicio. Todos los derechos de propiedad intelectual est\u00e1n reservados.<\/p>\n<h5>Restricciones<\/h5>\n<p>Ciertas \u00e1reas de nuestro servicio est\u00e1n restringidas y no pueden ser accedidas por usted y podemos restringir a\u00fan m\u00e1s el acceso por usted a cualquier \u00e1rea de nuestro servicio, en cualquier momento, a nuestro exclusivo criterio.<\/p>\n<h5>Contenido del Usuario<\/h5>\n<p>En estos t\u00e9rminos y condiciones, \u00absu contenido\u00bb significa cualquier audio, video, texto, im\u00e1genes u otro material que decida mostrar en este servicio.<\/p>\n<h5>Su Privacidad<\/h5>\n<p>Por favor, lea nuestra <a href=\"https:\/\/alphazulu.es\/es\/politica-de-privacidad\">Pol\u00edtica de Privacidad<\/a>.<\/p>\n<h5>Reserva de Derechos<\/h5>\n<p>Nos reservamos el derecho de eliminar cualquier material que usted publique en nuestro servicio en cualquier momento sin previo aviso.<\/p>\n<h5>Limitaci\u00f3n de responsabilidad<\/h5>\n<p>En ning\u00fan caso seremos responsables, ni ninguno de nuestros oficiales, directores y empleados, por nada que surja o est\u00e9 de alguna manera conectado con su uso de este servicio.<\/p>\n<h5>Variaci\u00f3n de T\u00e9rminos<\/h5>\n<p>Tenemos permiso para revisar estos t\u00e9rminos en cualquier momento que consideremos adecuado, y al utilizar este servicio se espera que revise estos t\u00e9rminos regularmente.<\/p>\n<h5>Ley que Rige &amp; Jurisdicci\u00f3n<\/h5>\n<p>Estos t\u00e9rminos ser\u00e1n gobernados e interpretados de acuerdo con las leyes de Espa\u00f1a, y usted se somete a la jurisdicci\u00f3n no exclusiva de los tribunales ubicados en Espa\u00f1a para la resoluci\u00f3n de cualquier disputa.<\/p>\n<h5>Nuestros Datos<\/h5>\n<p>AZ SAILING SL<br \/>\nCIF B13893649<br \/>\nVAT ESB13893649<br \/>\nPlaza Pat\u00ed de Vela 2<br \/>\nBarcelona, Spain[\/vc_column_text][vc_separator css=\u00bb.vc_custom_1696335456856{padding-top: 45px !important;padding-bottom: 35px !important;}\u00bb][vc_column_text]<\/p>\n<h3>E-Commerce &#8211; Env\u00edos y Devoluciones<\/h3>\n<h5>Procesamiento de Pedidos<\/h5>\n<p>Alpha Zulu se compromete a procesar y preparar los pedidos en el menor tiempo posible, generalmente en un plazo de 24 a 48 horas laborables, a menos que se especifique lo contrario durante el proceso de compra.<\/p>\n<h5>Costos y Opciones de Env\u00edo<\/h5>\n<p>Los costos y opciones de env\u00edo se detallar\u00e1n durante el proceso de compra y estar\u00e1n sujetos a las tarifas y condiciones vigentes en ese momento. Alpha Zulu ofrece distintos m\u00e9todos de env\u00edo para satisfacer las necesidades de los clientes.<\/p>\n<h5>Tiempo Estimado de Entrega<\/h5>\n<p>El tiempo estimado de entrega depender\u00e1 de la opci\u00f3n de env\u00edo seleccionada y del destino final del pedido. Alpha Zulu proporcionar\u00e1 una estimaci\u00f3n del plazo de entrega durante el proceso de compra, pero no se hace responsable de retrasos causados por factores externos, como condiciones clim\u00e1ticas adversas o problemas de log\u00edstica ajenos a nuestra empresa.<\/p>\n<h5>Seguimiento de Env\u00edos<\/h5>\n<p>Alpha Zulu facilitar\u00e1 a los clientes un n\u00famero de seguimiento para que puedan rastrear el estado de su env\u00edo a trav\u00e9s del proveedor de transporte designado.<\/p>\n<h5>Derecho de Devoluci\u00f3n<\/h5>\n<p>Los clientes tienen un plazo de 30 d\u00edas a partir de la recepci\u00f3n del pedido para solicitar una devoluci\u00f3n, siempre y cuando los productos se encuentren en su estado original y no hayan sido utilizados o da\u00f1ados.<\/p>\n<h5>Proceso de Devoluci\u00f3n<\/h5>\n<p>Para iniciar el proceso de devoluci\u00f3n, el cliente deber\u00e1 ponerse en contacto con el servicio de atenci\u00f3n al cliente de Alpha Zulu a trav\u00e9s de <a href=\"mailto:hola@alphazulu.es\">hola@alphazulu.es<\/a>. Se proporcionar\u00e1n instrucciones detalladas sobre c\u00f3mo proceder con la devoluci\u00f3n.<\/p>\n<h5>Gastos de Devoluci\u00f3n<\/h5>\n<p>Los gastos de env\u00edo asociados a la devoluci\u00f3n ser\u00e1n responsabilidad del cliente, a menos que el motivo de la devoluci\u00f3n sea atribuible a un error o defecto por parte de Alpha Zulu.<\/p>\n<h5>Inspecci\u00f3n y Reembolso<\/h5>\n<p>Una vez recibidos y verificados los productos devueltos, Alpha Zulu proceder\u00e1 al reembolso del importe correspondiente en un plazo de 7 d\u00edas h\u00e1biles utilizando el mismo m\u00e9todo de pago utilizado para la compra original.[\/vc_column_text][\/vc_column][\/vc_row]<\/p>\n<\/div>","protected":false},"excerpt":{"rendered":"<p>[vc_row row_content_width=\u00bbgrid\u00bb enable_surfer_icon=\u00bbno\u00bb css=\u00bb.vc_custom_1691090452376{padding-top: 50px !important;padding-bottom: 130px !important;}\u00bb][vc_column width=\u00bb1\/2&#8243; offset=\u00bbvc_col-lg-6&#8243; el_id=\u00bbcontacto-datos\u00bb][vc_single_image image=\u00bb3135&#8243; img_size=\u00bbmedium\u00bb alignment=\u00bbcenter\u00bb][vc_empty_space height=\u00bb30px\u00bb][vc_empty_space height=\u00bb10px\u00bb][vc_empty_space height=\u00bb10px\u00bb][vc_empty_space height=\u00bb50px\u00bb][vc_column_text] CONTACT US: [\/vc_column_text][vc_empty_space height=\u00bb10px\u00bb][\/vc_column][vc_column width=\u00bb1\/2&#8243; offset=\u00bbvc_col-lg-6&#8243; css=\u00bb.vc_custom_1691090820334{padding-top: 50px !important;}\u00bb][vc_empty_space height=\u00bb25px\u00bb][vc_column_text] Introducci\u00f3n Bienvenido a Alpha Zulu (\u00abnosotros\u00bb, \u00abnos\u00bb, \u00abnuestro\u00bb). Los siguientes t\u00e9rminos y condiciones gu\u00edan el uso de nuestra tienda en l\u00ednea (\u00abservicio\u00bb). [&hellip;]<\/p>\n","protected":false},"author":5,"featured_media":3135,"parent":0,"menu_order":0,"comment_status":"closed","ping_status":"closed","template":"full-width.php","meta":{"_acf_changed":false,"_joinchat":[],"footnotes":""},"class_list":["post-5751","page","type-page","status-publish","has-post-thumbnail","hentry"],"acf":[],"yoast_head":"<!-- This site is optimized with the Yoast SEO plugin v27.4 - https:\/\/yoast.com\/product\/yoast-seo-wordpress\/ -->\n<title>T\u00e9rminos y Condiciones - ALPHA ZULU<\/title>\n<meta name=\"robots\" content=\"index, follow, max-snippet:-1, max-image-preview:large, max-video-preview:-1\" \/>\n<link rel=\"canonical\" href=\"https:\/\/alphazulu.es\/terms-conditions\/\" \/>\n<meta property=\"og:locale\" content=\"es_ES\" \/>\n<meta property=\"og:type\" content=\"article\" \/>\n<meta property=\"og:title\" content=\"T\u00e9rminos y Condiciones - ALPHA ZULU\" \/>\n<meta property=\"og:description\" content=\"[vc_row row_content_width=\u00bbgrid\u00bb enable_surfer_icon=\u00bbno\u00bb css=\u00bb.vc_custom_1691090452376{padding-top: 50px !important;padding-bottom: 130px !important;}\u00bb][vc_column width=\u00bb1\/2&#8243; offset=\u00bbvc_col-lg-6&#8243; el_id=\u00bbcontacto-datos\u00bb][vc_single_image image=\u00bb3135&#8243; img_size=\u00bbmedium\u00bb alignment=\u00bbcenter\u00bb][vc_empty_space height=\u00bb30px\u00bb][vc_empty_space height=\u00bb10px\u00bb][vc_empty_space height=\u00bb10px\u00bb][vc_empty_space height=\u00bb50px\u00bb][vc_column_text] CONTACT US: [\/vc_column_text][vc_empty_space height=\u00bb10px\u00bb][\/vc_column][vc_column width=\u00bb1\/2&#8243; offset=\u00bbvc_col-lg-6&#8243; css=\u00bb.vc_custom_1691090820334{padding-top: 50px !important;}\u00bb][vc_empty_space height=\u00bb25px\u00bb][vc_column_text] Introducci\u00f3n Bienvenido a Alpha Zulu (\u00abnosotros\u00bb, \u00abnos\u00bb, \u00abnuestro\u00bb). Los siguientes t\u00e9rminos y condiciones gu\u00edan el uso de nuestra tienda en l\u00ednea (\u00abservicio\u00bb). [&hellip;]\" \/>\n<meta property=\"og:url\" content=\"https:\/\/alphazulu.es\/terms-conditions\/\" \/>\n<meta property=\"og:site_name\" content=\"ALPHA ZULU\" \/>\n<meta property=\"article:publisher\" content=\"https:\/\/www.facebook.com\/alphazulu.es\" \/>\n<meta property=\"article:modified_time\" content=\"2023-10-03T12:21:14+00:00\" \/>\n<meta name=\"twitter:card\" content=\"summary_large_image\" \/>\n<meta name=\"twitter:label1\" content=\"Tiempo de lectura\" \/>\n\t<meta name=\"twitter:data1\" content=\"5 minutos\" \/>\n<script type=\"application\/ld+json\" class=\"yoast-schema-graph\">{\"@context\":\"https:\\\/\\\/schema.org\",\"@graph\":[{\"@type\":\"WebPage\",\"@id\":\"https:\\\/\\\/alphazulu.es\\\/terms-conditions\\\/\",\"url\":\"https:\\\/\\\/alphazulu.es\\\/terms-conditions\\\/\",\"name\":\"T\u00e9rminos y Condiciones - ALPHA ZULU\",\"isPartOf\":{\"@id\":\"https:\\\/\\\/alphazulu.es\\\/#website\"},\"primaryImageOfPage\":{\"@id\":\"https:\\\/\\\/alphazulu.es\\\/terms-conditions\\\/#primaryimage\"},\"image\":{\"@id\":\"https:\\\/\\\/alphazulu.es\\\/terms-conditions\\\/#primaryimage\"},\"thumbnailUrl\":\"https:\\\/\\\/alphazulu.es\\\/wp-content\\\/uploads\\\/2023\\\/04\\\/alphazulu-logo-color.png\",\"datePublished\":\"2023-08-03T14:56:29+00:00\",\"dateModified\":\"2023-10-03T12:21:14+00:00\",\"breadcrumb\":{\"@id\":\"https:\\\/\\\/alphazulu.es\\\/terms-conditions\\\/#breadcrumb\"},\"inLanguage\":\"es\",\"potentialAction\":[{\"@type\":\"ReadAction\",\"target\":[\"https:\\\/\\\/alphazulu.es\\\/terms-conditions\\\/\"]}]},{\"@type\":\"ImageObject\",\"inLanguage\":\"es\",\"@id\":\"https:\\\/\\\/alphazulu.es\\\/terms-conditions\\\/#primaryimage\",\"url\":\"https:\\\/\\\/alphazulu.es\\\/wp-content\\\/uploads\\\/2023\\\/04\\\/alphazulu-logo-color.png\",\"contentUrl\":\"https:\\\/\\\/alphazulu.es\\\/wp-content\\\/uploads\\\/2023\\\/04\\\/alphazulu-logo-color.png\",\"width\":800,\"height\":800},{\"@type\":\"BreadcrumbList\",\"@id\":\"https:\\\/\\\/alphazulu.es\\\/terms-conditions\\\/#breadcrumb\",\"itemListElement\":[{\"@type\":\"ListItem\",\"position\":1,\"name\":\"Portada\",\"item\":\"https:\\\/\\\/alphazulu.es\\\/es\\\/\"},{\"@type\":\"ListItem\",\"position\":2,\"name\":\"T\u00e9rminos y Condiciones\"}]},{\"@type\":\"WebSite\",\"@id\":\"https:\\\/\\\/alphazulu.es\\\/#website\",\"url\":\"https:\\\/\\\/alphazulu.es\\\/\",\"name\":\"ALPHA ZULU\",\"description\":\"Sail, explore, repeat\",\"publisher\":{\"@id\":\"https:\\\/\\\/alphazulu.es\\\/#organization\"},\"potentialAction\":[{\"@type\":\"SearchAction\",\"target\":{\"@type\":\"EntryPoint\",\"urlTemplate\":\"https:\\\/\\\/alphazulu.es\\\/?s={search_term_string}\"},\"query-input\":{\"@type\":\"PropertyValueSpecification\",\"valueRequired\":true,\"valueName\":\"search_term_string\"}}],\"inLanguage\":\"es\"},{\"@type\":\"Organization\",\"@id\":\"https:\\\/\\\/alphazulu.es\\\/#organization\",\"name\":\"ALPHA ZULU\",\"url\":\"https:\\\/\\\/alphazulu.es\\\/\",\"logo\":{\"@type\":\"ImageObject\",\"inLanguage\":\"es\",\"@id\":\"https:\\\/\\\/alphazulu.es\\\/#\\\/schema\\\/logo\\\/image\\\/\",\"url\":\"https:\\\/\\\/alphazulu.es\\\/wp-content\\\/uploads\\\/2023\\\/04\\\/alphazulu-logo-color.png\",\"contentUrl\":\"https:\\\/\\\/alphazulu.es\\\/wp-content\\\/uploads\\\/2023\\\/04\\\/alphazulu-logo-color.png\",\"width\":800,\"height\":800,\"caption\":\"ALPHA ZULU\"},\"image\":{\"@id\":\"https:\\\/\\\/alphazulu.es\\\/#\\\/schema\\\/logo\\\/image\\\/\"},\"sameAs\":[\"https:\\\/\\\/www.facebook.com\\\/alphazulu.es\",\"https:\\\/\\\/www.instagram.com\\\/alphazulu.es\\\/\",\"https:\\\/\\\/www.youtube.com\\\/@alphazulu-es\",\"https:\\\/\\\/www.linkedin.com\\\/company\\\/alphazulu-es\\\/\"]}]}<\/script>\n<!-- \/ Yoast SEO plugin. -->","yoast_head_json":{"title":"T\u00e9rminos y Condiciones - ALPHA ZULU","robots":{"index":"index","follow":"follow","max-snippet":"max-snippet:-1","max-image-preview":"max-image-preview:large","max-video-preview":"max-video-preview:-1"},"canonical":"https:\/\/alphazulu.es\/terms-conditions\/","og_locale":"es_ES","og_type":"article","og_title":"T\u00e9rminos y Condiciones - ALPHA ZULU","og_description":"[vc_row row_content_width=\u00bbgrid\u00bb enable_surfer_icon=\u00bbno\u00bb css=\u00bb.vc_custom_1691090452376{padding-top: 50px !important;padding-bottom: 130px !important;}\u00bb][vc_column width=\u00bb1\/2&#8243; offset=\u00bbvc_col-lg-6&#8243; el_id=\u00bbcontacto-datos\u00bb][vc_single_image image=\u00bb3135&#8243; img_size=\u00bbmedium\u00bb alignment=\u00bbcenter\u00bb][vc_empty_space height=\u00bb30px\u00bb][vc_empty_space height=\u00bb10px\u00bb][vc_empty_space height=\u00bb10px\u00bb][vc_empty_space height=\u00bb50px\u00bb][vc_column_text] CONTACT US: [\/vc_column_text][vc_empty_space height=\u00bb10px\u00bb][\/vc_column][vc_column width=\u00bb1\/2&#8243; offset=\u00bbvc_col-lg-6&#8243; css=\u00bb.vc_custom_1691090820334{padding-top: 50px !important;}\u00bb][vc_empty_space height=\u00bb25px\u00bb][vc_column_text] Introducci\u00f3n Bienvenido a Alpha Zulu (\u00abnosotros\u00bb, \u00abnos\u00bb, \u00abnuestro\u00bb). Los siguientes t\u00e9rminos y condiciones gu\u00edan el uso de nuestra tienda en l\u00ednea (\u00abservicio\u00bb). [&hellip;]","og_url":"https:\/\/alphazulu.es\/terms-conditions\/","og_site_name":"ALPHA ZULU","article_publisher":"https:\/\/www.facebook.com\/alphazulu.es","article_modified_time":"2023-10-03T12:21:14+00:00","twitter_card":"summary_large_image","twitter_misc":{"Tiempo de lectura":"5 minutos"},"schema":{"@context":"https:\/\/schema.org","@graph":[{"@type":"WebPage","@id":"https:\/\/alphazulu.es\/terms-conditions\/","url":"https:\/\/alphazulu.es\/terms-conditions\/","name":"T\u00e9rminos y Condiciones - ALPHA ZULU","isPartOf":{"@id":"https:\/\/alphazulu.es\/#website"},"primaryImageOfPage":{"@id":"https:\/\/alphazulu.es\/terms-conditions\/#primaryimage"},"image":{"@id":"https:\/\/alphazulu.es\/terms-conditions\/#primaryimage"},"thumbnailUrl":"https:\/\/alphazulu.es\/wp-content\/uploads\/2023\/04\/alphazulu-logo-color.png","datePublished":"2023-08-03T14:56:29+00:00","dateModified":"2023-10-03T12:21:14+00:00","breadcrumb":{"@id":"https:\/\/alphazulu.es\/terms-conditions\/#breadcrumb"},"inLanguage":"es","potentialAction":[{"@type":"ReadAction","target":["https:\/\/alphazulu.es\/terms-conditions\/"]}]},{"@type":"ImageObject","inLanguage":"es","@id":"https:\/\/alphazulu.es\/terms-conditions\/#primaryimage","url":"https:\/\/alphazulu.es\/wp-content\/uploads\/2023\/04\/alphazulu-logo-color.png","contentUrl":"https:\/\/alphazulu.es\/wp-content\/uploads\/2023\/04\/alphazulu-logo-color.png","width":800,"height":800},{"@type":"BreadcrumbList","@id":"https:\/\/alphazulu.es\/terms-conditions\/#breadcrumb","itemListElement":[{"@type":"ListItem","position":1,"name":"Portada","item":"https:\/\/alphazulu.es\/es\/"},{"@type":"ListItem","position":2,"name":"T\u00e9rminos y Condiciones"}]},{"@type":"WebSite","@id":"https:\/\/alphazulu.es\/#website","url":"https:\/\/alphazulu.es\/","name":"ALPHA ZULU","description":"Sail, explore, repeat","publisher":{"@id":"https:\/\/alphazulu.es\/#organization"},"potentialAction":[{"@type":"SearchAction","target":{"@type":"EntryPoint","urlTemplate":"https:\/\/alphazulu.es\/?s={search_term_string}"},"query-input":{"@type":"PropertyValueSpecification","valueRequired":true,"valueName":"search_term_string"}}],"inLanguage":"es"},{"@type":"Organization","@id":"https:\/\/alphazulu.es\/#organization","name":"ALPHA ZULU","url":"https:\/\/alphazulu.es\/","logo":{"@type":"ImageObject","inLanguage":"es","@id":"https:\/\/alphazulu.es\/#\/schema\/logo\/image\/","url":"https:\/\/alphazulu.es\/wp-content\/uploads\/2023\/04\/alphazulu-logo-color.png","contentUrl":"https:\/\/alphazulu.es\/wp-content\/uploads\/2023\/04\/alphazulu-logo-color.png","width":800,"height":800,"caption":"ALPHA ZULU"},"image":{"@id":"https:\/\/alphazulu.es\/#\/schema\/logo\/image\/"},"sameAs":["https:\/\/www.facebook.com\/alphazulu.es","https:\/\/www.instagram.com\/alphazulu.es\/","https:\/\/www.youtube.com\/@alphazulu-es","https:\/\/www.linkedin.com\/company\/alphazulu-es\/"]}]}},"_links":{"self":[{"href":"https:\/\/alphazulu.es\/es\/wp-json\/wp\/v2\/pages\/5751","targetHints":{"allow":["GET"]}}],"collection":[{"href":"https:\/\/alphazulu.es\/es\/wp-json\/wp\/v2\/pages"}],"about":[{"href":"https:\/\/alphazulu.es\/es\/wp-json\/wp\/v2\/types\/page"}],"author":[{"embeddable":true,"href":"https:\/\/alphazulu.es\/es\/wp-json\/wp\/v2\/users\/5"}],"replies":[{"embeddable":true,"href":"https:\/\/alphazulu.es\/es\/wp-json\/wp\/v2\/comments?post=5751"}],"version-history":[{"count":6,"href":"https:\/\/alphazulu.es\/es\/wp-json\/wp\/v2\/pages\/5751\/revisions"}],"predecessor-version":[{"id":6764,"href":"https:\/\/alphazulu.es\/es\/wp-json\/wp\/v2\/pages\/5751\/revisions\/6764"}],"wp:featuredmedia":[{"embeddable":true,"href":"https:\/\/alphazulu.es\/es\/wp-json\/wp\/v2\/media\/3135"}],"wp:attachment":[{"href":"https:\/\/alphazulu.es\/es\/wp-json\/wp\/v2\/media?parent=5751"}],"curies":[{"name":"wp","href":"https:\/\/api.w.org\/{rel}","templated":true}]}}