{"id":5680,"date":"2023-07-31T08:54:57","date_gmt":"2023-07-31T08:54:57","guid":{"rendered":"https:\/\/alphazulu.es\/?page_id=5680"},"modified":"2024-02-20T02:49:11","modified_gmt":"2024-02-20T02:49:11","slug":"blog","status":"publish","type":"page","link":"https:\/\/alphazulu.es\/es\/blog\/","title":{"rendered":"Blog"},"content":{"rendered":"<div class=\"wpb-content-wrapper\"><p>[vc_row row_content_width=\u00bbgrid\u00bb content_text_aligment=\u00bbcenter\u00bb enable_surfer_icon=\u00bbno\u00bb][vc_column]<div class=\"qodef-section-title-holder  \" style=\"text-align: center\">\n\t<div class=\"qodef-st-inner\">\n        \t\t\t\t\t<h1 class=\"qodef-st-title\" >\n\t\t\t\t\u00a1Nuestro blog!\t\t\t<\/h1>\n\t\t        \t\t\t\t\t<\/div>\n<\/div>[vc_empty_space height=\u00bb20px\u00bb][vc_column_text css=\u00bb.vc_custom_1708397029947{padding-right: 5% !important;padding-left: 5% !important;}\u00bb]<\/p>\n<p style=\"text-align: center;\">Explora nuestro blog con fascinantes historias, tips y conocimientos exclusivos sobre <a href=\"https:\/\/alphazulu.es\/es\/servicios\/\" target=\"_blank\" rel=\"noopener\">charters<\/a>. Tu ventana al mundo n\u00e1utico. \u26f5.<\/p>\n<p>[\/vc_column_text][vc_empty_space height=\u00bb50px\u00bb]<div class=\"qodef-blog-list-holder qodef-grid-list qodef-grid-masonry-list qodef-bl-masonry qodef-three-columns  qodef-medium-space qodef-bl-pag-standard-shortcodes\"  data-type=masonry data-number-of-posts=3 data-number-of-columns=three data-space-between-items=medium data-orderby=date data-order=DESC data-image-size=waveride_select_image_landscape data-title-tag=h4 data-excerpt-length=40 data-post-info-section=yes data-post-info-image=yes data-post-info-author=no data-post-info-date=yes data-post-info-category=yes data-post-info-comments=no data-post-info-like=no data-post-info-share=no data-pagination-type=standard-shortcodes data-max-num-pages=9 data-next-page=2>\n\t<div class=\"qodef-bl-wrapper qodef-outer-space\">\n\t\t<ul class=\"qodef-blog-list qodef-masonry-list-wrapper\">\n\t\t\t<li class=\"qodef-masonry-grid-sizer\"><\/li>\n\t\t\t<li class=\"qodef-masonry-grid-gutter\"><\/li>\n\t\t\t<li class=\"qodef-bl-item qodef-item-space post-type-standard \">\n\t<div class=\"qodef-bli-inner\">\n        \n\t\t\n\t<div class=\"qodef-post-image\">\n\t\t\t\t\t<a itemprop=\"url\" href=\"https:\/\/alphazulu.es\/es\/catamaranes-lagoon-los-mas-elegidos-para-navegar-el-mediterraneo\/\" title=\"Catamaranes Lagoon: \u00bfpor qu\u00e9 son los m\u00e1s elegidos en el Mediterr\u00e1neo?\">\n\t\t\t\t\t<img loading=\"lazy\" decoding=\"async\" width=\"1300\" height=\"650\" src=\"https:\/\/alphazulu.es\/wp-content\/uploads\/2026\/04\/DJI_20250615092421_0017_D-1300x650.jpg\" class=\"attachment-waveride_select_image_landscape size-waveride_select_image_landscape wp-post-image\" alt=\"El catamaran Lagoon navegando el Mediterr\u00e1neo\" \/>\t\t\t\t\t<\/a>\n\t\t\t\t\t<\/div>\n\n\n        <div class=\"qodef-bli-content\">\n                            <div class=\"qodef-bli-info\">\n\t                <div itemprop=\"dateCreated\" class=\"qodef-post-info-date entry-date published updated\">\n            <a itemprop=\"url\" href=\"https:\/\/alphazulu.es\/es\/2026\/04\/\">\n    \n        15 de abril de 2026        <\/a>\n    <meta itemprop=\"interactionCount\" content=\"UserComments: 0\"\/>\n<\/div><div class=\"qodef-post-info-category\">\n    <a href=\"https:\/\/alphazulu.es\/es\/category\/navegacion\/\" rel=\"category tag\">Navegaci\u00f3n<\/a><\/div>                <\/div>\n                \n<h4 itemprop=\"name\" class=\"entry-title qodef-post-title\" >\n            <a itemprop=\"url\" href=\"https:\/\/alphazulu.es\/es\/catamaranes-lagoon-los-mas-elegidos-para-navegar-el-mediterraneo\/\" title=\"Catamaranes Lagoon: \u00bfpor qu\u00e9 son los m\u00e1s elegidos en el Mediterr\u00e1neo?\">\n            Catamaranes Lagoon: \u00bfpor qu\u00e9 son los m\u00e1s elegidos en el Mediterr\u00e1neo?            <\/a>\n    <\/h4>            \t\n\n\t                    <div class=\"qodef-bli-excerpt\">\n                \t\t<div class=\"qodef-post-excerpt-holder\">\n\t\t\t<p itemprop=\"description\" class=\"qodef-post-excerpt\">\n\t\t\t\tCatamaranes Lagoon: en el Mediterr\u00e1neo, se han convertido en la opci\u00f3n m\u00e1s elegida tanto por operadores de charter como por viajeros que buscan una experiencia superior.\u00a0Pero \u00bfqu\u00e9 los hace destacar realmente? Lo descubrimos juntos en este art\u00edculo. \ud83d\udc47\r\nM\u00e1s all\u00e1 de\t\t\t<\/p>\n\t\t<\/div>\n\t                \t<div class=\"qodef-post-read-more-button\">\n\t\t<a itemprop=\"url\" href=\"https:\/\/alphazulu.es\/es\/catamaranes-lagoon-los-mas-elegidos-para-navegar-el-mediterraneo\/\" target=\"_self\"  class=\"qodef-btn qodef-btn-medium qodef-btn-simple qodef-blog-list-button\"  >            <span class=\"qodef-simple-button-svg-holder\">            <svg version=\"1.1\" xmlns=\"http:\/\/www.w3.org\/2000\/svg\" xmlns:xlink=\"http:\/\/www.w3.org\/1999\/xlink\"                 viewBox=\"0 0 509 345\" enable-background=\"new 0 0 509 345\" xml:space=\"preserve\">            <path d=\"M510.2,345v-95.3H370.8c-45.1-1.9-81.7-40-81.8-85.2c0-22.8,8.8-44.3,25-60.5c15.9-15.9,37-24.8,59.4-25.1l8.6,1.3                l11.6-18.8l-8.9-8.3C325.5-2.2,236.4-10.7,167.9,32.2c-21.6,13.5-40.5,32.5-54.8,54.9L0,265v80H510.2z\"\/>            <\/svg>        <\/span>        <span class=\"qodef-btn-text\">Read More<\/span>        <\/a>\t<\/div>\n            <\/div>\n        <\/div>\n\t<\/div>\n<\/li><li class=\"qodef-bl-item qodef-item-space post-type-standard \">\n\t<div class=\"qodef-bli-inner\">\n        \n\t\t\n\t<div class=\"qodef-post-image\">\n\t\t\t\t\t<a itemprop=\"url\" href=\"https:\/\/alphazulu.es\/es\/alpha-zulu-wrapped-2025-asi-navegamos-el-ano\/\" title=\"Alpha Zulu Wrapped 2025: as\u00ed navegamos el a\u00f1o\">\n\t\t\t\t\t<img loading=\"lazy\" decoding=\"async\" width=\"1300\" height=\"650\" src=\"https:\/\/alphazulu.es\/wp-content\/uploads\/2026\/01\/IMG_5407-1300x650.jpeg\" class=\"attachment-waveride_select_image_landscape size-waveride_select_image_landscape wp-post-image\" alt=\"Alpha Zulu Wrapped 2025\" \/>\t\t\t\t\t<\/a>\n\t\t\t\t\t<\/div>\n\n\n        <div class=\"qodef-bli-content\">\n                            <div class=\"qodef-bli-info\">\n\t                <div itemprop=\"dateCreated\" class=\"qodef-post-info-date entry-date published updated\">\n            <a itemprop=\"url\" href=\"https:\/\/alphazulu.es\/es\/2026\/01\/\">\n    \n        27 de enero de 2026        <\/a>\n    <meta itemprop=\"interactionCount\" content=\"UserComments: 0\"\/>\n<\/div><div class=\"qodef-post-info-category\">\n    <a href=\"https:\/\/alphazulu.es\/es\/category\/alpha-zulu-es\/\" rel=\"category tag\">Alpha Zulu ES<\/a><\/div>                <\/div>\n                \n<h4 itemprop=\"name\" class=\"entry-title qodef-post-title\" >\n            <a itemprop=\"url\" href=\"https:\/\/alphazulu.es\/es\/alpha-zulu-wrapped-2025-asi-navegamos-el-ano\/\" title=\"Alpha Zulu Wrapped 2025: as\u00ed navegamos el a\u00f1o\">\n            Alpha Zulu Wrapped 2025: as\u00ed navegamos el a\u00f1o            <\/a>\n    <\/h4>            \t\n\n\t                    <div class=\"qodef-bli-excerpt\">\n                \t\t<div class=\"qodef-post-excerpt-holder\">\n\t\t\t<p itemprop=\"description\" class=\"qodef-post-excerpt\">\n\t\t\t\tAlpha Zulu Wrapped 2025: el recap de un a\u00f1o navegando experiencias.\r\nEn Alpha Zulu, cada temporada es una historia distinta escrita en el mar. 2025 fue un a\u00f1o de expansi\u00f3n, movimiento y experiencias compartidas, marcado por nuevas rutas, equipos en acci\u00f3n\t\t\t<\/p>\n\t\t<\/div>\n\t                \t<div class=\"qodef-post-read-more-button\">\n\t\t<a itemprop=\"url\" href=\"https:\/\/alphazulu.es\/es\/alpha-zulu-wrapped-2025-asi-navegamos-el-ano\/\" target=\"_self\"  class=\"qodef-btn qodef-btn-medium qodef-btn-simple qodef-blog-list-button\"  >            <span class=\"qodef-simple-button-svg-holder\">            <svg version=\"1.1\" xmlns=\"http:\/\/www.w3.org\/2000\/svg\" xmlns:xlink=\"http:\/\/www.w3.org\/1999\/xlink\"                 viewBox=\"0 0 509 345\" enable-background=\"new 0 0 509 345\" xml:space=\"preserve\">            <path d=\"M510.2,345v-95.3H370.8c-45.1-1.9-81.7-40-81.8-85.2c0-22.8,8.8-44.3,25-60.5c15.9-15.9,37-24.8,59.4-25.1l8.6,1.3                l11.6-18.8l-8.9-8.3C325.5-2.2,236.4-10.7,167.9,32.2c-21.6,13.5-40.5,32.5-54.8,54.9L0,265v80H510.2z\"\/>            <\/svg>        <\/span>        <span class=\"qodef-btn-text\">Read More<\/span>        <\/a>\t<\/div>\n            <\/div>\n        <\/div>\n\t<\/div>\n<\/li><li class=\"qodef-bl-item qodef-item-space post-type-standard \">\n\t<div class=\"qodef-bli-inner\">\n        \n\t\t\n\t<div class=\"qodef-post-image\">\n\t\t\t\t\t<a itemprop=\"url\" href=\"https:\/\/alphazulu.es\/es\/nuestro-team-building-en-mallorca\/\" title=\"Nuestro team building en Mallorca: as\u00ed vivimos lo que ofrecemos a nuestros clientes\">\n\t\t\t\t\t<img loading=\"lazy\" decoding=\"async\" width=\"1300\" height=\"650\" src=\"https:\/\/alphazulu.es\/wp-content\/uploads\/2025\/11\/IMG_4002-1300x650.jpeg\" class=\"attachment-waveride_select_image_landscape size-waveride_select_image_landscape wp-post-image\" alt=\"Nuestro team building en Mallorca\" \/>\t\t\t\t\t<\/a>\n\t\t\t\t\t<\/div>\n\n\n        <div class=\"qodef-bli-content\">\n                            <div class=\"qodef-bli-info\">\n\t                <div itemprop=\"dateCreated\" class=\"qodef-post-info-date entry-date published updated\">\n            <a itemprop=\"url\" href=\"https:\/\/alphazulu.es\/es\/2025\/11\/\">\n    \n        27 de noviembre de 2025        <\/a>\n    <meta itemprop=\"interactionCount\" content=\"UserComments: 0\"\/>\n<\/div><div class=\"qodef-post-info-category\">\n    <a href=\"https:\/\/alphazulu.es\/es\/category\/team-building-es\/\" rel=\"category tag\">Team Building ES<\/a><\/div>                <\/div>\n                \n<h4 itemprop=\"name\" class=\"entry-title qodef-post-title\" >\n            <a itemprop=\"url\" href=\"https:\/\/alphazulu.es\/es\/nuestro-team-building-en-mallorca\/\" title=\"Nuestro team building en Mallorca: as\u00ed vivimos lo que ofrecemos a nuestros clientes\">\n            Nuestro team building en Mallorca: as\u00ed vivimos lo que ofrecemos a nuestros clientes            <\/a>\n    <\/h4>            \t\n\n\t                    <div class=\"qodef-bli-excerpt\">\n                \t\t<div class=\"qodef-post-excerpt-holder\">\n\t\t\t<p itemprop=\"description\" class=\"qodef-post-excerpt\">\n\t\t\t\tNuestro team building: este a\u00f1o quisimos ir un paso m\u00e1s all\u00e1 y demostrarnos, y demostrar, que esta actividad no solo es un servicio excepcional para nuestros clientes, sino tambi\u00e9n una herramienta que forma parte de nuestra propia cultura corporativa.\r\nUna experiencia\t\t\t<\/p>\n\t\t<\/div>\n\t                \t<div class=\"qodef-post-read-more-button\">\n\t\t<a itemprop=\"url\" href=\"https:\/\/alphazulu.es\/es\/nuestro-team-building-en-mallorca\/\" target=\"_self\"  class=\"qodef-btn qodef-btn-medium qodef-btn-simple qodef-blog-list-button\"  >            <span class=\"qodef-simple-button-svg-holder\">            <svg version=\"1.1\" xmlns=\"http:\/\/www.w3.org\/2000\/svg\" xmlns:xlink=\"http:\/\/www.w3.org\/1999\/xlink\"                 viewBox=\"0 0 509 345\" enable-background=\"new 0 0 509 345\" xml:space=\"preserve\">            <path d=\"M510.2,345v-95.3H370.8c-45.1-1.9-81.7-40-81.8-85.2c0-22.8,8.8-44.3,25-60.5c15.9-15.9,37-24.8,59.4-25.1l8.6,1.3                l11.6-18.8l-8.9-8.3C325.5-2.2,236.4-10.7,167.9,32.2c-21.6,13.5-40.5,32.5-54.8,54.9L0,265v80H510.2z\"\/>            <\/svg>        <\/span>        <span class=\"qodef-btn-text\">Read More<\/span>        <\/a>\t<\/div>\n            <\/div>\n        <\/div>\n\t<\/div>\n<\/li>\t\t<\/ul>\n\t<\/div>\n\t\t<div class=\"qodef-blog-pag-loading\">\n\t\t<div class=\"qodef-blog-pag-bounce1\"><\/div>\n\t\t<div class=\"qodef-blog-pag-bounce2\"><\/div>\n\t\t<div class=\"qodef-blog-pag-bounce3\"><\/div>\n\t<\/div>\n\t\t\t<div class=\"qodef-bl-standard-pagination\">\n\t\t\t<ul>\n\t\t\t\t<li class=\"qodef-pag-prev\">\n\t\t\t\t\t<a href=\"#\" data-paged=\"1\"><span class=\"arrow_carrot-left\"><\/span><\/a>\n\t\t\t\t<\/li>\n\t\t\t\t\t\t\t\t\t\t\t\t\t\t<li class=\"qodef-pag-number qodef-pag-active\">\n\t\t\t\t\t\t<a href=\"#\" data-paged=\"1\">1<\/a>\n\t\t\t\t\t<\/li>\n\t\t\t\t\t\t\t\t\t\t\t\t\t\t<li class=\"qodef-pag-number \">\n\t\t\t\t\t\t<a href=\"#\" data-paged=\"2\">2<\/a>\n\t\t\t\t\t<\/li>\n\t\t\t\t\t\t\t\t\t\t\t\t\t\t<li class=\"qodef-pag-number \">\n\t\t\t\t\t\t<a href=\"#\" data-paged=\"3\">3<\/a>\n\t\t\t\t\t<\/li>\n\t\t\t\t\t\t\t\t\t\t\t\t\t\t<li class=\"qodef-pag-number \">\n\t\t\t\t\t\t<a href=\"#\" data-paged=\"4\">4<\/a>\n\t\t\t\t\t<\/li>\n\t\t\t\t\t\t\t\t\t\t\t\t\t\t<li class=\"qodef-pag-number \">\n\t\t\t\t\t\t<a href=\"#\" data-paged=\"5\">5<\/a>\n\t\t\t\t\t<\/li>\n\t\t\t\t\t\t\t\t\t\t\t\t\t\t<li class=\"qodef-pag-number \">\n\t\t\t\t\t\t<a href=\"#\" data-paged=\"6\">6<\/a>\n\t\t\t\t\t<\/li>\n\t\t\t\t\t\t\t\t\t\t\t\t\t\t<li class=\"qodef-pag-number \">\n\t\t\t\t\t\t<a href=\"#\" data-paged=\"7\">7<\/a>\n\t\t\t\t\t<\/li>\n\t\t\t\t\t\t\t\t\t\t\t\t\t\t<li class=\"qodef-pag-number \">\n\t\t\t\t\t\t<a href=\"#\" data-paged=\"8\">8<\/a>\n\t\t\t\t\t<\/li>\n\t\t\t\t\t\t\t\t\t\t\t\t\t\t<li class=\"qodef-pag-number \">\n\t\t\t\t\t\t<a href=\"#\" data-paged=\"9\">9<\/a>\n\t\t\t\t\t<\/li>\n\t\t\t\t\t\t\t\t<li class=\"qodef-pag-next\">\n\t\t\t\t\t<a href=\"#\" data-paged=\"2\"><span class=\"arrow_carrot-right\"><\/span><\/a>\n\t\t\t\t<\/li>\n\t\t\t<\/ul>\n\t\t<\/div>\n\t<input type=\"hidden\" id=\"qodef_blog_load_more_nonce_3642\" name=\"qodef_blog_load_more_nonce_3642\" value=\"702e11a015\" \/><input type=\"hidden\" name=\"_wp_http_referer\" value=\"\/es\/wp-json\/wp\/v2\/pages\/5680\" \/><\/div>[\/vc_column][\/vc_row]<\/p>\n<\/div>","protected":false},"excerpt":{"rendered":"<p>[vc_row row_content_width=\u00bbgrid\u00bb content_text_aligment=\u00bbcenter\u00bb enable_surfer_icon=\u00bbno\u00bb][vc_column][vc_empty_space height=\u00bb20px\u00bb][vc_column_text css=\u00bb.vc_custom_1708397029947{padding-right: 5% !important;padding-left: 5% !important;}\u00bb] Explora nuestro blog con fascinantes historias, tips y conocimientos exclusivos sobre charters. Tu ventana al mundo n\u00e1utico. \u26f5. [\/vc_column_text][vc_empty_space height=\u00bb50px\u00bb][\/vc_column][\/vc_row]<\/p>\n","protected":false},"author":5,"featured_media":7869,"parent":0,"menu_order":0,"comment_status":"closed","ping_status":"closed","template":"full-width.php","meta":{"_acf_changed":false,"_joinchat":[],"footnotes":""},"class_list":["post-5680","page","type-page","status-publish","has-post-thumbnail","hentry"],"acf":[],"yoast_head":"<!-- This site is optimized with the Yoast SEO plugin v27.6 - https:\/\/yoast.com\/product\/yoast-seo-wordpress\/ -->\n<title>Blog - ALPHA ZULU<\/title>\n<meta name=\"description\" content=\"Explora nuestro blog con fascinantes historias, tips y conocimientos exclusivos sobre charters. Tu ventana al mundo n\u00e1utico. \u26f5\" \/>\n<meta name=\"robots\" content=\"index, follow, max-snippet:-1, max-image-preview:large, max-video-preview:-1\" \/>\n<link rel=\"canonical\" href=\"https:\/\/alphazulu.es\/es\/blog\/\" \/>\n<meta property=\"og:locale\" content=\"es_ES\" \/>\n<meta property=\"og:type\" content=\"article\" \/>\n<meta property=\"og:title\" content=\"Blog - ALPHA ZULU\" \/>\n<meta property=\"og:description\" content=\"Explora nuestro blog con fascinantes historias, tips y conocimientos exclusivos sobre charters. Tu ventana al mundo n\u00e1utico. \u26f5\" \/>\n<meta property=\"og:url\" content=\"https:\/\/alphazulu.es\/es\/blog\/\" \/>\n<meta property=\"og:site_name\" content=\"ALPHA ZULU\" \/>\n<meta property=\"article:publisher\" content=\"https:\/\/www.facebook.com\/alphazulu.es\" \/>\n<meta property=\"article:modified_time\" content=\"2024-02-20T02:49:11+00:00\" \/>\n<meta property=\"og:image\" content=\"https:\/\/alphazulu.es\/wp-content\/uploads\/2024\/02\/weekly-charter-gallery-1.jpg\" \/>\n\t<meta property=\"og:image:width\" content=\"800\" \/>\n\t<meta property=\"og:image:height\" content=\"800\" \/>\n\t<meta property=\"og:image:type\" content=\"image\/jpeg\" \/>\n<meta name=\"twitter:card\" content=\"summary_large_image\" \/>\n<meta name=\"twitter:label1\" content=\"Tiempo de lectura\" \/>\n\t<meta name=\"twitter:data1\" content=\"1 minuto\" \/>\n<script type=\"application\/ld+json\" class=\"yoast-schema-graph\">{\"@context\":\"https:\\\/\\\/schema.org\",\"@graph\":[{\"@type\":\"WebPage\",\"@id\":\"https:\\\/\\\/alphazulu.es\\\/es\\\/blog\\\/\",\"url\":\"https:\\\/\\\/alphazulu.es\\\/es\\\/blog\\\/\",\"name\":\"Blog - ALPHA ZULU\",\"isPartOf\":{\"@id\":\"https:\\\/\\\/alphazulu.es\\\/#website\"},\"primaryImageOfPage\":{\"@id\":\"https:\\\/\\\/alphazulu.es\\\/es\\\/blog\\\/#primaryimage\"},\"image\":{\"@id\":\"https:\\\/\\\/alphazulu.es\\\/es\\\/blog\\\/#primaryimage\"},\"thumbnailUrl\":\"https:\\\/\\\/alphazulu.es\\\/wp-content\\\/uploads\\\/2024\\\/02\\\/weekly-charter-gallery-1.jpg\",\"datePublished\":\"2023-07-31T08:54:57+00:00\",\"dateModified\":\"2024-02-20T02:49:11+00:00\",\"description\":\"Explora nuestro blog con fascinantes historias, tips y conocimientos exclusivos sobre charters. Tu ventana al mundo n\u00e1utico. \u26f5\",\"breadcrumb\":{\"@id\":\"https:\\\/\\\/alphazulu.es\\\/es\\\/blog\\\/#breadcrumb\"},\"inLanguage\":\"es\",\"potentialAction\":[{\"@type\":\"ReadAction\",\"target\":[\"https:\\\/\\\/alphazulu.es\\\/es\\\/blog\\\/\"]}]},{\"@type\":\"ImageObject\",\"inLanguage\":\"es\",\"@id\":\"https:\\\/\\\/alphazulu.es\\\/es\\\/blog\\\/#primaryimage\",\"url\":\"https:\\\/\\\/alphazulu.es\\\/wp-content\\\/uploads\\\/2024\\\/02\\\/weekly-charter-gallery-1.jpg\",\"contentUrl\":\"https:\\\/\\\/alphazulu.es\\\/wp-content\\\/uploads\\\/2024\\\/02\\\/weekly-charter-gallery-1.jpg\",\"width\":800,\"height\":800,\"caption\":\"blog\"},{\"@type\":\"BreadcrumbList\",\"@id\":\"https:\\\/\\\/alphazulu.es\\\/es\\\/blog\\\/#breadcrumb\",\"itemListElement\":[{\"@type\":\"ListItem\",\"position\":1,\"name\":\"Portada\",\"item\":\"https:\\\/\\\/alphazulu.es\\\/es\\\/\"},{\"@type\":\"ListItem\",\"position\":2,\"name\":\"Blog\"}]},{\"@type\":\"WebSite\",\"@id\":\"https:\\\/\\\/alphazulu.es\\\/#website\",\"url\":\"https:\\\/\\\/alphazulu.es\\\/\",\"name\":\"ALPHA ZULU\",\"description\":\"Sail, explore, repeat\",\"publisher\":{\"@id\":\"https:\\\/\\\/alphazulu.es\\\/#organization\"},\"potentialAction\":[{\"@type\":\"SearchAction\",\"target\":{\"@type\":\"EntryPoint\",\"urlTemplate\":\"https:\\\/\\\/alphazulu.es\\\/?s={search_term_string}\"},\"query-input\":{\"@type\":\"PropertyValueSpecification\",\"valueRequired\":true,\"valueName\":\"search_term_string\"}}],\"inLanguage\":\"es\"},{\"@type\":\"Organization\",\"@id\":\"https:\\\/\\\/alphazulu.es\\\/#organization\",\"name\":\"ALPHA ZULU\",\"url\":\"https:\\\/\\\/alphazulu.es\\\/\",\"logo\":{\"@type\":\"ImageObject\",\"inLanguage\":\"es\",\"@id\":\"https:\\\/\\\/alphazulu.es\\\/#\\\/schema\\\/logo\\\/image\\\/\",\"url\":\"https:\\\/\\\/alphazulu.es\\\/wp-content\\\/uploads\\\/2023\\\/04\\\/alphazulu-logo-color.png\",\"contentUrl\":\"https:\\\/\\\/alphazulu.es\\\/wp-content\\\/uploads\\\/2023\\\/04\\\/alphazulu-logo-color.png\",\"width\":800,\"height\":800,\"caption\":\"ALPHA ZULU\"},\"image\":{\"@id\":\"https:\\\/\\\/alphazulu.es\\\/#\\\/schema\\\/logo\\\/image\\\/\"},\"sameAs\":[\"https:\\\/\\\/www.facebook.com\\\/alphazulu.es\",\"https:\\\/\\\/www.instagram.com\\\/alphazulu.es\\\/\",\"https:\\\/\\\/www.youtube.com\\\/@alphazulu-es\",\"https:\\\/\\\/www.linkedin.com\\\/company\\\/alphazulu-es\\\/\"]}]}<\/script>\n<!-- \/ Yoast SEO plugin. -->","yoast_head_json":{"title":"Blog - ALPHA ZULU","description":"Explora nuestro blog con fascinantes historias, tips y conocimientos exclusivos sobre charters. Tu ventana al mundo n\u00e1utico. \u26f5","robots":{"index":"index","follow":"follow","max-snippet":"max-snippet:-1","max-image-preview":"max-image-preview:large","max-video-preview":"max-video-preview:-1"},"canonical":"https:\/\/alphazulu.es\/es\/blog\/","og_locale":"es_ES","og_type":"article","og_title":"Blog - ALPHA ZULU","og_description":"Explora nuestro blog con fascinantes historias, tips y conocimientos exclusivos sobre charters. Tu ventana al mundo n\u00e1utico. \u26f5","og_url":"https:\/\/alphazulu.es\/es\/blog\/","og_site_name":"ALPHA ZULU","article_publisher":"https:\/\/www.facebook.com\/alphazulu.es","article_modified_time":"2024-02-20T02:49:11+00:00","og_image":[{"width":800,"height":800,"url":"https:\/\/alphazulu.es\/wp-content\/uploads\/2024\/02\/weekly-charter-gallery-1.jpg","type":"image\/jpeg"}],"twitter_card":"summary_large_image","twitter_misc":{"Tiempo de lectura":"1 minuto"},"schema":{"@context":"https:\/\/schema.org","@graph":[{"@type":"WebPage","@id":"https:\/\/alphazulu.es\/es\/blog\/","url":"https:\/\/alphazulu.es\/es\/blog\/","name":"Blog - ALPHA ZULU","isPartOf":{"@id":"https:\/\/alphazulu.es\/#website"},"primaryImageOfPage":{"@id":"https:\/\/alphazulu.es\/es\/blog\/#primaryimage"},"image":{"@id":"https:\/\/alphazulu.es\/es\/blog\/#primaryimage"},"thumbnailUrl":"https:\/\/alphazulu.es\/wp-content\/uploads\/2024\/02\/weekly-charter-gallery-1.jpg","datePublished":"2023-07-31T08:54:57+00:00","dateModified":"2024-02-20T02:49:11+00:00","description":"Explora nuestro blog con fascinantes historias, tips y conocimientos exclusivos sobre charters. Tu ventana al mundo n\u00e1utico. \u26f5","breadcrumb":{"@id":"https:\/\/alphazulu.es\/es\/blog\/#breadcrumb"},"inLanguage":"es","potentialAction":[{"@type":"ReadAction","target":["https:\/\/alphazulu.es\/es\/blog\/"]}]},{"@type":"ImageObject","inLanguage":"es","@id":"https:\/\/alphazulu.es\/es\/blog\/#primaryimage","url":"https:\/\/alphazulu.es\/wp-content\/uploads\/2024\/02\/weekly-charter-gallery-1.jpg","contentUrl":"https:\/\/alphazulu.es\/wp-content\/uploads\/2024\/02\/weekly-charter-gallery-1.jpg","width":800,"height":800,"caption":"blog"},{"@type":"BreadcrumbList","@id":"https:\/\/alphazulu.es\/es\/blog\/#breadcrumb","itemListElement":[{"@type":"ListItem","position":1,"name":"Portada","item":"https:\/\/alphazulu.es\/es\/"},{"@type":"ListItem","position":2,"name":"Blog"}]},{"@type":"WebSite","@id":"https:\/\/alphazulu.es\/#website","url":"https:\/\/alphazulu.es\/","name":"ALPHA ZULU","description":"Sail, explore, repeat","publisher":{"@id":"https:\/\/alphazulu.es\/#organization"},"potentialAction":[{"@type":"SearchAction","target":{"@type":"EntryPoint","urlTemplate":"https:\/\/alphazulu.es\/?s={search_term_string}"},"query-input":{"@type":"PropertyValueSpecification","valueRequired":true,"valueName":"search_term_string"}}],"inLanguage":"es"},{"@type":"Organization","@id":"https:\/\/alphazulu.es\/#organization","name":"ALPHA ZULU","url":"https:\/\/alphazulu.es\/","logo":{"@type":"ImageObject","inLanguage":"es","@id":"https:\/\/alphazulu.es\/#\/schema\/logo\/image\/","url":"https:\/\/alphazulu.es\/wp-content\/uploads\/2023\/04\/alphazulu-logo-color.png","contentUrl":"https:\/\/alphazulu.es\/wp-content\/uploads\/2023\/04\/alphazulu-logo-color.png","width":800,"height":800,"caption":"ALPHA ZULU"},"image":{"@id":"https:\/\/alphazulu.es\/#\/schema\/logo\/image\/"},"sameAs":["https:\/\/www.facebook.com\/alphazulu.es","https:\/\/www.instagram.com\/alphazulu.es\/","https:\/\/www.youtube.com\/@alphazulu-es","https:\/\/www.linkedin.com\/company\/alphazulu-es\/"]}]}},"_links":{"self":[{"href":"https:\/\/alphazulu.es\/es\/wp-json\/wp\/v2\/pages\/5680","targetHints":{"allow":["GET"]}}],"collection":[{"href":"https:\/\/alphazulu.es\/es\/wp-json\/wp\/v2\/pages"}],"about":[{"href":"https:\/\/alphazulu.es\/es\/wp-json\/wp\/v2\/types\/page"}],"author":[{"embeddable":true,"href":"https:\/\/alphazulu.es\/es\/wp-json\/wp\/v2\/users\/5"}],"replies":[{"embeddable":true,"href":"https:\/\/alphazulu.es\/es\/wp-json\/wp\/v2\/comments?post=5680"}],"version-history":[{"count":3,"href":"https:\/\/alphazulu.es\/es\/wp-json\/wp\/v2\/pages\/5680\/revisions"}],"predecessor-version":[{"id":8323,"href":"https:\/\/alphazulu.es\/es\/wp-json\/wp\/v2\/pages\/5680\/revisions\/8323"}],"wp:featuredmedia":[{"embeddable":true,"href":"https:\/\/alphazulu.es\/es\/wp-json\/wp\/v2\/media\/7869"}],"wp:attachment":[{"href":"https:\/\/alphazulu.es\/es\/wp-json\/wp\/v2\/media?parent=5680"}],"curies":[{"name":"wp","href":"https:\/\/api.w.org\/{rel}","templated":true}]}}