{"id":1116,"date":"2020-01-31T14:23:45","date_gmt":"2020-01-31T14:23:45","guid":{"rendered":"https:\/\/waveride.qodeinteractive.com\/?page_id=1116"},"modified":"2026-02-27T14:36:47","modified_gmt":"2026-02-27T14:36:47","slug":"servicios","status":"publish","type":"page","link":"https:\/\/alphazulu.es\/es\/servicios\/","title":{"rendered":"Servicios"},"content":{"rendered":"<div class=\"wpb-content-wrapper\"><p>[vc_row row_content_width=\u00bbgrid\u00bb content_text_aligment=\u00bbcenter\u00bb enable_surfer_icon=\u00bbno\u00bb][vc_column]<div class=\"qodef-section-title-holder  \" style=\"padding: 0 15%;text-align: center\">\n\t<div class=\"qodef-st-inner\">\n        \t\t\t\t\t<h1 class=\"qodef-st-title\" >\n\t\t\t\t\u00a1Elige tu aventura!\t\t\t<\/h1>\n\t\t        \t\t\t\t\t<\/div>\n<\/div>[vc_empty_space height=\u00bb20px\u00bb][vc_column_text css=\u00bb.vc_custom_1707753802249{padding-right: 5% !important;padding-left: 5% !important;}\u00bb]<\/p>\n<p>Nuestros servicios te permitir\u00e1n disfrutar de la sensaci\u00f3n del viento en tu rostro mientras te embarcas en un viaje lleno de descubrimientos, avistamientos de vida marina e impresionantes paisajes. \u26f5<\/p>\n<p>Nuestro equipo estar\u00e1 a tu disposici\u00f3n para brindarte una experiencia segura e inolvidable en el mar, creando recuerdos que perdurar\u00e1n toda la vida.<\/p>\n<p>[\/vc_column_text][vc_empty_space height=\u00bb50px\u00bb][vc_row_inner equal_height=\u00bbyes\u00bb gap=\u00bb2&#8243;][vc_column_inner width=\u00bb1\/3&#8243; css=\u00bb.vc_custom_1738436920246{padding-top: 300px !important;padding-bottom: 50px !important;background-image: url(https:\/\/alphazulu.es\/wp-content\/uploads\/2024\/02\/masonry-weekly-charter.jpg?id=7715) !important;background-position: center !important;background-repeat: no-repeat !important;background-size: cover !important;}\u00bb][vc_column_text css=\u00bb\u00bb]<\/p>\n<h2 style=\"text-align: center; color: #fff; font-weight: bold;\"><a href=\"https:\/\/alphazulu.es\/es\/servicios\/charter-semanal\/\">CH\u00c1RTER SEMANAL<\/a><\/h2>\n<h4 style=\"text-align: center; color: #fff; margin-top: -20px;\">Mediterr\u00e1neo &amp; Caribe<\/h4>\n<p>[\/vc_column_text][\/vc_column_inner][vc_column_inner width=\u00bb1\/3&#8243; css=\u00bb.vc_custom_1738436928159{padding-top: 300px !important;padding-bottom: 50px !important;background-image: url(https:\/\/alphazulu.es\/wp-content\/uploads\/2024\/02\/masonry-daily-charter.jpg?id=7705) !important;background-position: center !important;background-repeat: no-repeat !important;background-size: cover !important;}\u00bb][vc_column_text css=\u00bb\u00bb]<\/p>\n<h2 style=\"text-align: center; color: #fff; font-weight: bold;\"><a href=\"https:\/\/alphazulu.es\/es\/servicios\/salida-diaria\/\">CH\u00c1RTER DIARIO<\/a><\/h2>\n<h4 style=\"text-align: center; color: #fff; margin-top: -20px;\">En Barcelona<\/h4>\n<p>[\/vc_column_text][\/vc_column_inner][vc_column_inner width=\u00bb1\/3&#8243; css=\u00bb.vc_custom_1772196670266{padding-top: 300px !important;padding-bottom: 50px !important;background-image: url(https:\/\/alphazulu.es\/wp-content\/uploads\/2026\/02\/masonry-home-academy.jpg?id=12033) !important;background-position: center !important;background-repeat: no-repeat !important;background-size: cover !important;}\u00bb][vc_column_text css=\u00bb\u00bb]<\/p>\n<h2 style=\"text-align: center; color: #fff; font-weight: bold;\"><a href=\"https:\/\/alphazulu.es\/es\/sailing-academy\/\">SAILING ACADEMY<\/a><\/h2>\n<h4 style=\"text-align: center; color: #fff; margin-top: -20px;\">En Barcelona<\/h4>\n<p>[\/vc_column_text][\/vc_column_inner][\/vc_row_inner][\/vc_column][\/vc_row]<\/p>\n<\/div>","protected":false},"excerpt":{"rendered":"<p>[vc_row row_content_width=\u00bbgrid\u00bb content_text_aligment=\u00bbcenter\u00bb enable_surfer_icon=\u00bbno\u00bb][vc_column][vc_empty_space height=\u00bb20px\u00bb][vc_column_text css=\u00bb.vc_custom_1707753802249{padding-right: 5% !important;padding-left: 5% !important;}\u00bb] Nuestros servicios te permitir\u00e1n disfrutar de la sensaci\u00f3n del viento en tu rostro mientras te embarcas en un viaje lleno de descubrimientos, avistamientos de vida marina e impresionantes paisajes. \u26f5 Nuestro equipo estar\u00e1 a tu disposici\u00f3n para brindarte una experiencia [&hellip;]<\/p>\n","protected":false},"author":5,"featured_media":0,"parent":0,"menu_order":0,"comment_status":"closed","ping_status":"closed","template":"full-width.php","meta":{"_acf_changed":false,"_joinchat":[],"footnotes":""},"class_list":["post-1116","page","type-page","status-publish","hentry"],"acf":[],"yoast_head":"<!-- This site is optimized with the Yoast SEO plugin v27.4 - https:\/\/yoast.com\/product\/yoast-seo-wordpress\/ -->\n<title>Servicios - ALPHA ZULU<\/title>\n<meta name=\"description\" content=\"Nuestros servicios te permitir\u00e1n disfrutar de la sensaci\u00f3n del viento en tu rostro mientras te embarcas en un viaje lleno de descubrimientos, avistamientos de vida marina e impresionantes paisajes. \u26f5\" \/>\n<meta name=\"robots\" content=\"index, follow, max-snippet:-1, max-image-preview:large, max-video-preview:-1\" \/>\n<link rel=\"canonical\" href=\"https:\/\/alphazulu.es\/es\/servicios\/\" \/>\n<meta property=\"og:locale\" content=\"es_ES\" \/>\n<meta property=\"og:type\" content=\"article\" \/>\n<meta property=\"og:title\" content=\"Servicios - ALPHA ZULU\" \/>\n<meta property=\"og:description\" content=\"Nuestros servicios te permitir\u00e1n disfrutar de la sensaci\u00f3n del viento en tu rostro mientras te embarcas en un viaje lleno de descubrimientos, avistamientos de vida marina e impresionantes paisajes. \u26f5\" \/>\n<meta property=\"og:url\" content=\"https:\/\/alphazulu.es\/es\/servicios\/\" \/>\n<meta property=\"og:site_name\" content=\"ALPHA ZULU\" \/>\n<meta property=\"article:publisher\" content=\"https:\/\/www.facebook.com\/alphazulu.es\" \/>\n<meta property=\"article:modified_time\" content=\"2026-02-27T14:36:47+00:00\" \/>\n<meta name=\"twitter:card\" content=\"summary_large_image\" \/>\n<meta name=\"twitter:label1\" content=\"Tiempo de lectura\" \/>\n\t<meta name=\"twitter:data1\" content=\"1 minuto\" \/>\n<script type=\"application\/ld+json\" class=\"yoast-schema-graph\">{\"@context\":\"https:\\\/\\\/schema.org\",\"@graph\":[{\"@type\":\"WebPage\",\"@id\":\"https:\\\/\\\/alphazulu.es\\\/es\\\/servicios\\\/\",\"url\":\"https:\\\/\\\/alphazulu.es\\\/es\\\/servicios\\\/\",\"name\":\"Servicios - ALPHA ZULU\",\"isPartOf\":{\"@id\":\"https:\\\/\\\/alphazulu.es\\\/#website\"},\"datePublished\":\"2020-01-31T14:23:45+00:00\",\"dateModified\":\"2026-02-27T14:36:47+00:00\",\"description\":\"Nuestros servicios te permitir\u00e1n disfrutar de la sensaci\u00f3n del viento en tu rostro mientras te embarcas en un viaje lleno de descubrimientos, avistamientos de vida marina e impresionantes paisajes. \u26f5\",\"breadcrumb\":{\"@id\":\"https:\\\/\\\/alphazulu.es\\\/es\\\/servicios\\\/#breadcrumb\"},\"inLanguage\":\"es\",\"potentialAction\":[{\"@type\":\"ReadAction\",\"target\":[\"https:\\\/\\\/alphazulu.es\\\/es\\\/servicios\\\/\"]}]},{\"@type\":\"BreadcrumbList\",\"@id\":\"https:\\\/\\\/alphazulu.es\\\/es\\\/servicios\\\/#breadcrumb\",\"itemListElement\":[{\"@type\":\"ListItem\",\"position\":1,\"name\":\"Portada\",\"item\":\"https:\\\/\\\/alphazulu.es\\\/es\\\/\"},{\"@type\":\"ListItem\",\"position\":2,\"name\":\"Servicios\"}]},{\"@type\":\"WebSite\",\"@id\":\"https:\\\/\\\/alphazulu.es\\\/#website\",\"url\":\"https:\\\/\\\/alphazulu.es\\\/\",\"name\":\"ALPHA ZULU\",\"description\":\"Sail, explore, repeat\",\"publisher\":{\"@id\":\"https:\\\/\\\/alphazulu.es\\\/#organization\"},\"potentialAction\":[{\"@type\":\"SearchAction\",\"target\":{\"@type\":\"EntryPoint\",\"urlTemplate\":\"https:\\\/\\\/alphazulu.es\\\/?s={search_term_string}\"},\"query-input\":{\"@type\":\"PropertyValueSpecification\",\"valueRequired\":true,\"valueName\":\"search_term_string\"}}],\"inLanguage\":\"es\"},{\"@type\":\"Organization\",\"@id\":\"https:\\\/\\\/alphazulu.es\\\/#organization\",\"name\":\"ALPHA ZULU\",\"url\":\"https:\\\/\\\/alphazulu.es\\\/\",\"logo\":{\"@type\":\"ImageObject\",\"inLanguage\":\"es\",\"@id\":\"https:\\\/\\\/alphazulu.es\\\/#\\\/schema\\\/logo\\\/image\\\/\",\"url\":\"https:\\\/\\\/alphazulu.es\\\/wp-content\\\/uploads\\\/2023\\\/04\\\/alphazulu-logo-color.png\",\"contentUrl\":\"https:\\\/\\\/alphazulu.es\\\/wp-content\\\/uploads\\\/2023\\\/04\\\/alphazulu-logo-color.png\",\"width\":800,\"height\":800,\"caption\":\"ALPHA ZULU\"},\"image\":{\"@id\":\"https:\\\/\\\/alphazulu.es\\\/#\\\/schema\\\/logo\\\/image\\\/\"},\"sameAs\":[\"https:\\\/\\\/www.facebook.com\\\/alphazulu.es\",\"https:\\\/\\\/www.instagram.com\\\/alphazulu.es\\\/\",\"https:\\\/\\\/www.youtube.com\\\/@alphazulu-es\",\"https:\\\/\\\/www.linkedin.com\\\/company\\\/alphazulu-es\\\/\"]}]}<\/script>\n<!-- \/ Yoast SEO plugin. -->","yoast_head_json":{"title":"Servicios - ALPHA ZULU","description":"Nuestros servicios te permitir\u00e1n disfrutar de la sensaci\u00f3n del viento en tu rostro mientras te embarcas en un viaje lleno de descubrimientos, avistamientos de vida marina e impresionantes paisajes. \u26f5","robots":{"index":"index","follow":"follow","max-snippet":"max-snippet:-1","max-image-preview":"max-image-preview:large","max-video-preview":"max-video-preview:-1"},"canonical":"https:\/\/alphazulu.es\/es\/servicios\/","og_locale":"es_ES","og_type":"article","og_title":"Servicios - ALPHA ZULU","og_description":"Nuestros servicios te permitir\u00e1n disfrutar de la sensaci\u00f3n del viento en tu rostro mientras te embarcas en un viaje lleno de descubrimientos, avistamientos de vida marina e impresionantes paisajes. \u26f5","og_url":"https:\/\/alphazulu.es\/es\/servicios\/","og_site_name":"ALPHA ZULU","article_publisher":"https:\/\/www.facebook.com\/alphazulu.es","article_modified_time":"2026-02-27T14:36:47+00:00","twitter_card":"summary_large_image","twitter_misc":{"Tiempo de lectura":"1 minuto"},"schema":{"@context":"https:\/\/schema.org","@graph":[{"@type":"WebPage","@id":"https:\/\/alphazulu.es\/es\/servicios\/","url":"https:\/\/alphazulu.es\/es\/servicios\/","name":"Servicios - ALPHA ZULU","isPartOf":{"@id":"https:\/\/alphazulu.es\/#website"},"datePublished":"2020-01-31T14:23:45+00:00","dateModified":"2026-02-27T14:36:47+00:00","description":"Nuestros servicios te permitir\u00e1n disfrutar de la sensaci\u00f3n del viento en tu rostro mientras te embarcas en un viaje lleno de descubrimientos, avistamientos de vida marina e impresionantes paisajes. \u26f5","breadcrumb":{"@id":"https:\/\/alphazulu.es\/es\/servicios\/#breadcrumb"},"inLanguage":"es","potentialAction":[{"@type":"ReadAction","target":["https:\/\/alphazulu.es\/es\/servicios\/"]}]},{"@type":"BreadcrumbList","@id":"https:\/\/alphazulu.es\/es\/servicios\/#breadcrumb","itemListElement":[{"@type":"ListItem","position":1,"name":"Portada","item":"https:\/\/alphazulu.es\/es\/"},{"@type":"ListItem","position":2,"name":"Servicios"}]},{"@type":"WebSite","@id":"https:\/\/alphazulu.es\/#website","url":"https:\/\/alphazulu.es\/","name":"ALPHA ZULU","description":"Sail, explore, repeat","publisher":{"@id":"https:\/\/alphazulu.es\/#organization"},"potentialAction":[{"@type":"SearchAction","target":{"@type":"EntryPoint","urlTemplate":"https:\/\/alphazulu.es\/?s={search_term_string}"},"query-input":{"@type":"PropertyValueSpecification","valueRequired":true,"valueName":"search_term_string"}}],"inLanguage":"es"},{"@type":"Organization","@id":"https:\/\/alphazulu.es\/#organization","name":"ALPHA ZULU","url":"https:\/\/alphazulu.es\/","logo":{"@type":"ImageObject","inLanguage":"es","@id":"https:\/\/alphazulu.es\/#\/schema\/logo\/image\/","url":"https:\/\/alphazulu.es\/wp-content\/uploads\/2023\/04\/alphazulu-logo-color.png","contentUrl":"https:\/\/alphazulu.es\/wp-content\/uploads\/2023\/04\/alphazulu-logo-color.png","width":800,"height":800,"caption":"ALPHA ZULU"},"image":{"@id":"https:\/\/alphazulu.es\/#\/schema\/logo\/image\/"},"sameAs":["https:\/\/www.facebook.com\/alphazulu.es","https:\/\/www.instagram.com\/alphazulu.es\/","https:\/\/www.youtube.com\/@alphazulu-es","https:\/\/www.linkedin.com\/company\/alphazulu-es\/"]}]}},"_links":{"self":[{"href":"https:\/\/alphazulu.es\/es\/wp-json\/wp\/v2\/pages\/1116","targetHints":{"allow":["GET"]}}],"collection":[{"href":"https:\/\/alphazulu.es\/es\/wp-json\/wp\/v2\/pages"}],"about":[{"href":"https:\/\/alphazulu.es\/es\/wp-json\/wp\/v2\/types\/page"}],"author":[{"embeddable":true,"href":"https:\/\/alphazulu.es\/es\/wp-json\/wp\/v2\/users\/5"}],"replies":[{"embeddable":true,"href":"https:\/\/alphazulu.es\/es\/wp-json\/wp\/v2\/comments?post=1116"}],"version-history":[{"count":37,"href":"https:\/\/alphazulu.es\/es\/wp-json\/wp\/v2\/pages\/1116\/revisions"}],"predecessor-version":[{"id":12078,"href":"https:\/\/alphazulu.es\/es\/wp-json\/wp\/v2\/pages\/1116\/revisions\/12078"}],"wp:attachment":[{"href":"https:\/\/alphazulu.es\/es\/wp-json\/wp\/v2\/media?parent=1116"}],"curies":[{"name":"wp","href":"https:\/\/api.w.org\/{rel}","templated":true}]}}