{"id":1107,"date":"2020-01-31T13:43:07","date_gmt":"2020-01-31T13:43:07","guid":{"rendered":"https:\/\/waveride.qodeinteractive.com\/?page_id=1107"},"modified":"2024-02-21T18:31:30","modified_gmt":"2024-02-21T18:31:30","slug":"contacto","status":"publish","type":"page","link":"https:\/\/alphazulu.es\/es\/contacto\/","title":{"rendered":"Contacto"},"content":{"rendered":"<div class=\"wpb-content-wrapper\"><p>[vc_row gap=\u00bb35&#8243; row_content_width=\u00bbgrid\u00bb][vc_column]<div class=\"qodef-section-title-holder  \" style=\"text-align: center\">\n\t<div class=\"qodef-st-inner\">\n        \t\t\t\t\t<h2 class=\"qodef-st-title\" >\n\t\t\t\t\u00a1Contactanos!\t\t\t<\/h2>\n\t\t        \t\t\t\t\t<\/div>\n<\/div>[vc_empty_space height=\u00bb20px\u00bb][vc_column_text css=\u00bb.vc_custom_1708540287941{padding-right: 5% !important;padding-left: 5% !important;}\u00bb]<\/p>\n<p style=\"text-align: center;\">Ya sea que est\u00e9s interesado en reservar un <a href=\"https:\/\/alphazulu.es\/es\/servicios\/\" target=\"_blank\" rel=\"noopener\">charter<\/a>, comprar <a href=\"https:\/\/alphazulu.es\/tienda\/\" target=\"_blank\" rel=\"noopener\">productos<\/a>, o simplemente quieras saludar, no dudes en ponerte en contacto con nosotros.<\/p>\n<p>&nbsp;<\/p>\n<p style=\"text-align: center;\">Tu satisfacci\u00f3n es nuestra prioridad y estamos comprometidos a ayudarte en cada paso del camino.<\/p>\n<p>[\/vc_column_text][vc_row_inner css=\u00bb.vc_custom_1707764009748{padding-top: 80px !important;}\u00bb][vc_column_inner el_class=\u00bbcontact-left-column\u00bb width=\u00bb1\/2&#8243; css=\u00bb.vc_custom_1707765015250{padding-bottom: 80px !important;}\u00bb][vc_single_image image=\u00bb3135&#8243; img_size=\u00bbmedium\u00bb alignment=\u00bbcenter\u00bb][vc_empty_space height=\u00bb30px\u00bb]<div class=\"qodef-iwt clearfix  qodef-iwt-icon-left qodef-iwt-icon-medium\">\n\t<div class=\"qodef-iwt-icon\">\n\t\t\t\t\t<a itemprop=\"url\" href=\"mailto:hola@alphazulu.es\" target=\"_blank\">\n\t\t\t\t\t\t\t\t\t    <span class=\"qodef-icon-shortcode qodef-normal   qodef-icon-medium\"  data-color=\"#0071bc\">\n                    <i class=\"qodef-icon-font-awesome fa fa-envelope qodef-icon-element\" style=\"color: #0071bc;font-size:15px\" ><\/i>            <\/span>\n\t\t\t\t\t\t\t\t<\/a>\n\t\t\t<\/div>\n\t<div class=\"qodef-iwt-content\" >\n\t\t\t\t\t<h5 class=\"qodef-iwt-title\" style=\"color: #858585;margin-top: 10px\">\n\t\t\t\t\t\t\t\t\t<a itemprop=\"url\" href=\"mailto:hola@alphazulu.es\" target=\"_blank\">\n\t\t\t\t\t\t\t\t<span class=\"qodef-iwt-title-text\">hola@alphazulu.es<\/span>\n\t\t\t\t\t\t\t\t\t<\/a>\n\t\t\t\t\t\t\t<\/h5>\n\t\t\t\t\t<\/div>\n<\/div>[vc_empty_space height=\u00bb10px\u00bb]<div class=\"qodef-iwt clearfix  qodef-iwt-icon-left qodef-iwt-icon-medium\">\n\t<div class=\"qodef-iwt-icon\">\n\t\t\t\t\t\t\t\t\t    <span class=\"qodef-icon-shortcode qodef-normal   qodef-icon-medium\"  data-color=\"#0071bc\">\n                    <i class=\"qodef-icon-font-awesome fa fa-map-pin qodef-icon-element\" style=\"color: #0071bc;font-size:15px\" ><\/i>            <\/span>\n\t\t\t\t\t\t<\/div>\n\t<div class=\"qodef-iwt-content\" >\n\t\t\t\t\t<h5 class=\"qodef-iwt-title\" style=\"color: #858585;margin-top: 10px\">\n\t\t\t\t\t\t\t\t<span class=\"qodef-iwt-title-text\">Barcelona, Espa\u00f1a<\/span>\n\t\t\t\t\t\t\t<\/h5>\n\t\t\t\t\t<\/div>\n<\/div>[vc_empty_space height=\u00bb10px\u00bb]<div class=\"qodef-iwt clearfix  qodef-iwt-icon-left qodef-iwt-icon-medium\">\n\t<div class=\"qodef-iwt-icon\">\n\t\t\t\t\t<a itemprop=\"url\" href=\"https:\/\/wa.me\/+34652065553\" target=\"_blank\">\n\t\t\t\t\t\t\t\t\t    <span class=\"qodef-icon-shortcode qodef-normal   qodef-icon-medium\"  data-color=\"#0071bc\">\n                    <i class=\"qodef-icon-font-awesome fab fa-whatsapp qodef-icon-element\" style=\"color: #0071bc;font-size:15px\" ><\/i>            <\/span>\n\t\t\t\t\t\t\t\t<\/a>\n\t\t\t<\/div>\n\t<div class=\"qodef-iwt-content\" >\n\t\t\t\t\t<h5 class=\"qodef-iwt-title\" style=\"color: #858585;margin-top: 10px\">\n\t\t\t\t\t\t\t\t\t<a itemprop=\"url\" href=\"https:\/\/wa.me\/+34652065553\" target=\"_blank\">\n\t\t\t\t\t\t\t\t<span class=\"qodef-iwt-title-text\">+34 652 06 55 53<\/span>\n\t\t\t\t\t\t\t\t\t<\/a>\n\t\t\t\t\t\t\t<\/h5>\n\t\t\t\t\t<\/div>\n<\/div>[vc_empty_space height=\u00bb30px\u00bb][vc_column_text]<\/p>\n<h4>FOLLOW US:<\/h4>\n<p>[\/vc_column_text][vc_empty_space height=\u00bb10px\u00bb]    <span class=\"qodef-icon-shortcode qodef-normal   \" style=\"margin: 0 10px 0 0\" data-color=\"#0071bc\">\n                    <a itemprop=\"url\" class=\"\" href=\"https:\/\/www.facebook.com\/alphazulu.es\" target=\"_blank\">\n                    <i class=\"qodef-icon-font-awesome fab fa-facebook qodef-icon-element\" style=\"color: #0071bc;font-size:18px\" ><\/i>                    <\/a>\n            <\/span>\n    <span class=\"qodef-icon-shortcode qodef-normal   \"  data-color=\"#0071bc\">\n                    <a itemprop=\"url\" class=\"\" href=\"https:\/\/www.instagram.com\/alphazulu.es\/\" target=\"_blank\">\n                    <i class=\"qodef-icon-font-awesome fab fa-instagram qodef-icon-element\" style=\"color: #0071bc;font-size:18px\" ><\/i>                    <\/a>\n            <\/span>\n    <span class=\"qodef-icon-shortcode qodef-normal   \" style=\"margin: 0 0 0 10px\" data-color=\"#0071bc\">\n                    <a itemprop=\"url\" class=\"\" href=\"https:\/\/www.youtube.com\/@alphazulu-es\" target=\"_blank\">\n                    <i class=\"qodef-icon-font-awesome fab fa-youtube qodef-icon-element\" style=\"color: #0071bc;font-size:18px\" ><\/i>                    <\/a>\n            <\/span>\n    <span class=\"qodef-icon-shortcode qodef-normal   \" style=\"margin: 0 0 0 10px\" data-color=\"#0071bc\">\n                    <a itemprop=\"url\" class=\"\" href=\"https:\/\/www.linkedin.com\/company\/alphazulu-es\/\" target=\"_blank\">\n                    <i class=\"qodef-icon-font-awesome fab fa-linkedin qodef-icon-element\" style=\"color: #0071bc;font-size:18px\" ><\/i>                    <\/a>\n            <\/span>\n[\/vc_column_inner][vc_column_inner width=\u00bb1\/2&#8243;][vc_column_text]Cont\u00e1ctanos a trav\u00e9s de la informaci\u00f3n proporcionada a continuaci\u00f3n o completa el formulario, y uno de nuestros amables miembros del equipo se pondr\u00e1 en contacto contigo lo antes posible.[\/vc_column_text][vc_empty_space height=\u00bb30px\u00bb]\n<div class=\"wpcf7 no-js\" id=\"wpcf7-f3065-o1\" lang=\"es-ES\" dir=\"ltr\" data-wpcf7-id=\"3065\">\n<div class=\"screen-reader-response\"><p role=\"status\" aria-live=\"polite\" aria-atomic=\"true\"><\/p> <ul><\/ul><\/div>\n<form action=\"\/es\/wp-json\/wp\/v2\/pages\/1107#wpcf7-f3065-o1\" method=\"post\" class=\"wpcf7-form init\" aria-label=\"Formulario de contacto\" novalidate=\"novalidate\" data-status=\"init\">\n<fieldset class=\"hidden-fields-container\"><input type=\"hidden\" name=\"_wpcf7\" value=\"3065\" \/><input type=\"hidden\" name=\"_wpcf7_version\" value=\"6.1.5\" \/><input type=\"hidden\" name=\"_wpcf7_locale\" value=\"es_ES\" \/><input type=\"hidden\" name=\"_wpcf7_unit_tag\" value=\"wpcf7-f3065-o1\" \/><input type=\"hidden\" name=\"_wpcf7_container_post\" value=\"0\" \/><input type=\"hidden\" name=\"_wpcf7_posted_data_hash\" value=\"\" \/><input type=\"hidden\" name=\"_wpcf7_recaptcha_response\" value=\"\" \/>\n<\/fieldset>\n<p><label><span class=\"wpcf7-form-control-wrap\" data-name=\"your-name\"><input size=\"40\" maxlength=\"400\" class=\"wpcf7-form-control wpcf7-text wpcf7-validates-as-required\" aria-required=\"true\" aria-invalid=\"false\" value=\"Nombre completo\" type=\"text\" name=\"your-name\" \/><\/span><\/label>\n<\/p>\n<p><label><span class=\"wpcf7-form-control-wrap\" data-name=\"your-email\"><input size=\"40\" maxlength=\"400\" class=\"wpcf7-form-control wpcf7-email wpcf7-validates-as-required wpcf7-text wpcf7-validates-as-email\" aria-required=\"true\" aria-invalid=\"false\" value=\"E-Mail\" type=\"email\" name=\"your-email\" \/><\/span><\/label>\n<\/p>\n<p><label><span class=\"wpcf7-form-control-wrap\" data-name=\"servicio\"><select class=\"wpcf7-form-control wpcf7-select wpcf7-validates-as-required\" aria-required=\"true\" aria-invalid=\"false\" name=\"servicio\"><option value=\"Charter Diario\">Charter Diario<\/option><option value=\"Charter Semanal\">Charter Semanal<\/option><option value=\"Sailing Academy\">Sailing Academy<\/option><\/select><\/span><\/label>\n<\/p>\n<p><label><span class=\"wpcf7-form-control-wrap\" data-name=\"your-message\"><textarea cols=\"40\" rows=\"10\" maxlength=\"2000\" class=\"wpcf7-form-control wpcf7-textarea wpcf7-validates-as-required\" aria-required=\"true\" aria-invalid=\"false\" name=\"your-message\">Escribe tu mensaje<\/textarea><\/span><\/label>\n<\/p>\n<p><button class=\"wpcf7-form-control wpcf7-submit qodef-btn qodef-btn-medium qodef-btn-solid qodef-btn-custom-hover-color qodef-btn-custom-hover-bg qodef-btn-custom-border-hover\" type=\"submit\"><span class=\"qodef-btn-text\">Enviar<\/span><span class=\"qodef-btn-wave-holder\"><\/span><\/button>\n<\/p><input type='hidden' class='wpcf7-pum' value='{\"closepopup\":false,\"closedelay\":0,\"openpopup\":false,\"openpopup_id\":0}' \/><div class=\"wpcf7-response-output\" aria-hidden=\"true\"><\/div>\n<\/form>\n<\/div>\n[\/vc_column_inner][\/vc_row_inner][\/vc_column][\/vc_row]<\/p>\n<\/div>","protected":false},"excerpt":{"rendered":"<p>[vc_row gap=\u00bb35&#8243; row_content_width=\u00bbgrid\u00bb][vc_column][vc_empty_space height=\u00bb20px\u00bb][vc_column_text css=\u00bb.vc_custom_1708540287941{padding-right: 5% !important;padding-left: 5% !important;}\u00bb] Ya sea que est\u00e9s interesado en reservar un charter, comprar productos, o simplemente quieras saludar, no dudes en ponerte en contacto con nosotros. &nbsp; Tu satisfacci\u00f3n es nuestra prioridad y estamos comprometidos a ayudarte en cada paso del camino. [\/vc_column_text][vc_row_inner css=\u00bb.vc_custom_1707764009748{padding-top: [&hellip;]<\/p>\n","protected":false},"author":5,"featured_media":0,"parent":0,"menu_order":0,"comment_status":"closed","ping_status":"closed","template":"full-width.php","meta":{"_acf_changed":false,"_joinchat":[],"footnotes":""},"class_list":["post-1107","page","type-page","status-publish","hentry"],"acf":[],"yoast_head":"<!-- This site is optimized with the Yoast SEO plugin v27.4 - https:\/\/yoast.com\/product\/yoast-seo-wordpress\/ -->\n<title>Contacto - ALPHA ZULU<\/title>\n<meta name=\"robots\" content=\"index, follow, max-snippet:-1, max-image-preview:large, max-video-preview:-1\" \/>\n<link rel=\"canonical\" href=\"https:\/\/alphazulu.es\/es\/contacto\/\" \/>\n<meta property=\"og:locale\" content=\"es_ES\" \/>\n<meta property=\"og:type\" content=\"article\" \/>\n<meta property=\"og:title\" content=\"Contacto - ALPHA ZULU\" \/>\n<meta property=\"og:description\" content=\"[vc_row gap=\u00bb35&#8243; row_content_width=\u00bbgrid\u00bb][vc_column][vc_empty_space height=\u00bb20px\u00bb][vc_column_text css=\u00bb.vc_custom_1708540287941{padding-right: 5% !important;padding-left: 5% !important;}\u00bb] Ya sea que est\u00e9s interesado en reservar un charter, comprar productos, o simplemente quieras saludar, no dudes en ponerte en contacto con nosotros. &nbsp; Tu satisfacci\u00f3n es nuestra prioridad y estamos comprometidos a ayudarte en cada paso del camino. [\/vc_column_text][vc_row_inner css=\u00bb.vc_custom_1707764009748{padding-top: [&hellip;]\" \/>\n<meta property=\"og:url\" content=\"https:\/\/alphazulu.es\/es\/contacto\/\" \/>\n<meta property=\"og:site_name\" content=\"ALPHA ZULU\" \/>\n<meta property=\"article:publisher\" content=\"https:\/\/www.facebook.com\/alphazulu.es\" \/>\n<meta property=\"article:modified_time\" content=\"2024-02-21T18:31:30+00:00\" \/>\n<meta name=\"twitter:card\" content=\"summary_large_image\" \/>\n<meta name=\"twitter:label1\" content=\"Tiempo de lectura\" \/>\n\t<meta name=\"twitter:data1\" content=\"1 minuto\" \/>\n<script type=\"application\/ld+json\" class=\"yoast-schema-graph\">{\"@context\":\"https:\\\/\\\/schema.org\",\"@graph\":[{\"@type\":\"WebPage\",\"@id\":\"https:\\\/\\\/alphazulu.es\\\/es\\\/contacto\\\/\",\"url\":\"https:\\\/\\\/alphazulu.es\\\/es\\\/contacto\\\/\",\"name\":\"Contacto - ALPHA ZULU\",\"isPartOf\":{\"@id\":\"https:\\\/\\\/alphazulu.es\\\/#website\"},\"datePublished\":\"2020-01-31T13:43:07+00:00\",\"dateModified\":\"2024-02-21T18:31:30+00:00\",\"breadcrumb\":{\"@id\":\"https:\\\/\\\/alphazulu.es\\\/es\\\/contacto\\\/#breadcrumb\"},\"inLanguage\":\"es\",\"potentialAction\":[{\"@type\":\"ReadAction\",\"target\":[\"https:\\\/\\\/alphazulu.es\\\/es\\\/contacto\\\/\"]}]},{\"@type\":\"BreadcrumbList\",\"@id\":\"https:\\\/\\\/alphazulu.es\\\/es\\\/contacto\\\/#breadcrumb\",\"itemListElement\":[{\"@type\":\"ListItem\",\"position\":1,\"name\":\"Portada\",\"item\":\"https:\\\/\\\/alphazulu.es\\\/es\\\/\"},{\"@type\":\"ListItem\",\"position\":2,\"name\":\"Contacto\"}]},{\"@type\":\"WebSite\",\"@id\":\"https:\\\/\\\/alphazulu.es\\\/#website\",\"url\":\"https:\\\/\\\/alphazulu.es\\\/\",\"name\":\"ALPHA ZULU\",\"description\":\"Sail, explore, repeat\",\"publisher\":{\"@id\":\"https:\\\/\\\/alphazulu.es\\\/#organization\"},\"potentialAction\":[{\"@type\":\"SearchAction\",\"target\":{\"@type\":\"EntryPoint\",\"urlTemplate\":\"https:\\\/\\\/alphazulu.es\\\/?s={search_term_string}\"},\"query-input\":{\"@type\":\"PropertyValueSpecification\",\"valueRequired\":true,\"valueName\":\"search_term_string\"}}],\"inLanguage\":\"es\"},{\"@type\":\"Organization\",\"@id\":\"https:\\\/\\\/alphazulu.es\\\/#organization\",\"name\":\"ALPHA ZULU\",\"url\":\"https:\\\/\\\/alphazulu.es\\\/\",\"logo\":{\"@type\":\"ImageObject\",\"inLanguage\":\"es\",\"@id\":\"https:\\\/\\\/alphazulu.es\\\/#\\\/schema\\\/logo\\\/image\\\/\",\"url\":\"https:\\\/\\\/alphazulu.es\\\/wp-content\\\/uploads\\\/2023\\\/04\\\/alphazulu-logo-color.png\",\"contentUrl\":\"https:\\\/\\\/alphazulu.es\\\/wp-content\\\/uploads\\\/2023\\\/04\\\/alphazulu-logo-color.png\",\"width\":800,\"height\":800,\"caption\":\"ALPHA ZULU\"},\"image\":{\"@id\":\"https:\\\/\\\/alphazulu.es\\\/#\\\/schema\\\/logo\\\/image\\\/\"},\"sameAs\":[\"https:\\\/\\\/www.facebook.com\\\/alphazulu.es\",\"https:\\\/\\\/www.instagram.com\\\/alphazulu.es\\\/\",\"https:\\\/\\\/www.youtube.com\\\/@alphazulu-es\",\"https:\\\/\\\/www.linkedin.com\\\/company\\\/alphazulu-es\\\/\"]}]}<\/script>\n<!-- \/ Yoast SEO plugin. -->","yoast_head_json":{"title":"Contacto - ALPHA ZULU","robots":{"index":"index","follow":"follow","max-snippet":"max-snippet:-1","max-image-preview":"max-image-preview:large","max-video-preview":"max-video-preview:-1"},"canonical":"https:\/\/alphazulu.es\/es\/contacto\/","og_locale":"es_ES","og_type":"article","og_title":"Contacto - ALPHA ZULU","og_description":"[vc_row gap=\u00bb35&#8243; row_content_width=\u00bbgrid\u00bb][vc_column][vc_empty_space height=\u00bb20px\u00bb][vc_column_text css=\u00bb.vc_custom_1708540287941{padding-right: 5% !important;padding-left: 5% !important;}\u00bb] Ya sea que est\u00e9s interesado en reservar un charter, comprar productos, o simplemente quieras saludar, no dudes en ponerte en contacto con nosotros. &nbsp; Tu satisfacci\u00f3n es nuestra prioridad y estamos comprometidos a ayudarte en cada paso del camino. [\/vc_column_text][vc_row_inner css=\u00bb.vc_custom_1707764009748{padding-top: [&hellip;]","og_url":"https:\/\/alphazulu.es\/es\/contacto\/","og_site_name":"ALPHA ZULU","article_publisher":"https:\/\/www.facebook.com\/alphazulu.es","article_modified_time":"2024-02-21T18:31:30+00:00","twitter_card":"summary_large_image","twitter_misc":{"Tiempo de lectura":"1 minuto"},"schema":{"@context":"https:\/\/schema.org","@graph":[{"@type":"WebPage","@id":"https:\/\/alphazulu.es\/es\/contacto\/","url":"https:\/\/alphazulu.es\/es\/contacto\/","name":"Contacto - ALPHA ZULU","isPartOf":{"@id":"https:\/\/alphazulu.es\/#website"},"datePublished":"2020-01-31T13:43:07+00:00","dateModified":"2024-02-21T18:31:30+00:00","breadcrumb":{"@id":"https:\/\/alphazulu.es\/es\/contacto\/#breadcrumb"},"inLanguage":"es","potentialAction":[{"@type":"ReadAction","target":["https:\/\/alphazulu.es\/es\/contacto\/"]}]},{"@type":"BreadcrumbList","@id":"https:\/\/alphazulu.es\/es\/contacto\/#breadcrumb","itemListElement":[{"@type":"ListItem","position":1,"name":"Portada","item":"https:\/\/alphazulu.es\/es\/"},{"@type":"ListItem","position":2,"name":"Contacto"}]},{"@type":"WebSite","@id":"https:\/\/alphazulu.es\/#website","url":"https:\/\/alphazulu.es\/","name":"ALPHA ZULU","description":"Sail, explore, repeat","publisher":{"@id":"https:\/\/alphazulu.es\/#organization"},"potentialAction":[{"@type":"SearchAction","target":{"@type":"EntryPoint","urlTemplate":"https:\/\/alphazulu.es\/?s={search_term_string}"},"query-input":{"@type":"PropertyValueSpecification","valueRequired":true,"valueName":"search_term_string"}}],"inLanguage":"es"},{"@type":"Organization","@id":"https:\/\/alphazulu.es\/#organization","name":"ALPHA ZULU","url":"https:\/\/alphazulu.es\/","logo":{"@type":"ImageObject","inLanguage":"es","@id":"https:\/\/alphazulu.es\/#\/schema\/logo\/image\/","url":"https:\/\/alphazulu.es\/wp-content\/uploads\/2023\/04\/alphazulu-logo-color.png","contentUrl":"https:\/\/alphazulu.es\/wp-content\/uploads\/2023\/04\/alphazulu-logo-color.png","width":800,"height":800,"caption":"ALPHA ZULU"},"image":{"@id":"https:\/\/alphazulu.es\/#\/schema\/logo\/image\/"},"sameAs":["https:\/\/www.facebook.com\/alphazulu.es","https:\/\/www.instagram.com\/alphazulu.es\/","https:\/\/www.youtube.com\/@alphazulu-es","https:\/\/www.linkedin.com\/company\/alphazulu-es\/"]}]}},"_links":{"self":[{"href":"https:\/\/alphazulu.es\/es\/wp-json\/wp\/v2\/pages\/1107","targetHints":{"allow":["GET"]}}],"collection":[{"href":"https:\/\/alphazulu.es\/es\/wp-json\/wp\/v2\/pages"}],"about":[{"href":"https:\/\/alphazulu.es\/es\/wp-json\/wp\/v2\/types\/page"}],"author":[{"embeddable":true,"href":"https:\/\/alphazulu.es\/es\/wp-json\/wp\/v2\/users\/5"}],"replies":[{"embeddable":true,"href":"https:\/\/alphazulu.es\/es\/wp-json\/wp\/v2\/comments?post=1107"}],"version-history":[{"count":13,"href":"https:\/\/alphazulu.es\/es\/wp-json\/wp\/v2\/pages\/1107\/revisions"}],"predecessor-version":[{"id":8575,"href":"https:\/\/alphazulu.es\/es\/wp-json\/wp\/v2\/pages\/1107\/revisions\/8575"}],"wp:attachment":[{"href":"https:\/\/alphazulu.es\/es\/wp-json\/wp\/v2\/media?parent=1107"}],"curies":[{"name":"wp","href":"https:\/\/api.w.org\/{rel}","templated":true}]}}