{"id":10706,"date":"2025-03-15T17:40:40","date_gmt":"2025-03-15T17:40:40","guid":{"rendered":"https:\/\/alphazulu.es\/?page_id=10706"},"modified":"2026-02-28T09:11:51","modified_gmt":"2026-02-28T09:11:51","slug":"sailing-academy","status":"publish","type":"page","link":"https:\/\/alphazulu.es\/es\/sailing-academy\/","title":{"rendered":"Sailing Academy"},"content":{"rendered":"<div class=\"wpb-content-wrapper\"><p>[vc_row css=\u00bb.vc_custom_1772186922046{padding-bottom: 50px !important;}\u00bb][vc_column][vc_column_text css=\u00bb.vc_custom_1742060376938{padding-bottom: 30px !important;}\u00bb]<\/p>\n<h1 style=\"text-align: center;\">SAILING ACADEMY<\/h1>\n<p>[\/vc_column_text][vc_column_text css=\u00bb\u00bb]<\/p>\n<p style=\"text-align: center;\">En <a href=\"https:\/\/alphazulu.es\/es\/nosotros\/\" target=\"_blank\" rel=\"noopener\">Alpha Zulu<\/a>, hemos llevado nuestra pasi\u00f3n por la navegaci\u00f3n al siguiente nivel.<\/p>\n<p style=\"text-align: center;\">Hemos dise\u00f1ado <a href=\"https:\/\/alphazulu.es\/es\/producto-categoria\/sailing-academy-es\/\" target=\"_blank\" rel=\"noopener\">talleres de entrenamiento<\/a> para ayudar a los navegantes a ganar <strong>confianza<\/strong> en el mar y convertirse en capitanes seguros y responsables.<\/p>\n<p>[\/vc_column_text][vc_row_inner equal_height=\u00bbyes\u00bb gap=\u00bb35&#8243; css=\u00bb.vc_custom_1772187306751{padding-top: 20px !important;padding-bottom: 20px !important;}\u00bb][vc_column_inner width=\u00bb1\/2&#8243;][vc_column_text css=\u00bb\u00bb]<\/p>\n<h3>De la licencia al mando real<\/h3>\n<p style=\"text-align: justify;\">Muchas titulaciones n\u00e1uticas est\u00e1n enfocadas principalmente en teor\u00eda, con un n\u00famero limitado de horas reales de pr\u00e1ctica.<\/p>\n<h4 style=\"text-align: center; color: #0071bc;\">La licencia es el inicio<br \/>\n<strong>El criterio se construye navegando<\/strong><\/h4>\n<p style=\"text-align: justify;\">Muchos patrones reci\u00e9n titulados sienten <strong>inseguridad al maniobrar<\/strong> en puerto, ejecutar un hombre al agua o tomar decisiones con viento y corriente reales.<\/p>\n<p style=\"text-align: justify;\">La Sailing Academy nace para cubrir ese puente: <em>transformar conocimiento en experiencia<\/em>.<\/p>\n<p>[\/vc_column_text][\/vc_column_inner][vc_column_inner width=\u00bb1\/2&#8243;][vc_column_text css=\u00bb\u00bb]<\/p>\n<h3>\u00bfQu\u00e9 es la Sailing Academy?<\/h3>\n<p style=\"text-align: justify;\">La Sailing Academy es el \u00e1rea de entrenamiento pr\u00e1ctico de Alpha Zulu.<\/p>\n<p style=\"text-align: center;\"><em>No somos una escuela de titulaciones<\/em><br \/>\n<strong>Somos un centro de entrenamiento<\/strong><\/p>\n<p>&nbsp;<\/p>\n<p style=\"text-align: left;\">Dise\u00f1amos programas para patrones que ya tienen licencia y quieren:<\/p>\n<p style=\"text-align: left; font-size: 14px;\"><i class=\"fa-solid fa-check\" style=\"color: #0071bc;\"><\/i> <span style=\"color: #0071bc;\">Ganar seguridad real al mando<br \/>\n<i class=\"fa-solid fa-check\" style=\"color: #0071bc;\"><\/i> Perfeccionar maniobras en condiciones reales<br \/>\n<i class=\"fa-solid fa-check\" style=\"color: #0071bc;\"><\/i> Desarrollar awareness n\u00e1utica<br \/>\n<i class=\"fa-solid fa-check\" style=\"color: #0071bc;\"><\/i> Tomar decisiones con criterio profesional<\/span><\/p>\n<p>[\/vc_column_text][\/vc_column_inner][\/vc_row_inner][\/vc_column][\/vc_row][vc_row full_width=\u00bbstretch_row\u00bb equal_height=\u00bbyes\u00bb css=\u00bb.vc_custom_1772195805275{padding-top: 50px !important;padding-bottom: 50px !important;background-color: #00CCEF !important;}\u00bb][vc_column css=\u00bb.vc_custom_1772194530274{padding-bottom: 10px !important;}\u00bb][vc_column_text css=\u00bb\u00bb]<\/p>\n<h3 style=\"text-align: center; color: #001c56;\">Aqu\u00ed no vienes a aprobar un examen<br \/>\n<strong>Vienes a convertirte en skipper<\/strong><\/h3>\n<p>[\/vc_column_text][\/vc_column][\/vc_row][vc_row full_width=\u00bbstretch_row\u00bb equal_height=\u00bbyes\u00bb css=\u00bb.vc_custom_1772187605943{padding-top: 50px !important;padding-bottom: 50px !important;background-color: #001C56 !important;}\u00bb][vc_column][vc_column_text css=\u00bb\u00bb]<\/p>\n<h2 style=\"text-align: center; letter-spacing: 0.5px; color: #00ccef; font-weight: 600; margin-bottom: 0px;\">Nuestra Metodolog\u00eda<\/h2>\n<h3 style=\"text-align: center; letter-spacing: 0.5px; color: #fff; margin-top: 5px;\">\u00bfC\u00f3mo entrenamos?<\/h3>\n<p style=\"text-align: center; color: #fff;\"><em>Nuestra metodolog\u00eda est\u00e1 enfocada en pr\u00e1ctica real, adaptaci\u00f3n individual y repetici\u00f3n consciente.<\/em><\/p>\n<p>[\/vc_column_text][vc_empty_space height=\u00bb50px\u00bb][vc_row_inner gap=\u00bb10&#8243;][vc_column_inner width=\u00bb1\/4&#8243;][vc_icon icon_fontawesome=\u00bbfas fa-glasses\u00bb color=\u00bbcustom\u00bb size=\u00bbxl\u00bb align=\u00bbcenter\u00bb css=\u00bb\u00bb custom_color=\u00bb#00CCEF\u00bb][vc_column_text css=\u00bb\u00bb]<\/p>\n<h4 style=\"text-align: center; color: #00ccef; letter-spacing: 0.5px; font-weight: 600;\">Diagn\u00f3stico Inicial<\/h4>\n<p style=\"text-align: center; color: #fff; font-size: 14px;\">El primer d\u00eda analizamos tu nivel y detectamos puntos d\u00e9biles en maniobra, lectura de entorno y toma de decisiones.<\/p>\n<p>[\/vc_column_text][vc_empty_space height=\u00bb10px\u00bb][\/vc_column_inner][vc_column_inner width=\u00bb1\/4&#8243;][vc_icon icon_fontawesome=\u00bbfas fa-anchor\u00bb color=\u00bbcustom\u00bb size=\u00bbxl\u00bb align=\u00bbcenter\u00bb css=\u00bb\u00bb custom_color=\u00bb#00CCEF\u00bb][vc_column_text css=\u00bb\u00bb]<\/p>\n<h4 style=\"text-align: center; color: #00ccef; letter-spacing: 0.5px; font-weight: 600;\">Entrenamiento Personalizado<\/h4>\n<p style=\"text-align: center; color: #fff; font-size: 14px;\">No seguimos un guion r\u00edgido.<br \/>\nAdaptamos el programa seg\u00fan lo que realmente necesitas reforzar.<\/p>\n<p>[\/vc_column_text][vc_empty_space height=\u00bb10px\u00bb][\/vc_column_inner][vc_column_inner width=\u00bb1\/4&#8243;][vc_icon icon_fontawesome=\u00bbfas fa-dharmachakra\u00bb color=\u00bbcustom\u00bb size=\u00bbxl\u00bb align=\u00bbcenter\u00bb css=\u00bb\u00bb custom_color=\u00bb#00CCEF\u00bb][vc_column_text css=\u00bb\u00bb]<\/p>\n<h4 style=\"text-align: center; color: #00ccef; letter-spacing: 0.5px; font-weight: 600;\">Horas al tim\u00f3n<\/h4>\n<p style=\"text-align: center; color: #fff; font-size: 14px;\">Est\u00e1s al mando.<br \/>\nManiobras repetidas, situaciones reales y correcciones en el momento.<\/p>\n<p>[\/vc_column_text][vc_empty_space height=\u00bb10px\u00bb][\/vc_column_inner][vc_column_inner width=\u00bb1\/4&#8243;][vc_icon icon_fontawesome=\u00bbfas fa-cogs\u00bb color=\u00bbcustom\u00bb size=\u00bbxl\u00bb align=\u00bbcenter\u00bb css=\u00bb\u00bb custom_color=\u00bb#00CCEF\u00bb][vc_column_text css=\u00bb\u00bb]<\/p>\n<h4 style=\"text-align: center; color: #00ccef; letter-spacing: 0.5px; font-weight: 600;\">Comprensi\u00f3n<\/h4>\n<p style=\"text-align: center; color: #fff; font-size: 14px;\">No buscamos que \u201cte salga\u201d.<br \/>\nBuscamos que entiendas por qu\u00e9 funciona.<\/p>\n<p>[\/vc_column_text][vc_empty_space height=\u00bb10px\u00bb][\/vc_column_inner][\/vc_row_inner][\/vc_column][\/vc_row][vc_row full_width=\u00bbstretch_row\u00bb gap=\u00bb35&#8243; equal_height=\u00bbyes\u00bb css=\u00bb.vc_custom_1772193203544{padding-top: 50px !important;padding-bottom: 60px !important;background-color: #F7F7F7 !important;}\u00bb][vc_column width=\u00bb1\/2&#8243;][vc_column_text css=\u00bb\u00bb]<\/p>\n<h3>Experiencia y Certificaciones<\/h3>\n<p style=\"text-align: left;\">Entrenamos desde la experiencia real, nuestro equipo est\u00e1 formado por profesionales con experiencia internacional:<\/p>\n<p>[\/vc_column_text][vc_empty_space height=\u00bb30px\u00bb][vc_column_text css=\u00bb\u00bb]<\/p>\n<h4 style=\"text-align: center;\">No ense\u00f1amos desde la teor\u00eda<br \/>\nEnse\u00f1amos desde el mar<\/h4>\n<p>[\/vc_column_text][vc_empty_space height=\u00bb30px\u00bb][vc_row_inner][vc_column_inner width=\u00bb1\/2&#8243;][vc_single_image image=\u00bb12038&#8243; img_size=\u00bb150&#215;150&#8243; alignment=\u00bbcenter\u00bb css=\u00bb\u00bb][vc_empty_space height=\u00bb10px\u00bb][vc_column_text css=\u00bb\u00bb]<\/p>\n<p style=\"text-align: center; font-size: 12px; font-weight: 600;\">YachtMaster Ocean<br \/>\nYachtMaster Offshore<\/p>\n<p>[\/vc_column_text][\/vc_column_inner][vc_column_inner width=\u00bb1\/2&#8243;][vc_single_image image=\u00bb12040&#8243; img_size=\u00bb150&#215;150&#8243; alignment=\u00bbcenter\u00bb css=\u00bb\u00bb][vc_empty_space height=\u00bb10px\u00bb][vc_column_text css=\u00bb\u00bb]<\/p>\n<p style=\"text-align: center; font-size: 14px; font-weight: 600;\">WS Coach CT1<br \/>\nWS Coach CT2<\/p>\n<p>[\/vc_column_text][\/vc_column_inner][\/vc_row_inner][\/vc_column][vc_column width=\u00bb1\/2&#8243; css=\u00bb.vc_custom_1772195735925{padding-top: 50px !important;padding-bottom: 50px !important;background-color: #0071BC !important;}\u00bb][vc_column_text css=\u00bb\u00bb]<\/p>\n<h3 style=\"color: #fff; text-align: center; font-weight: 600;\">Nuestros Talleres \u26f5<\/h3>\n<p style=\"text-align: center; color: #fff;\"><em>Programas disponibles para esta <strong>temporada 2026<\/strong><\/em><\/p>\n<p>[\/vc_column_text][vc_empty_space height=\u00bb30px\u00bb]<div class=\"qodef-plc-holder qodef-simple-layout qodef-normal-space qodef-plc-nav-default-skin qodef-plc-pag-bellow-slider qodef-plc-pag-default-skin\">\n\t<div class=\"qodef-plc-outer qodef-owl-slider\" data-number-of-items=\"1\" data-enable-loop=\"yes\" data-enable-autoplay=\"yes\" data-slider-speed=\"5000\" data-slider-speed-animation=\"600\" data-enable-navigation=\"no\" data-enable-pagination=\"no\">\n\t\t\t\t\t<div class=\"qodef-plc-item\">\n\t\t\t\t<div class=\"qodef-grid\">\n\t\t\t\t\t<div class=\"qodef-plc-image-outer\">\n\t\t\t\t\t\t<div class=\"qodef-plc-image\">\n\t\t\t\t\t\t\t\n<img loading=\"lazy\" decoding=\"async\" width=\"600\" height=\"600\" src=\"https:\/\/alphazulu.es\/wp-content\/uploads\/2025\/03\/sailing-academy-featured-600x600.jpg\" class=\"attachment-woocommerce_single size-woocommerce_single wp-post-image\" alt=\"sailing academy\" srcset=\"https:\/\/alphazulu.es\/wp-content\/uploads\/2025\/03\/sailing-academy-featured-600x600.jpg 600w, https:\/\/alphazulu.es\/wp-content\/uploads\/2025\/03\/sailing-academy-featured-300x300.jpg 300w, https:\/\/alphazulu.es\/wp-content\/uploads\/2025\/03\/sailing-academy-featured-150x150.jpg 150w, https:\/\/alphazulu.es\/wp-content\/uploads\/2025\/03\/sailing-academy-featured-768x768.jpg 768w, https:\/\/alphazulu.es\/wp-content\/uploads\/2025\/03\/sailing-academy-featured-650x650.jpg 650w, https:\/\/alphazulu.es\/wp-content\/uploads\/2025\/03\/sailing-academy-featured-100x100.jpg 100w, https:\/\/alphazulu.es\/wp-content\/uploads\/2025\/03\/sailing-academy-featured-500x500.jpg 500w, https:\/\/alphazulu.es\/wp-content\/uploads\/2025\/03\/sailing-academy-featured-800x800.jpg 800w, https:\/\/alphazulu.es\/wp-content\/uploads\/2025\/03\/sailing-academy-featured.jpg 1000w\" sizes=\"auto, (max-width: 600px) 100vw, 600px\" \/>\t\t\t\t\t\t<\/div>\n\t\t\t\t\t\t<a class=\"qodef-plc-link\" itemprop=\"url\" href=\"https:\/\/alphazulu.es\/es\/product\/taller-daily-skipper\/\" title=\"Taller Daily Skipper\"><\/a>\n\t\t\t\t\t<\/div>\n\t\t\t\t\t<div class=\"qodef-plc-text-wrapper\">\n\t\t\t\t\t\t<div class=\"qodef-plc-text\">\n\t\t\t\t\t\t\t<div class=\"qodef-plc-text-outer\">\n\t\t\t\t\t\t\t\t<div class=\"qodef-plc-text-inner\">\n\t\t\t\t\t\t\t\t\t    <h4 itemprop=\"name\" class=\"entry-title qodef-plc-title\" >\n\t\t<a itemprop=\"url\" href=\"https:\/\/alphazulu.es\/es\/product\/taller-daily-skipper\/\">Taller Daily Skipper<\/a>\n\t<\/h4>\n\t\t\t\t\t\t\t\t\t\n\t\t\t\t\t\t\t\t\t\t\t\t\t\t\t\t\t\t\n\t\t\t\t\t\t\t\t\t\t\t\t\t\t\t\t\t\t\n\t\t\t\t\t\t\t\t\t\t\t\t\t\t\t\t\t\t\n\t\t\t\t\t\t\t\t\t\t<div class=\"qodef-plc-price\"><span class=\"woocommerce-Price-amount amount\"><span class=\"woocommerce-Price-currencySymbol\">&euro;<\/span>870.00<\/span><\/div>\n\t\t\t\t\t\t\t\t\t\n\t\t\t\t\t\t\t\t\t\t\n\t<div class=\"qodef-plc-add-to-cart qodef-light-skin\">\n\t\t<a rel=\"nofollow\" href=\"https:\/\/alphazulu.es\/es\/product\/taller-daily-skipper\/\" data-quantity=\"1\" data-product_id=\"10801\" data-product_sku=\"\" class=\"button product_type_variable add_to_cart_button qodef-button\">Ver fechas disponibles<\/a>\t<\/div>\n\t\t\t\t\t\t\t\t<\/div>\n\t\t\t\t\t\t\t<\/div>\n\t\t\t\t\t\t<\/div>\n\t\t\t\t\t<\/div>\n\t\t\t\t<\/div>\n\t\t\t<\/div>\n\t\t\t<\/div>\n<\/div>[\/vc_column][\/vc_row]<\/p>\n<\/div>","protected":false},"excerpt":{"rendered":"<p>[vc_row css=\u00bb.vc_custom_1772186922046{padding-bottom: 50px !important;}\u00bb][vc_column][vc_column_text css=\u00bb.vc_custom_1742060376938{padding-bottom: 30px !important;}\u00bb] SAILING ACADEMY [\/vc_column_text][vc_column_text css=\u00bb\u00bb] En Alpha Zulu, hemos llevado nuestra pasi\u00f3n por la navegaci\u00f3n al siguiente nivel. Hemos dise\u00f1ado talleres de entrenamiento para ayudar a los navegantes a ganar confianza en el mar y convertirse en capitanes seguros y responsables. [\/vc_column_text][vc_row_inner equal_height=\u00bbyes\u00bb gap=\u00bb35&#8243; [&hellip;]<\/p>\n","protected":false},"author":5,"featured_media":10704,"parent":0,"menu_order":0,"comment_status":"closed","ping_status":"closed","template":"","meta":{"_acf_changed":false,"_joinchat":{"message_send":"Hola *{SITE}*!\nQuisiera m\u00e1s informaci\u00f3n acerca de {TITLE}\n\n{URL}"},"footnotes":""},"class_list":["post-10706","page","type-page","status-publish","has-post-thumbnail","hentry"],"acf":[],"yoast_head":"<!-- This site is optimized with the Yoast SEO plugin v27.3 - https:\/\/yoast.com\/product\/yoast-seo-wordpress\/ -->\n<title>Sailing Academy - ALPHA ZULU<\/title>\n<meta name=\"description\" content=\"Bienvenidos a nuestra sailing academy, hemos llevado nuestra pasi\u00f3n por la navegaci\u00f3n al siguiente nivel. Hemos dise\u00f1ado talleres de entrenamiento para ayudar a los navegantes reci\u00e9n titulados a ganar confianza en el mar y convertirse en patrones seguros y responsables.\" \/>\n<meta name=\"robots\" content=\"index, follow, max-snippet:-1, max-image-preview:large, max-video-preview:-1\" \/>\n<link rel=\"canonical\" href=\"https:\/\/alphazulu.es\/es\/sailing-academy\/\" \/>\n<meta property=\"og:locale\" content=\"es_ES\" \/>\n<meta property=\"og:type\" content=\"article\" \/>\n<meta property=\"og:title\" content=\"Sailing Academy - ALPHA ZULU\" \/>\n<meta property=\"og:description\" content=\"Bienvenidos a nuestra sailing academy, hemos llevado nuestra pasi\u00f3n por la navegaci\u00f3n al siguiente nivel. Hemos dise\u00f1ado talleres de entrenamiento para ayudar a los navegantes reci\u00e9n titulados a ganar confianza en el mar y convertirse en patrones seguros y responsables.\" \/>\n<meta property=\"og:url\" content=\"https:\/\/alphazulu.es\/es\/sailing-academy\/\" \/>\n<meta property=\"og:site_name\" content=\"ALPHA ZULU\" \/>\n<meta property=\"article:publisher\" content=\"https:\/\/www.facebook.com\/alphazulu.es\" \/>\n<meta property=\"article:modified_time\" content=\"2026-02-28T09:11:51+00:00\" \/>\n<meta property=\"og:image\" content=\"https:\/\/alphazulu.es\/wp-content\/uploads\/2025\/03\/featured-sailing-academy.jpg\" \/>\n\t<meta property=\"og:image:width\" content=\"500\" \/>\n\t<meta property=\"og:image:height\" content=\"500\" \/>\n\t<meta property=\"og:image:type\" content=\"image\/jpeg\" \/>\n<meta name=\"twitter:card\" content=\"summary_large_image\" \/>\n<meta name=\"twitter:label1\" content=\"Tiempo de lectura\" \/>\n\t<meta name=\"twitter:data1\" content=\"3 minutos\" \/>\n<script type=\"application\/ld+json\" class=\"yoast-schema-graph\">{\"@context\":\"https:\\\/\\\/schema.org\",\"@graph\":[{\"@type\":\"WebPage\",\"@id\":\"https:\\\/\\\/alphazulu.es\\\/es\\\/sailing-academy\\\/\",\"url\":\"https:\\\/\\\/alphazulu.es\\\/es\\\/sailing-academy\\\/\",\"name\":\"Sailing Academy - ALPHA ZULU\",\"isPartOf\":{\"@id\":\"https:\\\/\\\/alphazulu.es\\\/#website\"},\"primaryImageOfPage\":{\"@id\":\"https:\\\/\\\/alphazulu.es\\\/es\\\/sailing-academy\\\/#primaryimage\"},\"image\":{\"@id\":\"https:\\\/\\\/alphazulu.es\\\/es\\\/sailing-academy\\\/#primaryimage\"},\"thumbnailUrl\":\"https:\\\/\\\/alphazulu.es\\\/wp-content\\\/uploads\\\/2025\\\/03\\\/featured-sailing-academy.jpg\",\"datePublished\":\"2025-03-15T17:40:40+00:00\",\"dateModified\":\"2026-02-28T09:11:51+00:00\",\"description\":\"Bienvenidos a nuestra sailing academy, hemos llevado nuestra pasi\u00f3n por la navegaci\u00f3n al siguiente nivel. Hemos dise\u00f1ado talleres de entrenamiento para ayudar a los navegantes reci\u00e9n titulados a ganar confianza en el mar y convertirse en patrones seguros y responsables.\",\"breadcrumb\":{\"@id\":\"https:\\\/\\\/alphazulu.es\\\/es\\\/sailing-academy\\\/#breadcrumb\"},\"inLanguage\":\"es\",\"potentialAction\":[{\"@type\":\"ReadAction\",\"target\":[\"https:\\\/\\\/alphazulu.es\\\/es\\\/sailing-academy\\\/\"]}]},{\"@type\":\"ImageObject\",\"inLanguage\":\"es\",\"@id\":\"https:\\\/\\\/alphazulu.es\\\/es\\\/sailing-academy\\\/#primaryimage\",\"url\":\"https:\\\/\\\/alphazulu.es\\\/wp-content\\\/uploads\\\/2025\\\/03\\\/featured-sailing-academy.jpg\",\"contentUrl\":\"https:\\\/\\\/alphazulu.es\\\/wp-content\\\/uploads\\\/2025\\\/03\\\/featured-sailing-academy.jpg\",\"width\":500,\"height\":500,\"caption\":\"sailing academy\"},{\"@type\":\"BreadcrumbList\",\"@id\":\"https:\\\/\\\/alphazulu.es\\\/es\\\/sailing-academy\\\/#breadcrumb\",\"itemListElement\":[{\"@type\":\"ListItem\",\"position\":1,\"name\":\"Portada\",\"item\":\"https:\\\/\\\/alphazulu.es\\\/es\\\/\"},{\"@type\":\"ListItem\",\"position\":2,\"name\":\"Sailing Academy\"}]},{\"@type\":\"WebSite\",\"@id\":\"https:\\\/\\\/alphazulu.es\\\/#website\",\"url\":\"https:\\\/\\\/alphazulu.es\\\/\",\"name\":\"ALPHA ZULU\",\"description\":\"Sail, explore, repeat\",\"publisher\":{\"@id\":\"https:\\\/\\\/alphazulu.es\\\/#organization\"},\"potentialAction\":[{\"@type\":\"SearchAction\",\"target\":{\"@type\":\"EntryPoint\",\"urlTemplate\":\"https:\\\/\\\/alphazulu.es\\\/?s={search_term_string}\"},\"query-input\":{\"@type\":\"PropertyValueSpecification\",\"valueRequired\":true,\"valueName\":\"search_term_string\"}}],\"inLanguage\":\"es\"},{\"@type\":\"Organization\",\"@id\":\"https:\\\/\\\/alphazulu.es\\\/#organization\",\"name\":\"ALPHA ZULU\",\"url\":\"https:\\\/\\\/alphazulu.es\\\/\",\"logo\":{\"@type\":\"ImageObject\",\"inLanguage\":\"es\",\"@id\":\"https:\\\/\\\/alphazulu.es\\\/#\\\/schema\\\/logo\\\/image\\\/\",\"url\":\"https:\\\/\\\/alphazulu.es\\\/wp-content\\\/uploads\\\/2023\\\/04\\\/alphazulu-logo-color.png\",\"contentUrl\":\"https:\\\/\\\/alphazulu.es\\\/wp-content\\\/uploads\\\/2023\\\/04\\\/alphazulu-logo-color.png\",\"width\":800,\"height\":800,\"caption\":\"ALPHA ZULU\"},\"image\":{\"@id\":\"https:\\\/\\\/alphazulu.es\\\/#\\\/schema\\\/logo\\\/image\\\/\"},\"sameAs\":[\"https:\\\/\\\/www.facebook.com\\\/alphazulu.es\",\"https:\\\/\\\/www.instagram.com\\\/alphazulu.es\\\/\",\"https:\\\/\\\/www.youtube.com\\\/@alphazulu-es\",\"https:\\\/\\\/www.linkedin.com\\\/company\\\/alphazulu-es\\\/\"]}]}<\/script>\n<!-- \/ Yoast SEO plugin. -->","yoast_head_json":{"title":"Sailing Academy - ALPHA ZULU","description":"Bienvenidos a nuestra sailing academy, hemos llevado nuestra pasi\u00f3n por la navegaci\u00f3n al siguiente nivel. Hemos dise\u00f1ado talleres de entrenamiento para ayudar a los navegantes reci\u00e9n titulados a ganar confianza en el mar y convertirse en patrones seguros y responsables.","robots":{"index":"index","follow":"follow","max-snippet":"max-snippet:-1","max-image-preview":"max-image-preview:large","max-video-preview":"max-video-preview:-1"},"canonical":"https:\/\/alphazulu.es\/es\/sailing-academy\/","og_locale":"es_ES","og_type":"article","og_title":"Sailing Academy - ALPHA ZULU","og_description":"Bienvenidos a nuestra sailing academy, hemos llevado nuestra pasi\u00f3n por la navegaci\u00f3n al siguiente nivel. Hemos dise\u00f1ado talleres de entrenamiento para ayudar a los navegantes reci\u00e9n titulados a ganar confianza en el mar y convertirse en patrones seguros y responsables.","og_url":"https:\/\/alphazulu.es\/es\/sailing-academy\/","og_site_name":"ALPHA ZULU","article_publisher":"https:\/\/www.facebook.com\/alphazulu.es","article_modified_time":"2026-02-28T09:11:51+00:00","og_image":[{"width":500,"height":500,"url":"https:\/\/alphazulu.es\/wp-content\/uploads\/2025\/03\/featured-sailing-academy.jpg","type":"image\/jpeg"}],"twitter_card":"summary_large_image","twitter_misc":{"Tiempo de lectura":"3 minutos"},"schema":{"@context":"https:\/\/schema.org","@graph":[{"@type":"WebPage","@id":"https:\/\/alphazulu.es\/es\/sailing-academy\/","url":"https:\/\/alphazulu.es\/es\/sailing-academy\/","name":"Sailing Academy - ALPHA ZULU","isPartOf":{"@id":"https:\/\/alphazulu.es\/#website"},"primaryImageOfPage":{"@id":"https:\/\/alphazulu.es\/es\/sailing-academy\/#primaryimage"},"image":{"@id":"https:\/\/alphazulu.es\/es\/sailing-academy\/#primaryimage"},"thumbnailUrl":"https:\/\/alphazulu.es\/wp-content\/uploads\/2025\/03\/featured-sailing-academy.jpg","datePublished":"2025-03-15T17:40:40+00:00","dateModified":"2026-02-28T09:11:51+00:00","description":"Bienvenidos a nuestra sailing academy, hemos llevado nuestra pasi\u00f3n por la navegaci\u00f3n al siguiente nivel. Hemos dise\u00f1ado talleres de entrenamiento para ayudar a los navegantes reci\u00e9n titulados a ganar confianza en el mar y convertirse en patrones seguros y responsables.","breadcrumb":{"@id":"https:\/\/alphazulu.es\/es\/sailing-academy\/#breadcrumb"},"inLanguage":"es","potentialAction":[{"@type":"ReadAction","target":["https:\/\/alphazulu.es\/es\/sailing-academy\/"]}]},{"@type":"ImageObject","inLanguage":"es","@id":"https:\/\/alphazulu.es\/es\/sailing-academy\/#primaryimage","url":"https:\/\/alphazulu.es\/wp-content\/uploads\/2025\/03\/featured-sailing-academy.jpg","contentUrl":"https:\/\/alphazulu.es\/wp-content\/uploads\/2025\/03\/featured-sailing-academy.jpg","width":500,"height":500,"caption":"sailing academy"},{"@type":"BreadcrumbList","@id":"https:\/\/alphazulu.es\/es\/sailing-academy\/#breadcrumb","itemListElement":[{"@type":"ListItem","position":1,"name":"Portada","item":"https:\/\/alphazulu.es\/es\/"},{"@type":"ListItem","position":2,"name":"Sailing Academy"}]},{"@type":"WebSite","@id":"https:\/\/alphazulu.es\/#website","url":"https:\/\/alphazulu.es\/","name":"ALPHA ZULU","description":"Sail, explore, repeat","publisher":{"@id":"https:\/\/alphazulu.es\/#organization"},"potentialAction":[{"@type":"SearchAction","target":{"@type":"EntryPoint","urlTemplate":"https:\/\/alphazulu.es\/?s={search_term_string}"},"query-input":{"@type":"PropertyValueSpecification","valueRequired":true,"valueName":"search_term_string"}}],"inLanguage":"es"},{"@type":"Organization","@id":"https:\/\/alphazulu.es\/#organization","name":"ALPHA ZULU","url":"https:\/\/alphazulu.es\/","logo":{"@type":"ImageObject","inLanguage":"es","@id":"https:\/\/alphazulu.es\/#\/schema\/logo\/image\/","url":"https:\/\/alphazulu.es\/wp-content\/uploads\/2023\/04\/alphazulu-logo-color.png","contentUrl":"https:\/\/alphazulu.es\/wp-content\/uploads\/2023\/04\/alphazulu-logo-color.png","width":800,"height":800,"caption":"ALPHA ZULU"},"image":{"@id":"https:\/\/alphazulu.es\/#\/schema\/logo\/image\/"},"sameAs":["https:\/\/www.facebook.com\/alphazulu.es","https:\/\/www.instagram.com\/alphazulu.es\/","https:\/\/www.youtube.com\/@alphazulu-es","https:\/\/www.linkedin.com\/company\/alphazulu-es\/"]}]}},"_links":{"self":[{"href":"https:\/\/alphazulu.es\/es\/wp-json\/wp\/v2\/pages\/10706","targetHints":{"allow":["GET"]}}],"collection":[{"href":"https:\/\/alphazulu.es\/es\/wp-json\/wp\/v2\/pages"}],"about":[{"href":"https:\/\/alphazulu.es\/es\/wp-json\/wp\/v2\/types\/page"}],"author":[{"embeddable":true,"href":"https:\/\/alphazulu.es\/es\/wp-json\/wp\/v2\/users\/5"}],"replies":[{"embeddable":true,"href":"https:\/\/alphazulu.es\/es\/wp-json\/wp\/v2\/comments?post=10706"}],"version-history":[{"count":22,"href":"https:\/\/alphazulu.es\/es\/wp-json\/wp\/v2\/pages\/10706\/revisions"}],"predecessor-version":[{"id":12083,"href":"https:\/\/alphazulu.es\/es\/wp-json\/wp\/v2\/pages\/10706\/revisions\/12083"}],"wp:featuredmedia":[{"embeddable":true,"href":"https:\/\/alphazulu.es\/es\/wp-json\/wp\/v2\/media\/10704"}],"wp:attachment":[{"href":"https:\/\/alphazulu.es\/es\/wp-json\/wp\/v2\/media?parent=10706"}],"curies":[{"name":"wp","href":"https:\/\/api.w.org\/{rel}","templated":true}]}}